{"id":3758,"date":"2021-07-10T17:09:23","date_gmt":"2021-07-10T14:09:23","guid":{"rendered":"https:\/\/itexpert.top\/inicio"},"modified":"2026-04-03T16:14:07","modified_gmt":"2026-04-03T13:14:07","slug":"inicio","status":"publish","type":"page","link":"https:\/\/itexpert.top\/es","title":{"rendered":"Inicio"},"content":{"rendered":"\t\t<div data-elementor-type=\"wp-page\" data-elementor-id=\"3758\" class=\"elementor elementor-3758 elementor-8\" data-elementor-post-type=\"page\">\n\t\t\t\t<div class=\"elementor-element elementor-element-f151b81 e-flex e-con-boxed e-con e-parent\" data-id=\"f151b81\" data-element_type=\"container\">\n\t\t\t\t\t<div class=\"e-con-inner\">\n\t\t\t\t<div class=\"elementor-element elementor-element-13acb74 elementor-invisible elementor-widget elementor-widget-heading\" data-id=\"13acb74\" data-element_type=\"widget\" data-settings=\"{&quot;_animation&quot;:&quot;fadeIn&quot;}\" data-widget_type=\"heading.default\">\n\t\t\t\t<div class=\"elementor-widget-container\">\n\t\t\t\t\t<h4 class=\"elementor-heading-title elementor-size-default\">Soporte inform\u00e1tico integral para empresas<\/h4>\t\t\t\t<\/div>\n\t\t\t\t<\/div>\n\t\t\t\t\t<\/div>\n\t\t\t\t<\/div>\n\t\t<div class=\"elementor-element elementor-element-f300e14 e-flex e-con-boxed e-con e-parent\" data-id=\"f300e14\" data-element_type=\"container\">\n\t\t\t\t\t<div class=\"e-con-inner\">\n\t\t<div class=\"elementor-element elementor-element-48c4870 e-con-full e-flex e-con e-child\" data-id=\"48c4870\" data-element_type=\"container\">\n\t\t\t\t<div class=\"elementor-element elementor-element-35def3c elementor-widget elementor-widget-text-editor\" data-id=\"35def3c\" data-element_type=\"widget\" data-widget_type=\"text-editor.default\">\n\t\t\t\t<div class=\"elementor-widget-container\">\n\t\t\t\t\t\t\t\t\t<h4 style=\"text-align: center;\"><a href=\"https:\/\/itexpert.top\/es\/externalizacion-informatica\">Empresas de externalizaci\u00f3n inform\u00e1tica<\/a><\/h4>\t\t\t\t\t\t\t\t<\/div>\n\t\t\t\t<\/div>\n\t\t\t\t<div class=\"elementor-element elementor-element-d3084de elementor-widget elementor-widget-image\" data-id=\"d3084de\" data-element_type=\"widget\" data-widget_type=\"image.default\">\n\t\t\t\t<div class=\"elementor-widget-container\">\n\t\t\t\t\t\t\t\t\t\t\t\t\t\t\t\t<a href=\"https:\/\/itexpert.top\/es\/externalizacion-informatica\">\n\t\t\t\t\t\t\t<img fetchpriority=\"high\" decoding=\"async\" width=\"328\" height=\"254\" src=\"https:\/\/i0.wp.com\/itexpert.top\/wp-content\/uploads\/2026\/04\/IT-Outsourcing-1.jpg?fit=328%2C254&amp;ssl=1\" class=\"attachment-medium size-medium wp-image-13364\" alt=\"IT Outsourcing\" \/>\t\t\t\t\t\t\t\t<\/a>\n\t\t\t\t\t\t\t\t\t\t\t\t\t\t\t<\/div>\n\t\t\t\t<\/div>\n\t\t\t\t<\/div>\n\t\t<div class=\"elementor-element elementor-element-d876299 e-con-full e-flex e-con e-child\" data-id=\"d876299\" data-element_type=\"container\">\n\t\t\t\t<div class=\"elementor-element elementor-element-8f6001d elementor-widget elementor-widget-text-editor\" data-id=\"8f6001d\" data-element_type=\"widget\" data-widget_type=\"text-editor.default\">\n\t\t\t\t<div class=\"elementor-widget-container\">\n\t\t\t\t\t\t\t\t\t<h4 style=\"text-align: center;\"><a href=\"https:\/\/itexpert.top\/es\/administracion-de-servidores-fisicos-y-virtuales\">Administraci\u00f3n del servidor<\/a><\/h4>\t\t\t\t\t\t\t\t<\/div>\n\t\t\t\t<\/div>\n\t\t\t\t<div class=\"elementor-element elementor-element-5fc9a09 elementor-widget elementor-widget-image\" data-id=\"5fc9a09\" data-element_type=\"widget\" data-widget_type=\"image.default\">\n\t\t\t\t<div class=\"elementor-widget-container\">\n\t\t\t\t\t\t\t\t\t\t\t\t\t\t\t\t<a href=\"https:\/\/itexpert.top\/es\/administracion-de-servidores-fisicos-y-virtuales\">\n\t\t\t\t\t\t\t<img decoding=\"async\" width=\"265\" height=\"222\" src=\"https:\/\/i0.wp.com\/itexpert.top\/wp-content\/uploads\/2026\/04\/Server-administration-for-Busine.jpg?fit=265%2C222&amp;ssl=1\" class=\"attachment-medium size-medium wp-image-13346\" alt=\"Server administration for Busine\" \/>\t\t\t\t\t\t\t\t<\/a>\n\t\t\t\t\t\t\t\t\t\t\t\t\t\t\t<\/div>\n\t\t\t\t<\/div>\n\t\t\t\t<\/div>\n\t\t<div class=\"elementor-element elementor-element-b24843c e-con-full e-flex e-con e-child\" data-id=\"b24843c\" data-element_type=\"container\">\n\t\t\t\t<div class=\"elementor-element elementor-element-15120cb elementor-widget elementor-widget-text-editor\" data-id=\"15120cb\" data-element_type=\"widget\" data-widget_type=\"text-editor.default\">\n\t\t\t\t<div class=\"elementor-widget-container\">\n\t\t\t\t\t\t\t\t\t<h4 style=\"text-align: center;\"><a href=\"https:\/\/itexpert.top\/es\/proteccion-de-datos-criticos-de-la-empresa\">Proteger los datos cr\u00edticos<\/a><\/h4>\t\t\t\t\t\t\t\t<\/div>\n\t\t\t\t<\/div>\n\t\t\t\t<div class=\"elementor-element elementor-element-78a0b4d elementor-widget elementor-widget-image\" data-id=\"78a0b4d\" data-element_type=\"widget\" data-widget_type=\"image.default\">\n\t\t\t\t<div class=\"elementor-widget-container\">\n\t\t\t\t\t\t\t\t\t\t\t\t\t\t\t\t<a href=\"https:\/\/itexpert.top\/es\/proteccion-de-datos-criticos-de-la-empresa\">\n\t\t\t\t\t\t\t<img decoding=\"async\" width=\"301\" height=\"217\" src=\"https:\/\/i0.wp.com\/itexpert.top\/wp-content\/uploads\/2026\/04\/Data-Protection-for-Busine.jpg?fit=301%2C217&amp;ssl=1\" class=\"attachment-medium size-medium wp-image-13351\" alt=\"Data Protection for Busine\" \/>\t\t\t\t\t\t\t\t<\/a>\n\t\t\t\t\t\t\t\t\t\t\t\t\t\t\t<\/div>\n\t\t\t\t<\/div>\n\t\t\t\t<\/div>\n\t\t<div class=\"elementor-element elementor-element-e71ca5e e-con-full e-flex e-con e-child\" data-id=\"e71ca5e\" data-element_type=\"container\">\n\t\t\t\t<div class=\"elementor-element elementor-element-bf62a89 elementor-widget elementor-widget-text-editor\" data-id=\"bf62a89\" data-element_type=\"widget\" data-widget_type=\"text-editor.default\">\n\t\t\t\t<div class=\"elementor-widget-container\">\n\t\t\t\t\t\t\t\t\t<h4 style=\"text-align: center;\"><a href=\"https:\/\/itexpert.top\/es\/seguridad-antivirus-para-computadoras-y-servidores\">Seguridad antivirus de la empresa<\/a><\/h4>\t\t\t\t\t\t\t\t<\/div>\n\t\t\t\t<\/div>\n\t\t\t\t<div class=\"elementor-element elementor-element-52c4f88 elementor-widget elementor-widget-image\" data-id=\"52c4f88\" data-element_type=\"widget\" data-widget_type=\"image.default\">\n\t\t\t\t<div class=\"elementor-widget-container\">\n\t\t\t\t\t\t\t\t\t\t\t\t\t\t\t\t<a href=\"https:\/\/itexpert.top\/es\/seguridad-antivirus-para-computadoras-y-servidores\">\n\t\t\t\t\t\t\t<img loading=\"lazy\" decoding=\"async\" width=\"308\" height=\"236\" src=\"https:\/\/i0.wp.com\/itexpert.top\/wp-content\/uploads\/2026\/04\/Anti-virus-security-of-the-comp.jpg?fit=308%2C236&amp;ssl=1\" class=\"attachment-medium size-medium wp-image-13356\" alt=\"Anti virus security of the comp\" \/>\t\t\t\t\t\t\t\t<\/a>\n\t\t\t\t\t\t\t\t\t\t\t\t\t\t\t<\/div>\n\t\t\t\t<\/div>\n\t\t\t\t<\/div>\n\t\t\t\t\t<\/div>\n\t\t\t\t<\/div>\n\t\t<div class=\"elementor-element elementor-element-e8e7686 e-flex e-con-boxed e-con e-parent\" data-id=\"e8e7686\" data-element_type=\"container\">\n\t\t\t\t\t<div class=\"e-con-inner\">\n\t\t<div class=\"elementor-element elementor-element-47ef330 e-con-full e-flex e-con e-child\" data-id=\"47ef330\" data-element_type=\"container\">\n\t\t\t\t<div class=\"elementor-element elementor-element-e401692 elementor-widget elementor-widget-text-editor\" data-id=\"e401692\" data-element_type=\"widget\" data-widget_type=\"text-editor.default\">\n\t\t\t\t<div class=\"elementor-widget-container\">\n\t\t\t\t\t\t\t\t\t<h4 style=\"text-align: center;\"><a href=\"https:\/\/itexpert.top\/es\/seleccion-de-servidor-virtual-o-local\">Selecci\u00f3n de un servidor virtual o f\u00edsico<\/a><\/h4>\t\t\t\t\t\t\t\t<\/div>\n\t\t\t\t<\/div>\n\t\t\t\t<div class=\"elementor-element elementor-element-73880ee elementor-widget elementor-widget-image\" data-id=\"73880ee\" data-element_type=\"widget\" data-widget_type=\"image.default\">\n\t\t\t\t<div class=\"elementor-widget-container\">\n\t\t\t\t\t\t\t\t\t\t\t\t\t\t\t\t<a href=\"https:\/\/itexpert.top\/es\/seleccion-de-servidor-virtual-o-local\">\n\t\t\t\t\t\t\t<img loading=\"lazy\" decoding=\"async\" width=\"302\" height=\"228\" src=\"https:\/\/i0.wp.com\/itexpert.top\/wp-content\/uploads\/2026\/04\/Choose-a-Server-Virtual-or-Phy.jpg?fit=302%2C228&amp;ssl=1\" class=\"attachment-medium size-medium wp-image-13373\" alt=\"Choose a Server Virtual or Phy\" \/>\t\t\t\t\t\t\t\t<\/a>\n\t\t\t\t\t\t\t\t\t\t\t\t\t\t\t<\/div>\n\t\t\t\t<\/div>\n\t\t\t\t<\/div>\n\t\t<div class=\"elementor-element elementor-element-e62dd9b e-con-full e-flex e-con e-child\" data-id=\"e62dd9b\" data-element_type=\"container\">\n\t\t\t\t<div class=\"elementor-element elementor-element-84e7e5e elementor-widget elementor-widget-text-editor\" data-id=\"84e7e5e\" data-element_type=\"widget\" data-widget_type=\"text-editor.default\">\n\t\t\t\t<div class=\"elementor-widget-container\">\n\t\t\t\t\t\t\t\t\t<h4 style=\"text-align: center;\"><a href=\"https:\/\/itexpert.top\/es\/internet-de-respaldo-para-oficina-o-hogar\">Internet de reserva para la oficina y el hogar<br \/><\/a><\/h4>\t\t\t\t\t\t\t\t<\/div>\n\t\t\t\t<\/div>\n\t\t\t\t<div class=\"elementor-element elementor-element-e1a8271 elementor-widget elementor-widget-image\" data-id=\"e1a8271\" data-element_type=\"widget\" data-widget_type=\"image.default\">\n\t\t\t\t<div class=\"elementor-widget-container\">\n\t\t\t\t\t\t\t\t\t\t\t\t\t\t\t\t<a href=\"https:\/\/itexpert.top\/es\/internet-de-respaldo-para-oficina-o-hogar\">\n\t\t\t\t\t\t\t<img loading=\"lazy\" decoding=\"async\" width=\"273\" height=\"263\" src=\"https:\/\/i0.wp.com\/itexpert.top\/wp-content\/uploads\/2026\/04\/Backup-Internet-for-Office-and-Hom.jpg?fit=273%2C263&amp;ssl=1\" class=\"attachment-medium size-medium wp-image-13378\" alt=\"Backup Internet for Office and Hom\" \/>\t\t\t\t\t\t\t\t<\/a>\n\t\t\t\t\t\t\t\t\t\t\t\t\t\t\t<\/div>\n\t\t\t\t<\/div>\n\t\t\t\t<\/div>\n\t\t<div class=\"elementor-element elementor-element-f19fae6 e-con-full e-flex e-con e-child\" data-id=\"f19fae6\" data-element_type=\"container\">\n\t\t\t\t<div class=\"elementor-element elementor-element-3536785 elementor-widget elementor-widget-text-editor\" data-id=\"3536785\" data-element_type=\"widget\" data-widget_type=\"text-editor.default\">\n\t\t\t\t<div class=\"elementor-widget-container\">\n\t\t\t\t\t\t\t\t\t<h4 style=\"text-align: center;\"><a href=\"https:\/\/itexpert.top\/es\/proteccion-de-cuentas-de-usuario-en-sistemas-corporativos\">Seguridad de la cuenta<\/a><\/h4>\t\t\t\t\t\t\t\t<\/div>\n\t\t\t\t<\/div>\n\t\t\t\t<div class=\"elementor-element elementor-element-6153d50 elementor-widget elementor-widget-image\" data-id=\"6153d50\" data-element_type=\"widget\" data-widget_type=\"image.default\">\n\t\t\t\t<div class=\"elementor-widget-container\">\n\t\t\t\t\t\t\t\t\t\t\t\t\t\t\t\t<a href=\"https:\/\/itexpert.top\/es\/proteccion-de-cuentas-de-usuario-en-sistemas-corporativos\">\n\t\t\t\t\t\t\t<img loading=\"lazy\" decoding=\"async\" width=\"201\" height=\"195\" src=\"https:\/\/i0.wp.com\/itexpert.top\/wp-content\/uploads\/2026\/04\/accaunt-prot.jpg?fit=201%2C195&amp;ssl=1\" class=\"attachment-medium size-medium wp-image-13383\" alt=\"Accaunt prot\" \/>\t\t\t\t\t\t\t\t<\/a>\n\t\t\t\t\t\t\t\t\t\t\t\t\t\t\t<\/div>\n\t\t\t\t<\/div>\n\t\t\t\t<\/div>\n\t\t<div class=\"elementor-element elementor-element-34eb83c e-con-full e-flex e-con e-child\" data-id=\"34eb83c\" data-element_type=\"container\">\n\t\t\t\t<div class=\"elementor-element elementor-element-65f109d elementor-widget elementor-widget-text-editor\" data-id=\"65f109d\" data-element_type=\"widget\" data-widget_type=\"text-editor.default\">\n\t\t\t\t<div class=\"elementor-widget-container\">\n\t\t\t\t\t\t\t\t\t<h4 style=\"text-align: center;\"><a href=\"https:\/\/itexpert.top\/es\/uruchomienie-biura-od-podstaw\">Poner en marcha una oficina de empresa desde cero<\/a><\/h4>\t\t\t\t\t\t\t\t<\/div>\n\t\t\t\t<\/div>\n\t\t\t\t<div class=\"elementor-element elementor-element-687710e elementor-widget elementor-widget-image\" data-id=\"687710e\" data-element_type=\"widget\" data-widget_type=\"image.default\">\n\t\t\t\t<div class=\"elementor-widget-container\">\n\t\t\t\t\t\t\t\t\t\t\t\t\t\t\t\t<a href=\"https:\/\/itexpert.top\/es\/uruchomienie-biura-od-podstaw\">\n\t\t\t\t\t\t\t<img loading=\"lazy\" decoding=\"async\" width=\"237\" height=\"231\" src=\"https:\/\/i0.wp.com\/itexpert.top\/wp-content\/uploads\/2026\/04\/start-office.jpg?fit=237%2C231&amp;ssl=1\" class=\"attachment-medium size-medium wp-image-13388\" alt=\"Start office\" \/>\t\t\t\t\t\t\t\t<\/a>\n\t\t\t\t\t\t\t\t\t\t\t\t\t\t\t<\/div>\n\t\t\t\t<\/div>\n\t\t\t\t<\/div>\n\t\t\t\t\t<\/div>\n\t\t\t\t<\/div>\n\t\t\t\t<section class=\"elementor-section elementor-top-section elementor-element elementor-element-4a153df elementor-section-boxed elementor-section-height-default elementor-section-height-default\" data-id=\"4a153df\" data-element_type=\"section\">\n\t\t\t\t\t\t<div class=\"elementor-container elementor-column-gap-default\">\n\t\t\t\t\t<div class=\"elementor-column elementor-col-100 elementor-top-column elementor-element elementor-element-6731538\" data-id=\"6731538\" data-element_type=\"column\">\n\t\t\t<div class=\"elementor-widget-wrap elementor-element-populated\">\n\t\t\t\t\t\t<div class=\"elementor-element elementor-element-501ba86 elementor-invisible elementor-widget elementor-widget-heading\" data-id=\"501ba86\" data-element_type=\"widget\" data-settings=\"{&quot;_animation&quot;:&quot;fadeIn&quot;}\" data-widget_type=\"heading.default\">\n\t\t\t\t<div class=\"elementor-widget-container\">\n\t\t\t\t\t<h4 class=\"elementor-heading-title elementor-size-default\">Comentarios de los clientes<\/h4>\t\t\t\t<\/div>\n\t\t\t\t<\/div>\n\t\t\t\t\t<\/div>\n\t\t<\/div>\n\t\t\t\t\t<\/div>\n\t\t<\/section>\n\t\t<div class=\"elementor-element elementor-element-549f371 e-flex e-con-boxed e-con e-parent\" data-id=\"549f371\" data-element_type=\"container\">\n\t\t\t\t\t<div class=\"e-con-inner\">\n\t\t<div class=\"elementor-element elementor-element-0a8faef e-con-full e-flex e-con e-child\" data-id=\"0a8faef\" data-element_type=\"container\">\n\t\t\t\t<div class=\"elementor-element elementor-element-c537fe1 elementor-widget elementor-widget-image\" data-id=\"c537fe1\" data-element_type=\"widget\" data-widget_type=\"image.default\">\n\t\t\t\t<div class=\"elementor-widget-container\">\n\t\t\t\t\t\t\t\t\t\t\t\t\t\t\t<img loading=\"lazy\" decoding=\"async\" width=\"500\" height=\"91\" src=\"https:\/\/i0.wp.com\/itexpert.top\/wp-content\/uploads\/2023\/06\/vydguk_1.png?fit=500%2C91&amp;ssl=1\" class=\"attachment-large size-large wp-image-3039\" alt=\"vydguk_1\" srcset=\"https:\/\/i0.wp.com\/itexpert.top\/wp-content\/uploads\/2023\/06\/vydguk_1.png?w=850&amp;ssl=1 850w, https:\/\/i0.wp.com\/itexpert.top\/wp-content\/uploads\/2023\/06\/vydguk_1.png?resize=300%2C55&amp;ssl=1 300w, https:\/\/i0.wp.com\/itexpert.top\/wp-content\/uploads\/2023\/06\/vydguk_1.png?resize=768%2C140&amp;ssl=1 768w, https:\/\/i0.wp.com\/itexpert.top\/wp-content\/uploads\/2023\/06\/vydguk_1.png?resize=329%2C60&amp;ssl=1 329w, https:\/\/i0.wp.com\/itexpert.top\/wp-content\/uploads\/2023\/06\/vydguk_1.png?resize=840%2C155&amp;ssl=1 840w\" sizes=\"(max-width: 500px) 100vw, 500px\" \/>\t\t\t\t\t\t\t\t\t\t\t\t\t\t\t<\/div>\n\t\t\t\t<\/div>\n\t\t\t\t<\/div>\n\t\t<div class=\"elementor-element elementor-element-f29ad55 e-con-full e-flex e-con e-child\" data-id=\"f29ad55\" data-element_type=\"container\">\n\t\t\t\t<div class=\"elementor-element elementor-element-2eca2ef elementor-widget elementor-widget-image\" data-id=\"2eca2ef\" data-element_type=\"widget\" data-widget_type=\"image.default\">\n\t\t\t\t<div class=\"elementor-widget-container\">\n\t\t\t\t\t\t\t\t\t\t\t\t\t\t\t<img loading=\"lazy\" decoding=\"async\" width=\"500\" height=\"88\" src=\"https:\/\/i0.wp.com\/itexpert.top\/wp-content\/uploads\/2023\/06\/vydguk_2.png?fit=500%2C88&amp;ssl=1\" class=\"attachment-large size-large wp-image-3027\" alt=\"vydguk_2\" srcset=\"https:\/\/i0.wp.com\/itexpert.top\/wp-content\/uploads\/2023\/06\/vydguk_2.png?w=818&amp;ssl=1 818w, https:\/\/i0.wp.com\/itexpert.top\/wp-content\/uploads\/2023\/06\/vydguk_2.png?resize=300%2C53&amp;ssl=1 300w, https:\/\/i0.wp.com\/itexpert.top\/wp-content\/uploads\/2023\/06\/vydguk_2.png?resize=768%2C135&amp;ssl=1 768w, https:\/\/i0.wp.com\/itexpert.top\/wp-content\/uploads\/2023\/06\/vydguk_2.png?resize=341%2C60&amp;ssl=1 341w\" sizes=\"(max-width: 500px) 100vw, 500px\" \/>\t\t\t\t\t\t\t\t\t\t\t\t\t\t\t<\/div>\n\t\t\t\t<\/div>\n\t\t\t\t<\/div>\n\t\t<div class=\"elementor-element elementor-element-cec6f26 e-con-full e-flex e-con e-child\" data-id=\"cec6f26\" data-element_type=\"container\">\n\t\t\t\t<div class=\"elementor-element elementor-element-f0dfcef elementor-widget elementor-widget-image\" data-id=\"f0dfcef\" data-element_type=\"widget\" data-widget_type=\"image.default\">\n\t\t\t\t<div class=\"elementor-widget-container\">\n\t\t\t\t\t\t\t\t\t\t\t\t\t\t\t<img loading=\"lazy\" decoding=\"async\" width=\"500\" height=\"117\" src=\"https:\/\/i0.wp.com\/itexpert.top\/wp-content\/uploads\/2023\/06\/vydguk_3.png?fit=500%2C117&amp;ssl=1\" class=\"attachment-large size-large wp-image-3033\" alt=\"vydguk_3\" srcset=\"https:\/\/i0.wp.com\/itexpert.top\/wp-content\/uploads\/2023\/06\/vydguk_3.png?w=769&amp;ssl=1 769w, https:\/\/i0.wp.com\/itexpert.top\/wp-content\/uploads\/2023\/06\/vydguk_3.png?resize=300%2C70&amp;ssl=1 300w, https:\/\/i0.wp.com\/itexpert.top\/wp-content\/uploads\/2023\/06\/vydguk_3.png?resize=256%2C60&amp;ssl=1 256w\" sizes=\"(max-width: 500px) 100vw, 500px\" \/>\t\t\t\t\t\t\t\t\t\t\t\t\t\t\t<\/div>\n\t\t\t\t<\/div>\n\t\t\t\t<\/div>\n\t\t\t\t\t<\/div>\n\t\t\t\t<\/div>\n\t\t\t\t<section class=\"elementor-section elementor-top-section elementor-element elementor-element-cf62cbc elementor-section-boxed elementor-section-height-default elementor-section-height-default\" data-id=\"cf62cbc\" data-element_type=\"section\">\n\t\t\t\t\t\t<div class=\"elementor-container elementor-column-gap-default\">\n\t\t\t\t\t<div class=\"elementor-column elementor-col-100 elementor-top-column elementor-element elementor-element-06dc1f6\" data-id=\"06dc1f6\" data-element_type=\"column\">\n\t\t\t<div class=\"elementor-widget-wrap elementor-element-populated\">\n\t\t\t\t\t\t<div class=\"elementor-element elementor-element-6d79af4 elementor-align-center elementor-widget elementor-widget-button\" data-id=\"6d79af4\" data-element_type=\"widget\" data-widget_type=\"button.default\">\n\t\t\t\t<div class=\"elementor-widget-container\">\n\t\t\t\t\t\t\t\t\t<div class=\"elementor-button-wrapper\">\n\t\t\t\t\t<a class=\"elementor-button elementor-button-link elementor-size-sm\" href=\"https:\/\/itexpert.top\/vidhuky\">\n\t\t\t\t\t\t<span class=\"elementor-button-content-wrapper\">\n\t\t\t\t\t\t\t\t\t<span class=\"elementor-button-text\">M\u00e1s opiniones<\/span>\n\t\t\t\t\t<\/span>\n\t\t\t\t\t<\/a>\n\t\t\t\t<\/div>\n\t\t\t\t\t\t\t\t<\/div>\n\t\t\t\t<\/div>\n\t\t\t\t\t<\/div>\n\t\t<\/div>\n\t\t\t\t\t<\/div>\n\t\t<\/section>\n\t\t\t\t<\/div>\n\t\t","protected":false},"excerpt":{"rendered":"<p>Soporte inform\u00e1tico integral para empresas Empresas de externalizaci\u00f3n inform\u00e1tica Administraci\u00f3n del servidor Proteger los datos cr\u00edticos Seguridad antivirus de la empresa Selecci\u00f3n de un servidor virtual o f\u00edsico Internet de reserva para la oficina y el hogar Seguridad de la &hellip; <\/p>\n","protected":false},"author":1,"featured_media":0,"parent":0,"menu_order":0,"comment_status":"closed","ping_status":"closed","template":"elementor_header_footer","meta":{"slim_seo":{"title":"Soporte inform\u00e1tico integral para empresas","description":"Lib\u00e9rese de preocuparse por la infraestructura inform\u00e1tica de su empresa con nuestro completo soporte inform\u00e1tico. Nuestros expertos garantizar\u00e1n el funcionamiento fiable y eficaz de su red inform\u00e1tica, la seguridad de los datos y el buen funcionamiento de su software. Conc\u00e9ntrese en sus objetivos empresariales confi\u00e1ndonos su infraestructura inform\u00e1tica."},"footnotes":""},"class_list":["post-3758","page","type-page","status-publish","hentry"],"_links":{"self":[{"href":"https:\/\/itexpert.top\/es\/wp-json\/wp\/v2\/pages\/3758","targetHints":{"allow":["GET"]}}],"collection":[{"href":"https:\/\/itexpert.top\/es\/wp-json\/wp\/v2\/pages"}],"about":[{"href":"https:\/\/itexpert.top\/es\/wp-json\/wp\/v2\/types\/page"}],"author":[{"embeddable":true,"href":"https:\/\/itexpert.top\/es\/wp-json\/wp\/v2\/users\/1"}],"replies":[{"embeddable":true,"href":"https:\/\/itexpert.top\/es\/wp-json\/wp\/v2\/comments?post=3758"}],"version-history":[{"count":34,"href":"https:\/\/itexpert.top\/es\/wp-json\/wp\/v2\/pages\/3758\/revisions"}],"predecessor-version":[{"id":13438,"href":"https:\/\/itexpert.top\/es\/wp-json\/wp\/v2\/pages\/3758\/revisions\/13438"}],"wp:attachment":[{"href":"https:\/\/itexpert.top\/es\/wp-json\/wp\/v2\/media?parent=3758"}],"curies":[{"name":"wp","href":"https:\/\/api.w.org\/{rel}","templated":true}]}}