{"id":7034,"date":"2023-06-26T14:53:22","date_gmt":"2023-06-26T11:53:22","guid":{"rendered":"https:\/\/itexpert.top\/?page_id=7034"},"modified":"2024-08-19T12:35:58","modified_gmt":"2024-08-19T09:35:58","slug":"tarjeta-de-video","status":"publish","type":"page","link":"https:\/\/itexpert.top\/es\/blog-de-informatica\/tarjeta-de-video","title":{"rendered":"Tarjeta de v\u00eddeo"},"content":{"rendered":"\t\t<div data-elementor-type=\"wp-page\" data-elementor-id=\"7034\" class=\"elementor elementor-7034 elementor-3978\" data-elementor-post-type=\"page\">\n\t\t\t\t<div class=\"elementor-element elementor-element-52e7334 e-flex e-con-boxed e-con e-parent\" data-id=\"52e7334\" data-element_type=\"container\">\n\t\t\t\t\t<div class=\"e-con-inner\">\n\t\t\t\t<div class=\"elementor-element elementor-element-aaf5c13 elementor-widget elementor-widget-heading\" data-id=\"aaf5c13\" data-element_type=\"widget\" data-widget_type=\"heading.default\">\n\t\t\t\t<div class=\"elementor-widget-container\">\n\t\t\t\t\t<h4 class=\"elementor-heading-title elementor-size-default\">Tarjeta de v\u00eddeo<\/h4>\t\t\t\t<\/div>\n\t\t\t\t<\/div>\n\t\t\t\t\t<\/div>\n\t\t\t\t<\/div>\n\t\t<div class=\"elementor-element elementor-element-591a74e e-flex e-con-boxed e-con e-parent\" data-id=\"591a74e\" data-element_type=\"container\">\n\t\t\t\t\t<div class=\"e-con-inner\">\n\t\t\t\t<div class=\"elementor-element elementor-element-875472b premium-blog-align-left elementor-widget elementor-widget-premium-addon-blog\" data-id=\"875472b\" data-element_type=\"widget\" data-settings=\"{&quot;premium_blog_grid&quot;:&quot;yes&quot;,&quot;premium_blog_layout&quot;:&quot;even&quot;,&quot;premium_blog_columns_number&quot;:&quot;50%&quot;,&quot;premium_blog_columns_number_tablet&quot;:&quot;50%&quot;,&quot;premium_blog_columns_number_mobile&quot;:&quot;100%&quot;}\" data-widget_type=\"premium-addon-blog.default\">\n\t\t\t\t<div class=\"elementor-widget-container\">\n\t\t\t\t\t\r\n\t\t\t\t<div class=\"premium-blog-wrap  premium-blog-even\" data-page=\"7034\">\r\n\t\t\t\t\t<div class=\"premium-blog-post-outer-container\" data-total=\"1\">\r\n\t\t\t<div class=\"premium-blog-post-container premium-blog-skin-classic\">\r\n\t\t\t\t\t\t\t\t\t\t\t\t<div class=\"premium-blog-content-wrapper empty-thumb\">\r\n\r\n\t\t\t\t\t<div class=\"premium-blog-inner-container\">\r\n\r\n\t\t\t\t\t\t\t\t\t\t\t\t\t\t<h2 class=\"premium-blog-entry-title\">\r\n\t\t\t<a href=\"https:\/\/itexpert.top\/es\/elegir-un-portatil-para-minecraft-terraria-among-us-y-undertale.html\" target=\"_blank\">\r\n\t\t\t\tElegir un port\u00e1til para Minecraft, Terraria, Among Us y Undertale\t\t\t<\/a>\r\n\t\t<\/h2>\r\n\t\t\t\t<div class=\"premium-blog-entry-meta\">\r\n\t\t\t\t\t\t\t<div class=\"premium-blog-post-author premium-blog-meta-data\">\r\n\t\t\t\t\t<i class=\"fa fa-user fa-fw\" aria-hidden=\"true\"><\/i>\r\n\t\t\t\t\t<a href=\"https:\/\/itexpert.top\/es\/author\/itexpert\" title=\"Entradas de itexpert\" rel=\"author\">itexpert<\/a>\t\t\t\t<\/div>\r\n\t\t\t\r\n\t\t\t\t\t\t\t<span class=\"premium-blog-meta-separator\">\u2022<\/span>\r\n\t\t\t\t<div class=\"premium-blog-post-time premium-blog-meta-data\">\r\n\t\t\t\t\t<i class=\"fa fa-calendar-alt\" aria-hidden=\"true\"><\/i>\r\n\t\t\t\t\t<span>19 de agosto de 2024<\/span>\r\n\t\t\t\t<\/div>\r\n\t\t\t\r\n\t\t\t\t\t\t\t<span class=\"premium-blog-meta-separator\">\u2022<\/span>\r\n\t\t\t\t<div class=\"premium-blog-post-categories premium-blog-meta-data\">\r\n\t\t\t\t\t<i class=\"fa fa-align-left fa-fw\" aria-hidden=\"true\"><\/i>\r\n\t\t\t\t\t<a href=\"https:\/\/itexpert.top\/es\/category\/it-blog-es\/disco-duro\" rel=\"category tag\">Disco duro<\/a>, <a href=\"https:\/\/itexpert.top\/es\/category\/it-blog-es\/ram-es\" rel=\"category tag\">MEMORIA RAM<\/a>, <a href=\"https:\/\/itexpert.top\/es\/category\/it-blog-es\/portatil\" rel=\"category tag\">Port\u00e1til<\/a>, <a href=\"https:\/\/itexpert.top\/es\/category\/it-blog-es\/tarjeta-de-video\" rel=\"category tag\">Tarjeta de v\u00eddeo<\/a>\t\t\t\t<\/div>\r\n\t\t\t\r\n\t\t\t\t\t\t\t<span class=\"premium-blog-meta-separator\">\u2022<\/span>\r\n\t\t\t\t<div class=\"premium-blog-post-comments premium-blog-meta-data\">\r\n\t\t\t\t\t<i class=\"fa fa-comments-o fa-fw\" aria-hidden=\"true\"><\/i>\r\n\t\t\t\t\t<a href=\"https:\/\/itexpert.top\/es\/elegir-un-portatil-para-minecraft-terraria-among-us-y-undertale.html#respond\">No hay comentarios<\/a>\t\t\t\t<\/div>\r\n\t\t\t\t\t<\/div>\r\n\t\t\r\n\t\t\t\t\t<\/div>\r\n\r\n\t\t\t\t\t\t\t<div class=\"premium-blog-content-inner-wrapper\">\r\n\t\t<p class=\"premium-blog-post-content\">Elegir un port\u00e1til para Minecraft, Terraria, Among Us y Undertale Si est\u00e1s buscando un port\u00e1til que te permita disfrutar de juegos populares \u2026<\/p>\t\t<\/div>\r\n\t\t\t\t\t\t\t\r\n\t\t\t\t<\/div>\r\n\t\t\t<\/div>\r\n\t\t<\/div>\r\n\r\n\t\t\t\t<div class=\"premium-blog-post-outer-container\" data-total=\"1\">\r\n\t\t\t<div class=\"premium-blog-post-container premium-blog-skin-classic\">\r\n\t\t\t\t\t\t\t\t\t\t\t\t<div class=\"premium-blog-content-wrapper empty-thumb\">\r\n\r\n\t\t\t\t\t<div class=\"premium-blog-inner-container\">\r\n\r\n\t\t\t\t\t\t\t\t\t\t\t\t\t\t<h2 class=\"premium-blog-entry-title\">\r\n\t\t\t<a href=\"https:\/\/itexpert.top\/es\/que-debo-hacer-si-aparecen-rayas-en-el-monitor-de-mi-ordenador.html\" target=\"_blank\">\r\n\t\t\t\t\u00bfQu\u00e9 debo hacer si aparecen rayas en el monitor de mi ordenador?\t\t\t<\/a>\r\n\t\t<\/h2>\r\n\t\t\t\t<div class=\"premium-blog-entry-meta\">\r\n\t\t\t\t\t\t\t<div class=\"premium-blog-post-author premium-blog-meta-data\">\r\n\t\t\t\t\t<i class=\"fa fa-user fa-fw\" aria-hidden=\"true\"><\/i>\r\n\t\t\t\t\t<a href=\"https:\/\/itexpert.top\/es\/author\/itexpert\" title=\"Entradas de itexpert\" rel=\"author\">itexpert<\/a>\t\t\t\t<\/div>\r\n\t\t\t\r\n\t\t\t\t\t\t\t<span class=\"premium-blog-meta-separator\">\u2022<\/span>\r\n\t\t\t\t<div class=\"premium-blog-post-time premium-blog-meta-data\">\r\n\t\t\t\t\t<i class=\"fa fa-calendar-alt\" aria-hidden=\"true\"><\/i>\r\n\t\t\t\t\t<span>29 de junio de 2023<\/span>\r\n\t\t\t\t<\/div>\r\n\t\t\t\r\n\t\t\t\t\t\t\t<span class=\"premium-blog-meta-separator\">\u2022<\/span>\r\n\t\t\t\t<div class=\"premium-blog-post-categories premium-blog-meta-data\">\r\n\t\t\t\t\t<i class=\"fa fa-align-left fa-fw\" aria-hidden=\"true\"><\/i>\r\n\t\t\t\t\t<a href=\"https:\/\/itexpert.top\/es\/category\/it-blog-es\/monitor-es\" rel=\"category tag\">Monitor<\/a>, <a href=\"https:\/\/itexpert.top\/es\/category\/it-blog-es\/tarjeta-de-video\" rel=\"category tag\">Tarjeta de v\u00eddeo<\/a>\t\t\t\t<\/div>\r\n\t\t\t\r\n\t\t\t\t\t\t\t<span class=\"premium-blog-meta-separator\">\u2022<\/span>\r\n\t\t\t\t<div class=\"premium-blog-post-comments premium-blog-meta-data\">\r\n\t\t\t\t\t<i class=\"fa fa-comments-o fa-fw\" aria-hidden=\"true\"><\/i>\r\n\t\t\t\t\t<a href=\"https:\/\/itexpert.top\/es\/que-debo-hacer-si-aparecen-rayas-en-el-monitor-de-mi-ordenador.html#respond\">No hay comentarios<\/a>\t\t\t\t<\/div>\r\n\t\t\t\t\t<\/div>\r\n\t\t\r\n\t\t\t\t\t<\/div>\r\n\r\n\t\t\t\t\t\t\t<div class=\"premium-blog-content-inner-wrapper\">\r\n\t\t<p class=\"premium-blog-post-content\">\u00bfQu\u00e9 debo hacer si aparecen rayas en el monitor de mi ordenador? Aparici\u00f3n de rayas en el monitor de la computadora: gu\u00eda \u2026<\/p>\t\t<\/div>\r\n\t\t\t\t\t\t\t\r\n\t\t\t\t<\/div>\r\n\t\t\t<\/div>\r\n\t\t<\/div>\r\n\r\n\t\t\t\t<div class=\"premium-blog-post-outer-container\" data-total=\"1\">\r\n\t\t\t<div class=\"premium-blog-post-container premium-blog-skin-classic\">\r\n\t\t\t\t\t\t\t\t\t<div class=\"premium-blog-thumb-effect-wrapper\">\r\n\t\t\t\t\t\t<div class=\"premium-blog-thumbnail-container premium-blog-zoomin-effect\">\r\n\t\t\t\t\t\t\t<img fetchpriority=\"high\" decoding=\"async\" width=\"500\" height=\"280\" src=\"https:\/\/i0.wp.com\/itexpert.top\/wp-content\/uploads\/2023\/06\/YAk-obraty-videokartu-v-kompiuter.png?fit=500%2C280&amp;ssl=1\" class=\"attachment-full size-full wp-image-15379\" alt=\"\u042f\u043a \u043e\u0431\u0440\u0430\u0442\u0438 \u0432\u0456\u0434\u0435\u043e\u043a\u0430\u0440\u0442\u0443 \u0432 \u043a\u043e\u043c\u043f\u044e\u0442\u0435\u0440.\" \/>\t\t\t\t\t\t<\/div>\r\n\t\t\t\t\t\t\t\t\t\t\t\t\t<div class=\"premium-blog-thumbnail-overlay\">\r\n\t\t\t\t\t\t\t\t<a class=\"elementor-icon\" href=\"https:\/\/itexpert.top\/es\/como-elegir-una-tarjeta-de-video-para-tu-ordenador.html\" target=\"_blank\"><\/a>\r\n\t\t\t\t\t\t\t<\/div>\r\n\r\n\t\t\t\t\t\t\t\t\t\t\t\t\t\t\t\t\t\t<\/div>\r\n\t\t\t\t\t\t\t\t\t\t\t\t<div class=\"premium-blog-content-wrapper \">\r\n\r\n\t\t\t\t\t<div class=\"premium-blog-inner-container\">\r\n\r\n\t\t\t\t\t\t\t\t\t\t\t\t\t\t<h2 class=\"premium-blog-entry-title\">\r\n\t\t\t<a href=\"https:\/\/itexpert.top\/es\/como-elegir-una-tarjeta-de-video-para-tu-ordenador.html\" target=\"_blank\">\r\n\t\t\t\t\u00bfC\u00f3mo elegir una tarjeta de v\u00eddeo para tu ordenador?\t\t\t<\/a>\r\n\t\t<\/h2>\r\n\t\t\t\t<div class=\"premium-blog-entry-meta\">\r\n\t\t\t\t\t\t\t<div class=\"premium-blog-post-author premium-blog-meta-data\">\r\n\t\t\t\t\t<i class=\"fa fa-user fa-fw\" aria-hidden=\"true\"><\/i>\r\n\t\t\t\t\t<a href=\"https:\/\/itexpert.top\/es\/author\/itexpert\" title=\"Entradas de itexpert\" rel=\"author\">itexpert<\/a>\t\t\t\t<\/div>\r\n\t\t\t\r\n\t\t\t\t\t\t\t<span class=\"premium-blog-meta-separator\">\u2022<\/span>\r\n\t\t\t\t<div class=\"premium-blog-post-time premium-blog-meta-data\">\r\n\t\t\t\t\t<i class=\"fa fa-calendar-alt\" aria-hidden=\"true\"><\/i>\r\n\t\t\t\t\t<span>26 de junio de 2023<\/span>\r\n\t\t\t\t<\/div>\r\n\t\t\t\r\n\t\t\t\t\t\t\t<span class=\"premium-blog-meta-separator\">\u2022<\/span>\r\n\t\t\t\t<div class=\"premium-blog-post-categories premium-blog-meta-data\">\r\n\t\t\t\t\t<i class=\"fa fa-align-left fa-fw\" aria-hidden=\"true\"><\/i>\r\n\t\t\t\t\t<a href=\"https:\/\/itexpert.top\/es\/category\/it-blog-es\/actualizar\" rel=\"category tag\">Modernizaci\u00f3n<\/a>, <a href=\"https:\/\/itexpert.top\/es\/category\/it-blog-es\/monitor-es\" rel=\"category tag\">Monitor<\/a>, <a href=\"https:\/\/itexpert.top\/es\/category\/it-blog-es\/tarjeta-de-video\" rel=\"category tag\">Tarjeta de v\u00eddeo<\/a>\t\t\t\t<\/div>\r\n\t\t\t\r\n\t\t\t\t\t\t\t<span class=\"premium-blog-meta-separator\">\u2022<\/span>\r\n\t\t\t\t<div class=\"premium-blog-post-comments premium-blog-meta-data\">\r\n\t\t\t\t\t<i class=\"fa fa-comments-o fa-fw\" aria-hidden=\"true\"><\/i>\r\n\t\t\t\t\t<a href=\"https:\/\/itexpert.top\/es\/como-elegir-una-tarjeta-de-video-para-tu-ordenador.html#respond\">No hay comentarios<\/a>\t\t\t\t<\/div>\r\n\t\t\t\t\t<\/div>\r\n\t\t\r\n\t\t\t\t\t<\/div>\r\n\r\n\t\t\t\t\t\t\t<div class=\"premium-blog-content-inner-wrapper\">\r\n\t\t<p class=\"premium-blog-post-content\">\u00bfC\u00f3mo elegir una tarjeta gr\u00e1fica para tu computadora? Descripci\u00f3n corta: Aprende a elegir correctamente una tarjeta gr\u00e1fica para tu PC. Ten en \u2026<\/p>\t\t<\/div>\r\n\t\t\t\t\t\t\t\r\n\t\t\t\t<\/div>\r\n\t\t\t<\/div>\r\n\t\t<\/div>\r\n\r\n\t\t\t\t<\/div>\r\n\r\n\t\t\t\t\t\t<\/div>\n\t\t\t\t<\/div>\n\t\t\t\t\t<\/div>\n\t\t\t\t<\/div>\n\t\t\t\t<\/div>\n\t\t","protected":false},"excerpt":{"rendered":"<p>Tarjeta de v\u00eddeo La consulta actual no tiene entradas. Por favor, aseg\u00farate de que has publicado art\u00edculos que coincidan con tu consulta.<\/p>\n","protected":false},"author":1,"featured_media":0,"parent":3747,"menu_order":0,"comment_status":"closed","ping_status":"closed","template":"elementor_header_footer","meta":{"slim_seo":{"title":"\u00bfC\u00f3mo elegir una tarjeta de v\u00eddeo para tu ordenador? - ITexpert","description":"\u00bfC\u00f3mo elegir una tarjeta gr\u00e1fica para tu computadora? Descripci\u00f3n corta: Aprende a elegir correctamente una tarjeta gr\u00e1fica para tu PC. Ten en cuenta el rendimi"},"footnotes":""},"class_list":["post-7034","page","type-page","status-publish","hentry"],"_links":{"self":[{"href":"https:\/\/itexpert.top\/es\/wp-json\/wp\/v2\/pages\/7034","targetHints":{"allow":["GET"]}}],"collection":[{"href":"https:\/\/itexpert.top\/es\/wp-json\/wp\/v2\/pages"}],"about":[{"href":"https:\/\/itexpert.top\/es\/wp-json\/wp\/v2\/types\/page"}],"author":[{"embeddable":true,"href":"https:\/\/itexpert.top\/es\/wp-json\/wp\/v2\/users\/1"}],"replies":[{"embeddable":true,"href":"https:\/\/itexpert.top\/es\/wp-json\/wp\/v2\/comments?post=7034"}],"version-history":[{"count":7,"href":"https:\/\/itexpert.top\/es\/wp-json\/wp\/v2\/pages\/7034\/revisions"}],"predecessor-version":[{"id":7746,"href":"https:\/\/itexpert.top\/es\/wp-json\/wp\/v2\/pages\/7034\/revisions\/7746"}],"up":[{"embeddable":true,"href":"https:\/\/itexpert.top\/es\/wp-json\/wp\/v2\/pages\/3747"}],"wp:attachment":[{"href":"https:\/\/itexpert.top\/es\/wp-json\/wp\/v2\/media?parent=7034"}],"curies":[{"name":"wp","href":"https:\/\/api.w.org\/{rel}","templated":true}]}}