{"id":7046,"date":"2023-06-26T14:21:19","date_gmt":"2023-06-26T11:21:19","guid":{"rendered":"https:\/\/itexpert.top\/?page_id=7046"},"modified":"2024-08-08T19:42:57","modified_gmt":"2024-08-08T16:42:57","slug":"disco-duro","status":"publish","type":"page","link":"https:\/\/itexpert.top\/es\/blog-de-informatica\/disco-duro","title":{"rendered":"Disco duro"},"content":{"rendered":"\t\t<div data-elementor-type=\"wp-page\" data-elementor-id=\"7046\" class=\"elementor elementor-7046 elementor-3937\" data-elementor-post-type=\"page\">\n\t\t\t\t<div class=\"elementor-element elementor-element-3784eb2 e-flex e-con-boxed e-con e-parent\" data-id=\"3784eb2\" data-element_type=\"container\">\n\t\t\t\t\t<div class=\"e-con-inner\">\n\t\t\t\t<div class=\"elementor-element elementor-element-9177efe elementor-widget elementor-widget-heading\" data-id=\"9177efe\" data-element_type=\"widget\" data-widget_type=\"heading.default\">\n\t\t\t\t<div class=\"elementor-widget-container\">\n\t\t\t\t\t<h4 class=\"elementor-heading-title elementor-size-default\">Disco duro<\/h4>\t\t\t\t<\/div>\n\t\t\t\t<\/div>\n\t\t\t\t\t<\/div>\n\t\t\t\t<\/div>\n\t\t<div class=\"elementor-element elementor-element-bde91b4 e-flex e-con-boxed e-con e-parent\" data-id=\"bde91b4\" data-element_type=\"container\">\n\t\t\t\t\t<div class=\"e-con-inner\">\n\t\t\t\t<div class=\"elementor-element elementor-element-2e72325 premium-blog-align-left elementor-widget elementor-widget-premium-addon-blog\" data-id=\"2e72325\" data-element_type=\"widget\" data-settings=\"{&quot;premium_blog_infinite_scroll&quot;:&quot;yes&quot;,&quot;premium_blog_grid&quot;:&quot;yes&quot;,&quot;premium_blog_layout&quot;:&quot;even&quot;,&quot;premium_blog_columns_number&quot;:&quot;50%&quot;,&quot;premium_blog_columns_number_tablet&quot;:&quot;50%&quot;,&quot;premium_blog_columns_number_mobile&quot;:&quot;100%&quot;}\" data-widget_type=\"premium-addon-blog.default\">\n\t\t\t\t<div class=\"elementor-widget-container\">\n\t\t\t\t\t\r\n\t\t\t\t<div class=\"premium-blog-wrap  premium-blog-even\" data-page=\"7046\">\r\n\t\t\t\t\t<div class=\"premium-blog-post-outer-container\" data-total=\"2\">\r\n\t\t\t<div class=\"premium-blog-post-container premium-blog-skin-classic\">\r\n\t\t\t\t\t\t\t\t\t<div class=\"premium-blog-thumb-effect-wrapper\">\r\n\t\t\t\t\t\t<div class=\"premium-blog-thumbnail-container premium-blog-zoomin-effect\">\r\n\t\t\t\t\t\t\t<img fetchpriority=\"high\" decoding=\"async\" width=\"500\" height=\"280\" src=\"https:\/\/i0.wp.com\/itexpert.top\/wp-content\/uploads\/2026\/03\/output1-350.jpeg?fit=500%2C280&amp;ssl=1\" class=\"attachment-full size-full wp-image-12100\" alt=\"\u042f\u043a \u0432\u0438\u0431\u0440\u0430\u0442\u0438 HDD \u0434\u043b\u044f \u0440\u0435\u0437\u0435\u0440\u0432\u043d\u043e\u0433\u043e \u043a\u043e\u043f\u0456\u044e\u0432\u0430\u043d\u043d\u044f\" \/>\t\t\t\t\t\t<\/div>\r\n\t\t\t\t\t\t\t\t\t\t\t\t\t<div class=\"premium-blog-thumbnail-overlay\">\r\n\t\t\t\t\t\t\t\t<a class=\"elementor-icon\" href=\"https:\/\/itexpert.top\/es\/como-elegir-un-hdd-para-copias-de-seguridad.html\" target=\"_blank\"><\/a>\r\n\t\t\t\t\t\t\t<\/div>\r\n\r\n\t\t\t\t\t\t\t\t\t\t\t\t\t\t\t\t\t\t<\/div>\r\n\t\t\t\t\t\t\t\t\t\t\t\t<div class=\"premium-blog-content-wrapper \">\r\n\r\n\t\t\t\t\t<div class=\"premium-blog-inner-container\">\r\n\r\n\t\t\t\t\t\t\t\t\t\t\t\t\t\t<h2 class=\"premium-blog-entry-title\">\r\n\t\t\t<a href=\"https:\/\/itexpert.top\/es\/como-elegir-un-hdd-para-copias-de-seguridad.html\" target=\"_blank\">\r\n\t\t\t\tC\u00f3mo elegir un HDD para copias de seguridad\t\t\t<\/a>\r\n\t\t<\/h2>\r\n\t\t\t\t<div class=\"premium-blog-entry-meta\">\r\n\t\t\t\t\t\t\t<div class=\"premium-blog-post-author premium-blog-meta-data\">\r\n\t\t\t\t\t<i class=\"fa fa-user fa-fw\" aria-hidden=\"true\"><\/i>\r\n\t\t\t\t\t<a href=\"https:\/\/itexpert.top\/es\/author\/itexpert\" title=\"Entradas de itexpert\" rel=\"author\">itexpert<\/a>\t\t\t\t<\/div>\r\n\t\t\t\r\n\t\t\t\t\t\t\t<span class=\"premium-blog-meta-separator\">\u2022<\/span>\r\n\t\t\t\t<div class=\"premium-blog-post-time premium-blog-meta-data\">\r\n\t\t\t\t\t<i class=\"fa fa-calendar-alt\" aria-hidden=\"true\"><\/i>\r\n\t\t\t\t\t<span>30 de marzo de 2026<\/span>\r\n\t\t\t\t<\/div>\r\n\t\t\t\r\n\t\t\t\t\t\t\t<span class=\"premium-blog-meta-separator\">\u2022<\/span>\r\n\t\t\t\t<div class=\"premium-blog-post-categories premium-blog-meta-data\">\r\n\t\t\t\t\t<i class=\"fa fa-align-left fa-fw\" aria-hidden=\"true\"><\/i>\r\n\t\t\t\t\t<a href=\"https:\/\/itexpert.top\/es\/category\/it-blog-es\/ordenador\" rel=\"category tag\">Computadora<\/a>, <a href=\"https:\/\/itexpert.top\/es\/category\/it-blog-es\/disco-duro\" rel=\"category tag\">Disco duro<\/a>, <a href=\"https:\/\/itexpert.top\/es\/category\/it-blog-es\" rel=\"category tag\">IT blog<\/a>, <a href=\"https:\/\/itexpert.top\/es\/category\/it-blog-es\/portatil\" rel=\"category tag\">Port\u00e1til<\/a>\t\t\t\t<\/div>\r\n\t\t\t\r\n\t\t\t\t\t\t\t<span class=\"premium-blog-meta-separator\">\u2022<\/span>\r\n\t\t\t\t<div class=\"premium-blog-post-comments premium-blog-meta-data\">\r\n\t\t\t\t\t<i class=\"fa fa-comments-o fa-fw\" aria-hidden=\"true\"><\/i>\r\n\t\t\t\t\t<a href=\"https:\/\/itexpert.top\/es\/como-elegir-un-hdd-para-copias-de-seguridad.html#respond\">No hay comentarios<\/a>\t\t\t\t<\/div>\r\n\t\t\t\t\t<\/div>\r\n\t\t\r\n\t\t\t\t\t<\/div>\r\n\r\n\t\t\t\t\t\t\t<div class=\"premium-blog-content-inner-wrapper\">\r\n\t\t<p class=\"premium-blog-post-content\">C\u00f3mo elegir un HDD para copias de seguridad Descripci\u00f3n corta: Aprende a elegir correctamente un HDD para copias de seguridad. Ten en \u2026<\/p>\t\t<\/div>\r\n\t\t\t\t\t\t\t\r\n\t\t\t\t<\/div>\r\n\t\t\t<\/div>\r\n\t\t<\/div>\r\n\r\n\t\t\t\t<div class=\"premium-blog-post-outer-container\" data-total=\"2\">\r\n\t\t\t<div class=\"premium-blog-post-container premium-blog-skin-classic\">\r\n\t\t\t\t\t\t\t\t\t\t\t\t<div class=\"premium-blog-content-wrapper empty-thumb\">\r\n\r\n\t\t\t\t\t<div class=\"premium-blog-inner-container\">\r\n\r\n\t\t\t\t\t\t\t\t\t\t\t\t\t\t<h2 class=\"premium-blog-entry-title\">\r\n\t\t\t<a href=\"https:\/\/itexpert.top\/es\/elegir-un-portatil-para-minecraft-terraria-among-us-y-undertale.html\" target=\"_blank\">\r\n\t\t\t\tElegir un port\u00e1til para Minecraft, Terraria, Among Us y Undertale\t\t\t<\/a>\r\n\t\t<\/h2>\r\n\t\t\t\t<div class=\"premium-blog-entry-meta\">\r\n\t\t\t\t\t\t\t<div class=\"premium-blog-post-author premium-blog-meta-data\">\r\n\t\t\t\t\t<i class=\"fa fa-user fa-fw\" aria-hidden=\"true\"><\/i>\r\n\t\t\t\t\t<a href=\"https:\/\/itexpert.top\/es\/author\/itexpert\" title=\"Entradas de itexpert\" rel=\"author\">itexpert<\/a>\t\t\t\t<\/div>\r\n\t\t\t\r\n\t\t\t\t\t\t\t<span class=\"premium-blog-meta-separator\">\u2022<\/span>\r\n\t\t\t\t<div class=\"premium-blog-post-time premium-blog-meta-data\">\r\n\t\t\t\t\t<i class=\"fa fa-calendar-alt\" aria-hidden=\"true\"><\/i>\r\n\t\t\t\t\t<span>19 de agosto de 2024<\/span>\r\n\t\t\t\t<\/div>\r\n\t\t\t\r\n\t\t\t\t\t\t\t<span class=\"premium-blog-meta-separator\">\u2022<\/span>\r\n\t\t\t\t<div class=\"premium-blog-post-categories premium-blog-meta-data\">\r\n\t\t\t\t\t<i class=\"fa fa-align-left fa-fw\" aria-hidden=\"true\"><\/i>\r\n\t\t\t\t\t<a href=\"https:\/\/itexpert.top\/es\/category\/it-blog-es\/disco-duro\" rel=\"category tag\">Disco duro<\/a>, <a href=\"https:\/\/itexpert.top\/es\/category\/it-blog-es\/ram-es\" rel=\"category tag\">MEMORIA RAM<\/a>, <a href=\"https:\/\/itexpert.top\/es\/category\/it-blog-es\/portatil\" rel=\"category tag\">Port\u00e1til<\/a>, <a href=\"https:\/\/itexpert.top\/es\/category\/it-blog-es\/tarjeta-de-video\" rel=\"category tag\">Tarjeta de v\u00eddeo<\/a>\t\t\t\t<\/div>\r\n\t\t\t\r\n\t\t\t\t\t\t\t<span class=\"premium-blog-meta-separator\">\u2022<\/span>\r\n\t\t\t\t<div class=\"premium-blog-post-comments premium-blog-meta-data\">\r\n\t\t\t\t\t<i class=\"fa fa-comments-o fa-fw\" aria-hidden=\"true\"><\/i>\r\n\t\t\t\t\t<a href=\"https:\/\/itexpert.top\/es\/elegir-un-portatil-para-minecraft-terraria-among-us-y-undertale.html#respond\">No hay comentarios<\/a>\t\t\t\t<\/div>\r\n\t\t\t\t\t<\/div>\r\n\t\t\r\n\t\t\t\t\t<\/div>\r\n\r\n\t\t\t\t\t\t\t<div class=\"premium-blog-content-inner-wrapper\">\r\n\t\t<p class=\"premium-blog-post-content\">Elegir un port\u00e1til para Minecraft, Terraria, Among Us y Undertale Si est\u00e1s buscando un port\u00e1til que te permita disfrutar de juegos populares \u2026<\/p>\t\t<\/div>\r\n\t\t\t\t\t\t\t\r\n\t\t\t\t<\/div>\r\n\t\t\t<\/div>\r\n\t\t<\/div>\r\n\r\n\t\t\t\t<div class=\"premium-blog-post-outer-container\" data-total=\"2\">\r\n\t\t\t<div class=\"premium-blog-post-container premium-blog-skin-classic\">\r\n\t\t\t\t\t\t\t\t\t\t\t\t<div class=\"premium-blog-content-wrapper empty-thumb\">\r\n\r\n\t\t\t\t\t<div class=\"premium-blog-inner-container\">\r\n\r\n\t\t\t\t\t\t\t\t\t\t\t\t\t\t<h2 class=\"premium-blog-entry-title\">\r\n\t\t\t<a href=\"https:\/\/itexpert.top\/es\/que-tamano-100-indica-la-confiabilidad-del-disco-ssd-y-el-hecho-de-que-no-fue-rechazado.html\" target=\"_blank\">\r\n\t\t\t\t\u00bfQu\u00e9 tama\u00f1o 100% indica la confiabilidad del disco SSD y el hecho de que no fue rechazado?\t\t\t<\/a>\r\n\t\t<\/h2>\r\n\t\t\t\t<div class=\"premium-blog-entry-meta\">\r\n\t\t\t\t\t\t\t<div class=\"premium-blog-post-author premium-blog-meta-data\">\r\n\t\t\t\t\t<i class=\"fa fa-user fa-fw\" aria-hidden=\"true\"><\/i>\r\n\t\t\t\t\t<a href=\"https:\/\/itexpert.top\/es\/author\/itexpert\" title=\"Entradas de itexpert\" rel=\"author\">itexpert<\/a>\t\t\t\t<\/div>\r\n\t\t\t\r\n\t\t\t\t\t\t\t<span class=\"premium-blog-meta-separator\">\u2022<\/span>\r\n\t\t\t\t<div class=\"premium-blog-post-time premium-blog-meta-data\">\r\n\t\t\t\t\t<i class=\"fa fa-calendar-alt\" aria-hidden=\"true\"><\/i>\r\n\t\t\t\t\t<span>11 de junio de 2024<\/span>\r\n\t\t\t\t<\/div>\r\n\t\t\t\r\n\t\t\t\t\t\t\t<span class=\"premium-blog-meta-separator\">\u2022<\/span>\r\n\t\t\t\t<div class=\"premium-blog-post-categories premium-blog-meta-data\">\r\n\t\t\t\t\t<i class=\"fa fa-align-left fa-fw\" aria-hidden=\"true\"><\/i>\r\n\t\t\t\t\t<a href=\"https:\/\/itexpert.top\/es\/category\/it-blog-es\/disco-duro\" rel=\"category tag\">Disco duro<\/a>\t\t\t\t<\/div>\r\n\t\t\t\r\n\t\t\t\t\t\t\t<span class=\"premium-blog-meta-separator\">\u2022<\/span>\r\n\t\t\t\t<div class=\"premium-blog-post-comments premium-blog-meta-data\">\r\n\t\t\t\t\t<i class=\"fa fa-comments-o fa-fw\" aria-hidden=\"true\"><\/i>\r\n\t\t\t\t\t<a href=\"https:\/\/itexpert.top\/es\/que-tamano-100-indica-la-confiabilidad-del-disco-ssd-y-el-hecho-de-que-no-fue-rechazado.html#respond\">No hay comentarios<\/a>\t\t\t\t<\/div>\r\n\t\t\t\t\t<\/div>\r\n\t\t\r\n\t\t\t\t\t<\/div>\r\n\r\n\t\t\t\t\t\t\t<div class=\"premium-blog-content-inner-wrapper\">\r\n\t\t<p class=\"premium-blog-post-content\">\u00bfQu\u00e9 tama\u00f1o 100% indica la confiabilidad del disco SSD y el hecho de que no fue rechazado? Desafortunadamente, no existe un tama\u00f1o \u2026<\/p>\t\t<\/div>\r\n\t\t\t\t\t\t\t\r\n\t\t\t\t<\/div>\r\n\t\t\t<\/div>\r\n\t\t<\/div>\r\n\r\n\t\t\t\t<div class=\"premium-blog-post-outer-container\" data-total=\"2\">\r\n\t\t\t<div class=\"premium-blog-post-container premium-blog-skin-classic\">\r\n\t\t\t\t\t\t\t\t\t<div class=\"premium-blog-thumb-effect-wrapper\">\r\n\t\t\t\t\t\t<div class=\"premium-blog-thumbnail-container premium-blog-zoomin-effect\">\r\n\t\t\t\t\t\t\t<img decoding=\"async\" width=\"300\" height=\"170\" src=\"https:\/\/i0.wp.com\/itexpert.top\/wp-content\/uploads\/2023\/08\/YAk-ozhyvyty-staryy-kompiuter-za-dopomohoiu-SSD-dyska.jpg?fit=300%2C170&amp;ssl=1\" class=\"attachment-full size-full wp-image-9296\" alt=\"\u042f\u043a \u043e\u0436\u0438\u0432\u0438\u0442\u0438 \u0441\u0442\u0430\u0440\u0438\u0439 \u043a\u043e\u043c\u043f&#039;\u044e\u0442\u0435\u0440 \u0437\u0430 \u0434\u043e\u043f\u043e\u043c\u043e\u0433\u043e\u044e SSD \u0434\u0438\u0441\u043a\u0430\" \/>\t\t\t\t\t\t<\/div>\r\n\t\t\t\t\t\t\t\t\t\t\t\t\t<div class=\"premium-blog-thumbnail-overlay\">\r\n\t\t\t\t\t\t\t\t<a class=\"elementor-icon\" href=\"https:\/\/itexpert.top\/es\/que-hacer-con-un-ordenador-que-tiene-muchos-anos-y-va-muy-lento.html\" target=\"_blank\"><\/a>\r\n\t\t\t\t\t\t\t<\/div>\r\n\r\n\t\t\t\t\t\t\t\t\t\t\t\t\t\t\t\t\t\t<\/div>\r\n\t\t\t\t\t\t\t\t\t\t\t\t<div class=\"premium-blog-content-wrapper \">\r\n\r\n\t\t\t\t\t<div class=\"premium-blog-inner-container\">\r\n\r\n\t\t\t\t\t\t\t\t\t\t\t\t\t\t<h2 class=\"premium-blog-entry-title\">\r\n\t\t\t<a href=\"https:\/\/itexpert.top\/es\/que-hacer-con-un-ordenador-que-tiene-muchos-anos-y-va-muy-lento.html\" target=\"_blank\">\r\n\t\t\t\t\u00bfQu\u00e9 hacer con un ordenador que tiene muchos a\u00f1os y va muy lento?\t\t\t<\/a>\r\n\t\t<\/h2>\r\n\t\t\t\t<div class=\"premium-blog-entry-meta\">\r\n\t\t\t\t\t\t\t<div class=\"premium-blog-post-author premium-blog-meta-data\">\r\n\t\t\t\t\t<i class=\"fa fa-user fa-fw\" aria-hidden=\"true\"><\/i>\r\n\t\t\t\t\t<a href=\"https:\/\/itexpert.top\/es\/author\/itexpert\" title=\"Entradas de itexpert\" rel=\"author\">itexpert<\/a>\t\t\t\t<\/div>\r\n\t\t\t\r\n\t\t\t\t\t\t\t<span class=\"premium-blog-meta-separator\">\u2022<\/span>\r\n\t\t\t\t<div class=\"premium-blog-post-time premium-blog-meta-data\">\r\n\t\t\t\t\t<i class=\"fa fa-calendar-alt\" aria-hidden=\"true\"><\/i>\r\n\t\t\t\t\t<span>1 de agosto de 2023<\/span>\r\n\t\t\t\t<\/div>\r\n\t\t\t\r\n\t\t\t\t\t\t\t<span class=\"premium-blog-meta-separator\">\u2022<\/span>\r\n\t\t\t\t<div class=\"premium-blog-post-categories premium-blog-meta-data\">\r\n\t\t\t\t\t<i class=\"fa fa-align-left fa-fw\" aria-hidden=\"true\"><\/i>\r\n\t\t\t\t\t<a href=\"https:\/\/itexpert.top\/es\/category\/it-blog-es\/ordenador\" rel=\"category tag\">Computadora<\/a>, <a href=\"https:\/\/itexpert.top\/es\/category\/it-blog-es\/disco-duro\" rel=\"category tag\">Disco duro<\/a>, <a href=\"https:\/\/itexpert.top\/es\/category\/it-blog-es\/actualizar\" rel=\"category tag\">Modernizaci\u00f3n<\/a>, <a href=\"https:\/\/itexpert.top\/es\/category\/it-blog-es\/portatil\" rel=\"category tag\">Port\u00e1til<\/a>, <a href=\"https:\/\/itexpert.top\/es\/category\/it-blog-es\/windows-es\/windows-10-es\" rel=\"category tag\">Windows 10<\/a>, <a href=\"https:\/\/itexpert.top\/es\/category\/it-blog-es\/windows-es\/windows-11-es\" rel=\"category tag\">Windows 11<\/a>, <a href=\"https:\/\/itexpert.top\/es\/category\/it-blog-es\/windows-es\/windows-7-es\" rel=\"category tag\">Windows 7<\/a>, <a href=\"https:\/\/itexpert.top\/es\/category\/it-blog-es\/windows-es\/windows-8-es\" rel=\"category tag\">Windows 8<\/a>, <a href=\"https:\/\/itexpert.top\/es\/category\/it-blog-es\/windows-es\/windows-server-2016-2019-es\" rel=\"category tag\">Windows Server 2016\/2019<\/a>\t\t\t\t<\/div>\r\n\t\t\t\r\n\t\t\t\t\t\t\t<span class=\"premium-blog-meta-separator\">\u2022<\/span>\r\n\t\t\t\t<div class=\"premium-blog-post-comments premium-blog-meta-data\">\r\n\t\t\t\t\t<i class=\"fa fa-comments-o fa-fw\" aria-hidden=\"true\"><\/i>\r\n\t\t\t\t\t<a href=\"https:\/\/itexpert.top\/es\/que-hacer-con-un-ordenador-que-tiene-muchos-anos-y-va-muy-lento.html#respond\">No hay comentarios<\/a>\t\t\t\t<\/div>\r\n\t\t\t\t\t<\/div>\r\n\t\t\r\n\t\t\t\t\t<\/div>\r\n\r\n\t\t\t\t\t\t\t<div class=\"premium-blog-content-inner-wrapper\">\r\n\t\t<p class=\"premium-blog-post-content\">\u00bfQu\u00e9 hacer con un ordenador que tiene muchos a\u00f1os y va muy lento? Muy a menudo me encuentro con un problema con \u2026<\/p>\t\t<\/div>\r\n\t\t\t\t\t\t\t\r\n\t\t\t\t<\/div>\r\n\t\t\t<\/div>\r\n\t\t<\/div>\r\n\r\n\t\t\t\t<\/div>\r\n\r\n\t\t\t\t\t\t<\/div>\n\t\t\t\t<\/div>\n\t\t\t\t\t<\/div>\n\t\t\t\t<\/div>\n\t\t\t\t<\/div>\n\t\t","protected":false},"excerpt":{"rendered":"<p>Disco duro \u00bfQu\u00e9 tama\u00f1o 100% indica la confiabilidad del disco SSD y el hecho de que no fue rechazado? itexpert \u2022 11.06.2024 \u2022 Disco duro \u2022 No hay comentarios \u00bfQu\u00e9 tama\u00f1o 100% indica la confiabilidad del disco SSD y el &hellip; <\/p>\n","protected":false},"author":1,"featured_media":0,"parent":3747,"menu_order":0,"comment_status":"closed","ping_status":"closed","template":"elementor_header_footer","meta":{"slim_seo":{"title":"\u00bfQu\u00e9 hacer con un ordenador que tiene muchos a\u00f1os y va muy lento? - ITexpert","description":"\u00bfQu\u00e9 hacer con un ordenador que tiene muchos a\u00f1os y va muy lento? Muy a menudo me encuentro con un problema con los clientes cuando un ordenador ha estado funci"},"footnotes":""},"class_list":["post-7046","page","type-page","status-publish","hentry"],"_links":{"self":[{"href":"https:\/\/itexpert.top\/es\/wp-json\/wp\/v2\/pages\/7046","targetHints":{"allow":["GET"]}}],"collection":[{"href":"https:\/\/itexpert.top\/es\/wp-json\/wp\/v2\/pages"}],"about":[{"href":"https:\/\/itexpert.top\/es\/wp-json\/wp\/v2\/types\/page"}],"author":[{"embeddable":true,"href":"https:\/\/itexpert.top\/es\/wp-json\/wp\/v2\/users\/1"}],"replies":[{"embeddable":true,"href":"https:\/\/itexpert.top\/es\/wp-json\/wp\/v2\/comments?post=7046"}],"version-history":[{"count":4,"href":"https:\/\/itexpert.top\/es\/wp-json\/wp\/v2\/pages\/7046\/revisions"}],"predecessor-version":[{"id":7050,"href":"https:\/\/itexpert.top\/es\/wp-json\/wp\/v2\/pages\/7046\/revisions\/7050"}],"up":[{"embeddable":true,"href":"https:\/\/itexpert.top\/es\/wp-json\/wp\/v2\/pages\/3747"}],"wp:attachment":[{"href":"https:\/\/itexpert.top\/es\/wp-json\/wp\/v2\/media?parent=7046"}],"curies":[{"name":"wp","href":"https:\/\/api.w.org\/{rel}","templated":true}]}}