{"id":7078,"date":"2023-05-25T12:49:21","date_gmt":"2023-05-25T09:49:21","guid":{"rendered":"https:\/\/itexpert.top\/?page_id=7078"},"modified":"2024-08-08T19:59:44","modified_gmt":"2024-08-08T16:59:44","slug":"seguridad-en-internet","status":"publish","type":"page","link":"https:\/\/itexpert.top\/es\/blog-de-informatica\/seguridad-en-internet","title":{"rendered":"Seguridad en Internet"},"content":{"rendered":"\t\t<div data-elementor-type=\"wp-page\" data-elementor-id=\"7078\" class=\"elementor elementor-7078 elementor-1957\" data-elementor-post-type=\"page\">\n\t\t\t\t<div class=\"elementor-element elementor-element-6c234fb e-flex e-con-boxed e-con e-parent\" data-id=\"6c234fb\" data-element_type=\"container\">\n\t\t\t\t\t<div class=\"e-con-inner\">\n\t\t\t\t<div class=\"elementor-element elementor-element-17057ad elementor-widget elementor-widget-heading\" data-id=\"17057ad\" data-element_type=\"widget\" data-widget_type=\"heading.default\">\n\t\t\t\t<div class=\"elementor-widget-container\">\n\t\t\t\t\t<h4 class=\"elementor-heading-title elementor-size-default\">Seguridad en Internet<\/h4>\t\t\t\t<\/div>\n\t\t\t\t<\/div>\n\t\t\t\t\t<\/div>\n\t\t\t\t<\/div>\n\t\t<div class=\"elementor-element elementor-element-1e1b32a e-flex e-con-boxed e-con e-parent\" data-id=\"1e1b32a\" data-element_type=\"container\">\n\t\t\t\t\t<div class=\"e-con-inner\">\n\t\t\t\t<div class=\"elementor-element elementor-element-04800e8 premium-blog-align-left elementor-widget elementor-widget-premium-addon-blog\" data-id=\"04800e8\" data-element_type=\"widget\" data-settings=\"{&quot;premium_blog_grid&quot;:&quot;yes&quot;,&quot;premium_blog_layout&quot;:&quot;even&quot;,&quot;premium_blog_columns_number&quot;:&quot;50%&quot;,&quot;premium_blog_columns_number_tablet&quot;:&quot;50%&quot;,&quot;premium_blog_columns_number_mobile&quot;:&quot;100%&quot;}\" data-widget_type=\"premium-addon-blog.default\">\n\t\t\t\t<div class=\"elementor-widget-container\">\n\t\t\t\t\t\r\n\t\t\t\t<div class=\"premium-blog-wrap  premium-blog-even\" data-page=\"7078\">\r\n\t\t\t\t\t<div class=\"premium-blog-post-outer-container\" data-total=\"5\">\r\n\t\t\t<div class=\"premium-blog-post-container premium-blog-skin-classic\">\r\n\t\t\t\t\t\t\t\t\t<div class=\"premium-blog-thumb-effect-wrapper\">\r\n\t\t\t\t\t\t<div class=\"premium-blog-thumbnail-container premium-blog-zoomin-effect\">\r\n\t\t\t\t\t\t\t<img fetchpriority=\"high\" decoding=\"async\" width=\"500\" height=\"280\" src=\"https:\/\/i0.wp.com\/itexpert.top\/wp-content\/uploads\/2026\/04\/YAk-pereviryty-chy-zlamaly-Google-akaunt.png?fit=500%2C280&amp;ssl=1\" class=\"attachment-full size-full wp-image-16093\" alt=\"\u042f\u043a \u043f\u0435\u0440\u0435\u0432\u0456\u0440\u0438\u0442\u0438, \u0447\u0438 \u0437\u043b\u0430\u043c\u0430\u043b\u0438 Google \u0430\u043a\u0430\u0443\u043d\u0442\" \/>\t\t\t\t\t\t<\/div>\r\n\t\t\t\t\t\t\t\t\t\t\t\t\t<div class=\"premium-blog-thumbnail-overlay\">\r\n\t\t\t\t\t\t\t\t<a class=\"elementor-icon\" href=\"https:\/\/itexpert.top\/es\/como-comprobar-si-tu-cuenta-de-google-ha-sido-hackeada.html\" target=\"_blank\"><\/a>\r\n\t\t\t\t\t\t\t<\/div>\r\n\r\n\t\t\t\t\t\t\t\t\t\t\t\t\t\t\t\t\t\t<\/div>\r\n\t\t\t\t\t\t\t\t\t\t\t\t<div class=\"premium-blog-content-wrapper \">\r\n\r\n\t\t\t\t\t<div class=\"premium-blog-inner-container\">\r\n\r\n\t\t\t\t\t\t\t\t\t\t\t\t\t\t<h2 class=\"premium-blog-entry-title\">\r\n\t\t\t<a href=\"https:\/\/itexpert.top\/es\/como-comprobar-si-tu-cuenta-de-google-ha-sido-hackeada.html\" target=\"_blank\">\r\n\t\t\t\tC\u00f3mo comprobar si tu cuenta de Google ha sido hackeada\t\t\t<\/a>\r\n\t\t<\/h2>\r\n\t\t\t\t<div class=\"premium-blog-entry-meta\">\r\n\t\t\t\t\t\t\t<div class=\"premium-blog-post-author premium-blog-meta-data\">\r\n\t\t\t\t\t<i class=\"fa fa-user fa-fw\" aria-hidden=\"true\"><\/i>\r\n\t\t\t\t\t<a href=\"https:\/\/itexpert.top\/es\/author\/itexpert\" title=\"Entradas de itexpert\" rel=\"author\">itexpert<\/a>\t\t\t\t<\/div>\r\n\t\t\t\r\n\t\t\t\t\t\t\t<span class=\"premium-blog-meta-separator\">\u2022<\/span>\r\n\t\t\t\t<div class=\"premium-blog-post-time premium-blog-meta-data\">\r\n\t\t\t\t\t<i class=\"fa fa-calendar-alt\" aria-hidden=\"true\"><\/i>\r\n\t\t\t\t\t<span>15 de abril de 2026<\/span>\r\n\t\t\t\t<\/div>\r\n\t\t\t\r\n\t\t\t\t\t\t\t<span class=\"premium-blog-meta-separator\">\u2022<\/span>\r\n\t\t\t\t<div class=\"premium-blog-post-categories premium-blog-meta-data\">\r\n\t\t\t\t\t<i class=\"fa fa-align-left fa-fw\" aria-hidden=\"true\"><\/i>\r\n\t\t\t\t\t<a href=\"https:\/\/itexpert.top\/es\/category\/it-blog-es\/navegadores\" rel=\"category tag\">Navegadores<\/a>, <a href=\"https:\/\/itexpert.top\/es\/category\/it-blog-es\/seguridad-en-internet\" rel=\"category tag\">Seguridad en Internet<\/a>\t\t\t\t<\/div>\r\n\t\t\t\r\n\t\t\t\t\t\t\t<span class=\"premium-blog-meta-separator\">\u2022<\/span>\r\n\t\t\t\t<div class=\"premium-blog-post-comments premium-blog-meta-data\">\r\n\t\t\t\t\t<i class=\"fa fa-comments-o fa-fw\" aria-hidden=\"true\"><\/i>\r\n\t\t\t\t\t<a href=\"https:\/\/itexpert.top\/es\/como-comprobar-si-tu-cuenta-de-google-ha-sido-hackeada.html#respond\">No hay comentarios<\/a>\t\t\t\t<\/div>\r\n\t\t\t\t\t<\/div>\r\n\t\t\r\n\t\t\t\t\t<\/div>\r\n\r\n\t\t\t\t\t\t\t<div class=\"premium-blog-content-inner-wrapper\">\r\n\t\t<p class=\"premium-blog-post-content\">C\u00f3mo comprobar si tu cuenta de Google ha sido hackeada Descripci\u00f3n corta: aprende a detectar si tu cuenta de Google ha sido \u2026<\/p>\t\t<\/div>\r\n\t\t\t\t\t\t\t\r\n\t\t\t\t<\/div>\r\n\t\t\t<\/div>\r\n\t\t<\/div>\r\n\r\n\t\t\t\t<div class=\"premium-blog-post-outer-container\" data-total=\"5\">\r\n\t\t\t<div class=\"premium-blog-post-container premium-blog-skin-classic\">\r\n\t\t\t\t\t\t\t\t\t<div class=\"premium-blog-thumb-effect-wrapper\">\r\n\t\t\t\t\t\t<div class=\"premium-blog-thumbnail-container premium-blog-zoomin-effect\">\r\n\t\t\t\t\t\t\t<img decoding=\"async\" width=\"500\" height=\"280\" src=\"https:\/\/i0.wp.com\/itexpert.top\/wp-content\/uploads\/2026\/04\/output1-92.jpeg?fit=500%2C280&amp;ssl=1\" class=\"attachment-full size-full wp-image-13641\" alt=\"\u0410\u043d\u0442\u0438\u0432\u0456\u0440\u0443\u0441 \u0434\u043b\u044f Android\" \/>\t\t\t\t\t\t<\/div>\r\n\t\t\t\t\t\t\t\t\t\t\t\t\t<div class=\"premium-blog-thumbnail-overlay\">\r\n\t\t\t\t\t\t\t\t<a class=\"elementor-icon\" href=\"https:\/\/itexpert.top\/es\/antivirus-para-android.html\" target=\"_blank\"><\/a>\r\n\t\t\t\t\t\t\t<\/div>\r\n\r\n\t\t\t\t\t\t\t\t\t\t\t\t\t\t\t\t\t\t<\/div>\r\n\t\t\t\t\t\t\t\t\t\t\t\t<div class=\"premium-blog-content-wrapper \">\r\n\r\n\t\t\t\t\t<div class=\"premium-blog-inner-container\">\r\n\r\n\t\t\t\t\t\t\t\t\t\t\t\t\t\t<h2 class=\"premium-blog-entry-title\">\r\n\t\t\t<a href=\"https:\/\/itexpert.top\/es\/antivirus-para-android.html\" target=\"_blank\">\r\n\t\t\t\tAntivirus para Android\t\t\t<\/a>\r\n\t\t<\/h2>\r\n\t\t\t\t<div class=\"premium-blog-entry-meta\">\r\n\t\t\t\t\t\t\t<div class=\"premium-blog-post-author premium-blog-meta-data\">\r\n\t\t\t\t\t<i class=\"fa fa-user fa-fw\" aria-hidden=\"true\"><\/i>\r\n\t\t\t\t\t<a href=\"https:\/\/itexpert.top\/es\/author\/itexpert\" title=\"Entradas de itexpert\" rel=\"author\">itexpert<\/a>\t\t\t\t<\/div>\r\n\t\t\t\r\n\t\t\t\t\t\t\t<span class=\"premium-blog-meta-separator\">\u2022<\/span>\r\n\t\t\t\t<div class=\"premium-blog-post-time premium-blog-meta-data\">\r\n\t\t\t\t\t<i class=\"fa fa-calendar-alt\" aria-hidden=\"true\"><\/i>\r\n\t\t\t\t\t<span>4 de abril de 2026<\/span>\r\n\t\t\t\t<\/div>\r\n\t\t\t\r\n\t\t\t\t\t\t\t<span class=\"premium-blog-meta-separator\">\u2022<\/span>\r\n\t\t\t\t<div class=\"premium-blog-post-categories premium-blog-meta-data\">\r\n\t\t\t\t\t<i class=\"fa fa-align-left fa-fw\" aria-hidden=\"true\"><\/i>\r\n\t\t\t\t\t<a href=\"https:\/\/itexpert.top\/es\/category\/it-blog-es\" rel=\"category tag\">IT blog<\/a>, <a href=\"https:\/\/itexpert.top\/es\/category\/it-blog-es\/seguridad-en-internet\" rel=\"category tag\">Seguridad en Internet<\/a>\t\t\t\t<\/div>\r\n\t\t\t\r\n\t\t\t\t\t\t\t<span class=\"premium-blog-meta-separator\">\u2022<\/span>\r\n\t\t\t\t<div class=\"premium-blog-post-comments premium-blog-meta-data\">\r\n\t\t\t\t\t<i class=\"fa fa-comments-o fa-fw\" aria-hidden=\"true\"><\/i>\r\n\t\t\t\t\t<a href=\"https:\/\/itexpert.top\/es\/antivirus-para-android.html#respond\">No hay comentarios<\/a>\t\t\t\t<\/div>\r\n\t\t\t\t\t<\/div>\r\n\t\t\r\n\t\t\t\t\t<\/div>\r\n\r\n\t\t\t\t\t\t\t<div class=\"premium-blog-content-inner-wrapper\">\r\n\t\t<p class=\"premium-blog-post-content\">Antivirus para Android: c\u00f3mo elegir y configurar la protecci\u00f3n del smartphone Descripci\u00f3n breve: Aprende a elegir el mejor antivirus para Android, configurarlo \u2026<\/p>\t\t<\/div>\r\n\t\t\t\t\t\t\t\r\n\t\t\t\t<\/div>\r\n\t\t\t<\/div>\r\n\t\t<\/div>\r\n\r\n\t\t\t\t<div class=\"premium-blog-post-outer-container\" data-total=\"5\">\r\n\t\t\t<div class=\"premium-blog-post-container premium-blog-skin-classic\">\r\n\t\t\t\t\t\t\t\t\t<div class=\"premium-blog-thumb-effect-wrapper\">\r\n\t\t\t\t\t\t<div class=\"premium-blog-thumbnail-container premium-blog-zoomin-effect\">\r\n\t\t\t\t\t\t\t<img decoding=\"async\" width=\"500\" height=\"280\" src=\"https:\/\/i0.wp.com\/itexpert.top\/wp-content\/uploads\/2026\/04\/output1-62.jpeg?fit=500%2C280&amp;ssl=1\" class=\"attachment-full size-full wp-image-13026\" alt=\"\u0412\u0438 \u0432\u0438\u0433\u0440\u0430\u043b\u0438 \u043f\u0440\u0438\u0437 \/ \u043b\u043e\u0442\u0435\u0440\u0435\u044e\" \/>\t\t\t\t\t\t<\/div>\r\n\t\t\t\t\t\t\t\t\t\t\t\t\t<div class=\"premium-blog-thumbnail-overlay\">\r\n\t\t\t\t\t\t\t\t<a class=\"elementor-icon\" href=\"https:\/\/itexpert.top\/es\/has-ganado-un-premio-estafa-de-loteria.html\" target=\"_blank\"><\/a>\r\n\t\t\t\t\t\t\t<\/div>\r\n\r\n\t\t\t\t\t\t\t\t\t\t\t\t\t\t\t\t\t\t<\/div>\r\n\t\t\t\t\t\t\t\t\t\t\t\t<div class=\"premium-blog-content-wrapper \">\r\n\r\n\t\t\t\t\t<div class=\"premium-blog-inner-container\">\r\n\r\n\t\t\t\t\t\t\t\t\t\t\t\t\t\t<h2 class=\"premium-blog-entry-title\">\r\n\t\t\t<a href=\"https:\/\/itexpert.top\/es\/has-ganado-un-premio-estafa-de-loteria.html\" target=\"_blank\">\r\n\t\t\t\tHas ganado un premio \/ estafa de loter\u00eda\t\t\t<\/a>\r\n\t\t<\/h2>\r\n\t\t\t\t<div class=\"premium-blog-entry-meta\">\r\n\t\t\t\t\t\t\t<div class=\"premium-blog-post-author premium-blog-meta-data\">\r\n\t\t\t\t\t<i class=\"fa fa-user fa-fw\" aria-hidden=\"true\"><\/i>\r\n\t\t\t\t\t<a href=\"https:\/\/itexpert.top\/es\/author\/itexpert\" title=\"Entradas de itexpert\" rel=\"author\">itexpert<\/a>\t\t\t\t<\/div>\r\n\t\t\t\r\n\t\t\t\t\t\t\t<span class=\"premium-blog-meta-separator\">\u2022<\/span>\r\n\t\t\t\t<div class=\"premium-blog-post-time premium-blog-meta-data\">\r\n\t\t\t\t\t<i class=\"fa fa-calendar-alt\" aria-hidden=\"true\"><\/i>\r\n\t\t\t\t\t<span>3 de abril de 2026<\/span>\r\n\t\t\t\t<\/div>\r\n\t\t\t\r\n\t\t\t\t\t\t\t<span class=\"premium-blog-meta-separator\">\u2022<\/span>\r\n\t\t\t\t<div class=\"premium-blog-post-categories premium-blog-meta-data\">\r\n\t\t\t\t\t<i class=\"fa fa-align-left fa-fw\" aria-hidden=\"true\"><\/i>\r\n\t\t\t\t\t<a href=\"https:\/\/itexpert.top\/es\/category\/it-blog-es\/seguridad-en-internet\" rel=\"category tag\">Seguridad en Internet<\/a>\t\t\t\t<\/div>\r\n\t\t\t\r\n\t\t\t\t\t\t\t<span class=\"premium-blog-meta-separator\">\u2022<\/span>\r\n\t\t\t\t<div class=\"premium-blog-post-comments premium-blog-meta-data\">\r\n\t\t\t\t\t<i class=\"fa fa-comments-o fa-fw\" aria-hidden=\"true\"><\/i>\r\n\t\t\t\t\t<a href=\"https:\/\/itexpert.top\/es\/has-ganado-un-premio-estafa-de-loteria.html#respond\">No hay comentarios<\/a>\t\t\t\t<\/div>\r\n\t\t\t\t\t<\/div>\r\n\t\t\r\n\t\t\t\t\t<\/div>\r\n\r\n\t\t\t\t\t\t\t<div class=\"premium-blog-content-inner-wrapper\">\r\n\t\t<p class=\"premium-blog-post-content\">Has ganado un premio \/ estafa de loter\u00eda Descripci\u00f3n corta: Aprende a identificar un falso premio en una loter\u00eda online, reconocer mensajes \u2026<\/p>\t\t<\/div>\r\n\t\t\t\t\t\t\t\r\n\t\t\t\t<\/div>\r\n\t\t\t<\/div>\r\n\t\t<\/div>\r\n\r\n\t\t\t\t<div class=\"premium-blog-post-outer-container\" data-total=\"5\">\r\n\t\t\t<div class=\"premium-blog-post-container premium-blog-skin-classic\">\r\n\t\t\t\t\t\t\t\t\t<div class=\"premium-blog-thumb-effect-wrapper\">\r\n\t\t\t\t\t\t<div class=\"premium-blog-thumbnail-container premium-blog-zoomin-effect\">\r\n\t\t\t\t\t\t\t<img loading=\"lazy\" decoding=\"async\" width=\"500\" height=\"280\" src=\"https:\/\/i0.wp.com\/itexpert.top\/wp-content\/uploads\/2026\/04\/output1-29.jpeg?fit=500%2C280&amp;ssl=1\" class=\"attachment-full size-full wp-image-12814\" alt=\"\u0412\u0430\u0448 \u0430\u043a\u0430\u0443\u043d\u0442 \u0431\u0443\u0434\u0435 \u0437\u0430\u0431\u043b\u043e\u043a\u043e\u0432\u0430\u043d\u043e\" \/>\t\t\t\t\t\t<\/div>\r\n\t\t\t\t\t\t\t\t\t\t\t\t\t<div class=\"premium-blog-thumbnail-overlay\">\r\n\t\t\t\t\t\t\t\t<a class=\"elementor-icon\" href=\"https:\/\/itexpert.top\/es\/tu-cuenta-sera-bloqueada.html\" target=\"_blank\"><\/a>\r\n\t\t\t\t\t\t\t<\/div>\r\n\r\n\t\t\t\t\t\t\t\t\t\t\t\t\t\t\t\t\t\t<\/div>\r\n\t\t\t\t\t\t\t\t\t\t\t\t<div class=\"premium-blog-content-wrapper \">\r\n\r\n\t\t\t\t\t<div class=\"premium-blog-inner-container\">\r\n\r\n\t\t\t\t\t\t\t\t\t\t\t\t\t\t<h2 class=\"premium-blog-entry-title\">\r\n\t\t\t<a href=\"https:\/\/itexpert.top\/es\/tu-cuenta-sera-bloqueada.html\" target=\"_blank\">\r\n\t\t\t\tTu cuenta ser\u00e1 bloqueada\t\t\t<\/a>\r\n\t\t<\/h2>\r\n\t\t\t\t<div class=\"premium-blog-entry-meta\">\r\n\t\t\t\t\t\t\t<div class=\"premium-blog-post-author premium-blog-meta-data\">\r\n\t\t\t\t\t<i class=\"fa fa-user fa-fw\" aria-hidden=\"true\"><\/i>\r\n\t\t\t\t\t<a href=\"https:\/\/itexpert.top\/es\/author\/itexpert\" title=\"Entradas de itexpert\" rel=\"author\">itexpert<\/a>\t\t\t\t<\/div>\r\n\t\t\t\r\n\t\t\t\t\t\t\t<span class=\"premium-blog-meta-separator\">\u2022<\/span>\r\n\t\t\t\t<div class=\"premium-blog-post-time premium-blog-meta-data\">\r\n\t\t\t\t\t<i class=\"fa fa-calendar-alt\" aria-hidden=\"true\"><\/i>\r\n\t\t\t\t\t<span>2 de abril de 2026<\/span>\r\n\t\t\t\t<\/div>\r\n\t\t\t\r\n\t\t\t\t\t\t\t<span class=\"premium-blog-meta-separator\">\u2022<\/span>\r\n\t\t\t\t<div class=\"premium-blog-post-categories premium-blog-meta-data\">\r\n\t\t\t\t\t<i class=\"fa fa-align-left fa-fw\" aria-hidden=\"true\"><\/i>\r\n\t\t\t\t\t<a href=\"https:\/\/itexpert.top\/es\/category\/it-blog-es\/seguridad-en-internet\" rel=\"category tag\">Seguridad en Internet<\/a>\t\t\t\t<\/div>\r\n\t\t\t\r\n\t\t\t\t\t\t\t<span class=\"premium-blog-meta-separator\">\u2022<\/span>\r\n\t\t\t\t<div class=\"premium-blog-post-comments premium-blog-meta-data\">\r\n\t\t\t\t\t<i class=\"fa fa-comments-o fa-fw\" aria-hidden=\"true\"><\/i>\r\n\t\t\t\t\t<a href=\"https:\/\/itexpert.top\/es\/tu-cuenta-sera-bloqueada.html#respond\">No hay comentarios<\/a>\t\t\t\t<\/div>\r\n\t\t\t\t\t<\/div>\r\n\t\t\r\n\t\t\t\t\t<\/div>\r\n\r\n\t\t\t\t\t\t\t<div class=\"premium-blog-content-inner-wrapper\">\r\n\t\t<p class=\"premium-blog-post-content\">Tu cuenta ser\u00e1 bloqueada \u2013 estafa de phishing Descripci\u00f3n corta: Aprende c\u00f3mo los estafadores utilizan mensajes urgentes de bloqueo de cuenta, soporte \u2026<\/p>\t\t<\/div>\r\n\t\t\t\t\t\t\t\r\n\t\t\t\t<\/div>\r\n\t\t\t<\/div>\r\n\t\t<\/div>\r\n\r\n\t\t\t\t<\/div>\r\n\r\n\t\t\t\t\t\t<\/div>\n\t\t\t\t<\/div>\n\t\t\t\t\t<\/div>\n\t\t\t\t<\/div>\n\t\t\t\t<\/div>\n\t\t","protected":false},"excerpt":{"rendered":"<p>Seguridad en Internet \u00bfC\u00f3mo conectar un ordenador a Internet? itexpert \u2022 07.08.2024 \u2022 Red de Internet, Seguridad en Internet, Windows 10, Windows 11, Windows 7, Windows 8, Windows Server 2016\/2019 \u2022 No hay comentarios \u00bfC\u00f3mo conectar un ordenador a Internet? &hellip; <\/p>\n","protected":false},"author":1,"featured_media":0,"parent":3747,"menu_order":0,"comment_status":"closed","ping_status":"closed","template":"elementor_header_footer","meta":{"slim_seo":{"title":"Tu cuenta ser\u00e1 bloqueada - ITexpert","description":"Tu cuenta ser\u00e1 bloqueada \u2013 estafa de phishing Descripci\u00f3n corta: Aprende c\u00f3mo los estafadores utilizan mensajes urgentes de bloqueo de cuenta, soporte falso y a"},"footnotes":""},"class_list":["post-7078","page","type-page","status-publish","hentry"],"_links":{"self":[{"href":"https:\/\/itexpert.top\/es\/wp-json\/wp\/v2\/pages\/7078","targetHints":{"allow":["GET"]}}],"collection":[{"href":"https:\/\/itexpert.top\/es\/wp-json\/wp\/v2\/pages"}],"about":[{"href":"https:\/\/itexpert.top\/es\/wp-json\/wp\/v2\/types\/page"}],"author":[{"embeddable":true,"href":"https:\/\/itexpert.top\/es\/wp-json\/wp\/v2\/users\/1"}],"replies":[{"embeddable":true,"href":"https:\/\/itexpert.top\/es\/wp-json\/wp\/v2\/comments?post=7078"}],"version-history":[{"count":4,"href":"https:\/\/itexpert.top\/es\/wp-json\/wp\/v2\/pages\/7078\/revisions"}],"predecessor-version":[{"id":7083,"href":"https:\/\/itexpert.top\/es\/wp-json\/wp\/v2\/pages\/7078\/revisions\/7083"}],"up":[{"embeddable":true,"href":"https:\/\/itexpert.top\/es\/wp-json\/wp\/v2\/pages\/3747"}],"wp:attachment":[{"href":"https:\/\/itexpert.top\/es\/wp-json\/wp\/v2\/media?parent=7078"}],"curies":[{"name":"wp","href":"https:\/\/api.w.org\/{rel}","templated":true}]}}