{"id":7218,"date":"2023-06-26T16:06:04","date_gmt":"2023-06-26T13:06:04","guid":{"rendered":"https:\/\/itexpert.top\/?page_id=7218"},"modified":"2026-04-10T12:07:27","modified_gmt":"2026-04-10T09:07:27","slug":"impresora","status":"publish","type":"page","link":"https:\/\/itexpert.top\/es\/blog-de-informatica\/impresora","title":{"rendered":"Impresora"},"content":{"rendered":"\t\t<div data-elementor-type=\"wp-page\" data-elementor-id=\"7218\" class=\"elementor elementor-7218 elementor-4036\" data-elementor-post-type=\"page\">\n\t\t\t\t<div class=\"elementor-element elementor-element-e482851 e-flex e-con-boxed e-con e-parent\" data-id=\"e482851\" data-element_type=\"container\">\n\t\t\t\t\t<div class=\"e-con-inner\">\n\t\t\t\t<div class=\"elementor-element elementor-element-56d695b elementor-widget elementor-widget-heading\" data-id=\"56d695b\" data-element_type=\"widget\" data-widget_type=\"heading.default\">\n\t\t\t\t<div class=\"elementor-widget-container\">\n\t\t\t\t\t<h4 class=\"elementor-heading-title elementor-size-default\">Impresora<\/h4>\t\t\t\t<\/div>\n\t\t\t\t<\/div>\n\t\t\t\t\t<\/div>\n\t\t\t\t<\/div>\n\t\t<div class=\"elementor-element elementor-element-bc12b21 e-flex e-con-boxed e-con e-parent\" data-id=\"bc12b21\" data-element_type=\"container\">\n\t\t\t\t\t<div class=\"e-con-inner\">\n\t\t\t\t<div class=\"elementor-element elementor-element-5868b5f premium-blog-align-left elementor-widget elementor-widget-premium-addon-blog\" data-id=\"5868b5f\" data-element_type=\"widget\" data-settings=\"{&quot;premium_blog_infinite_scroll&quot;:&quot;yes&quot;,&quot;premium_blog_grid&quot;:&quot;yes&quot;,&quot;premium_blog_layout&quot;:&quot;even&quot;,&quot;premium_blog_columns_number&quot;:&quot;50%&quot;,&quot;premium_blog_columns_number_tablet&quot;:&quot;50%&quot;,&quot;premium_blog_columns_number_mobile&quot;:&quot;100%&quot;}\" data-widget_type=\"premium-addon-blog.default\">\n\t\t\t\t<div class=\"elementor-widget-container\">\n\t\t\t\t\t\r\n\t\t\t\t<div class=\"premium-blog-wrap  premium-blog-even\" data-page=\"7218\">\r\n\t\t\t\t\t<div class=\"premium-blog-post-outer-container\" data-total=\"1\">\r\n\t\t\t<div class=\"premium-blog-post-container premium-blog-skin-classic\">\r\n\t\t\t\t\t\t\t\t\t<div class=\"premium-blog-thumb-effect-wrapper\">\r\n\t\t\t\t\t\t<div class=\"premium-blog-thumbnail-container premium-blog-zoomin-effect\">\r\n\t\t\t\t\t\t\t<img fetchpriority=\"high\" decoding=\"async\" width=\"500\" height=\"280\" src=\"https:\/\/i0.wp.com\/itexpert.top\/wp-content\/uploads\/2026\/04\/SHCHo-robyty-iakshcho-prynter-ne-bachyt-kartrydzh.png?fit=500%2C280&amp;ssl=1\" class=\"attachment-full size-full wp-image-16120\" alt=\"\u0429\u043e \u0440\u043e\u0431\u0438\u0442\u0438, \u044f\u043a\u0449\u043e \u043f\u0440\u0438\u043d\u0442\u0435\u0440 \u043d\u0435 \u0431\u0430\u0447\u0438\u0442\u044c \u043a\u0430\u0440\u0442\u0440\u0438\u0434\u0436\" \/>\t\t\t\t\t\t<\/div>\r\n\t\t\t\t\t\t\t\t\t\t\t\t\t<div class=\"premium-blog-thumbnail-overlay\">\r\n\t\t\t\t\t\t\t\t<a class=\"elementor-icon\" href=\"https:\/\/itexpert.top\/es\/que-hacer-si-la-impresora-no-reconoce-el-cartucho.html\" target=\"_blank\"><\/a>\r\n\t\t\t\t\t\t\t<\/div>\r\n\r\n\t\t\t\t\t\t\t\t\t\t\t\t\t\t\t\t\t\t<\/div>\r\n\t\t\t\t\t\t\t\t\t\t\t\t<div class=\"premium-blog-content-wrapper \">\r\n\r\n\t\t\t\t\t<div class=\"premium-blog-inner-container\">\r\n\r\n\t\t\t\t\t\t\t\t\t\t\t\t\t\t<h2 class=\"premium-blog-entry-title\">\r\n\t\t\t<a href=\"https:\/\/itexpert.top\/es\/que-hacer-si-la-impresora-no-reconoce-el-cartucho.html\" target=\"_blank\">\r\n\t\t\t\tQu\u00e9 hacer si la impresora no reconoce el cartucho\t\t\t<\/a>\r\n\t\t<\/h2>\r\n\t\t\t\t<div class=\"premium-blog-entry-meta\">\r\n\t\t\t\t\t\t\t<div class=\"premium-blog-post-author premium-blog-meta-data\">\r\n\t\t\t\t\t<i class=\"fa fa-user fa-fw\" aria-hidden=\"true\"><\/i>\r\n\t\t\t\t\t<a href=\"https:\/\/itexpert.top\/es\/author\/itexpert\" title=\"Entradas de itexpert\" rel=\"author\">itexpert<\/a>\t\t\t\t<\/div>\r\n\t\t\t\r\n\t\t\t\t\t\t\t<span class=\"premium-blog-meta-separator\">\u2022<\/span>\r\n\t\t\t\t<div class=\"premium-blog-post-time premium-blog-meta-data\">\r\n\t\t\t\t\t<i class=\"fa fa-calendar-alt\" aria-hidden=\"true\"><\/i>\r\n\t\t\t\t\t<span>15 de abril de 2026<\/span>\r\n\t\t\t\t<\/div>\r\n\t\t\t\r\n\t\t\t\t\t\t\t<span class=\"premium-blog-meta-separator\">\u2022<\/span>\r\n\t\t\t\t<div class=\"premium-blog-post-categories premium-blog-meta-data\">\r\n\t\t\t\t\t<i class=\"fa fa-align-left fa-fw\" aria-hidden=\"true\"><\/i>\r\n\t\t\t\t\t<a href=\"https:\/\/itexpert.top\/es\/category\/it-blog-es\/impresora\" rel=\"category tag\">Impresora<\/a>\t\t\t\t<\/div>\r\n\t\t\t\r\n\t\t\t\t\t\t\t<span class=\"premium-blog-meta-separator\">\u2022<\/span>\r\n\t\t\t\t<div class=\"premium-blog-post-comments premium-blog-meta-data\">\r\n\t\t\t\t\t<i class=\"fa fa-comments-o fa-fw\" aria-hidden=\"true\"><\/i>\r\n\t\t\t\t\t<a href=\"https:\/\/itexpert.top\/es\/que-hacer-si-la-impresora-no-reconoce-el-cartucho.html#respond\">No hay comentarios<\/a>\t\t\t\t<\/div>\r\n\t\t\t\t\t<\/div>\r\n\t\t\r\n\t\t\t\t\t<\/div>\r\n\r\n\t\t\t\t\t\t\t<div class=\"premium-blog-content-inner-wrapper\">\r\n\t\t<p class=\"premium-blog-post-content\">Qu\u00e9 hacer si la impresora no reconoce el cartucho Descripci\u00f3n corta: descubre por qu\u00e9 la impresora no detecta el cartucho, las causas \u2026<\/p>\t\t<\/div>\r\n\t\t\t\t\t\t\t\r\n\t\t\t\t<\/div>\r\n\t\t\t<\/div>\r\n\t\t<\/div>\r\n\r\n\t\t\t\t<div class=\"premium-blog-post-outer-container\" data-total=\"1\">\r\n\t\t\t<div class=\"premium-blog-post-container premium-blog-skin-classic\">\r\n\t\t\t\t\t\t\t\t\t<div class=\"premium-blog-thumb-effect-wrapper\">\r\n\t\t\t\t\t\t<div class=\"premium-blog-thumbnail-container premium-blog-zoomin-effect\">\r\n\t\t\t\t\t\t\t<img decoding=\"async\" width=\"500\" height=\"500\" src=\"https:\/\/i0.wp.com\/itexpert.top\/wp-content\/uploads\/2026\/04\/Pomylka-I-O-error-pry-skanuvanni-u-Windows-10-ta-rishennia-cherez-hotfix_usb_win10_v1803-1.png?fit=500%2C500&amp;ssl=1\" class=\"attachment-full size-full wp-image-14323\" alt=\"\u041f\u043e\u043c\u0438\u043b\u043a\u0430 I O error \u043f\u0440\u0438 \u0441\u043a\u0430\u043d\u0443\u0432\u0430\u043d\u043d\u0456 \u0443 Windows 10 \u0442\u0430 \u0440\u0456\u0448\u0435\u043d\u043d\u044f \u0447\u0435\u0440\u0435\u0437 hotfix usb win10 v1803\" srcset=\"https:\/\/i0.wp.com\/itexpert.top\/wp-content\/uploads\/2026\/04\/Pomylka-I-O-error-pry-skanuvanni-u-Windows-10-ta-rishennia-cherez-hotfix_usb_win10_v1803-1.png?w=500&amp;ssl=1 500w, https:\/\/i0.wp.com\/itexpert.top\/wp-content\/uploads\/2026\/04\/Pomylka-I-O-error-pry-skanuvanni-u-Windows-10-ta-rishennia-cherez-hotfix_usb_win10_v1803-1.png?resize=280%2C280&amp;ssl=1 280w, https:\/\/i0.wp.com\/itexpert.top\/wp-content\/uploads\/2026\/04\/Pomylka-I-O-error-pry-skanuvanni-u-Windows-10-ta-rishennia-cherez-hotfix_usb_win10_v1803-1.png?resize=150%2C150&amp;ssl=1 150w\" sizes=\"(max-width: 500px) 100vw, 500px\" \/>\t\t\t\t\t\t<\/div>\r\n\t\t\t\t\t\t\t\t\t\t\t\t\t<div class=\"premium-blog-thumbnail-overlay\">\r\n\t\t\t\t\t\t\t\t<a class=\"elementor-icon\" href=\"https:\/\/itexpert.top\/es\/error-i-o-error-al-escanear-en-windows-10-y-solucion-con.html\" target=\"_blank\"><\/a>\r\n\t\t\t\t\t\t\t<\/div>\r\n\r\n\t\t\t\t\t\t\t\t\t\t\t\t\t\t\t\t\t\t<\/div>\r\n\t\t\t\t\t\t\t\t\t\t\t\t<div class=\"premium-blog-content-wrapper \">\r\n\r\n\t\t\t\t\t<div class=\"premium-blog-inner-container\">\r\n\r\n\t\t\t\t\t\t\t\t\t\t\t\t\t\t<h2 class=\"premium-blog-entry-title\">\r\n\t\t\t<a href=\"https:\/\/itexpert.top\/es\/error-i-o-error-al-escanear-en-windows-10-y-solucion-con.html\" target=\"_blank\">\r\n\t\t\t\tError I O error al escanear en Windows 10 y soluci\u00f3n con\t\t\t<\/a>\r\n\t\t<\/h2>\r\n\t\t\t\t<div class=\"premium-blog-entry-meta\">\r\n\t\t\t\t\t\t\t<div class=\"premium-blog-post-author premium-blog-meta-data\">\r\n\t\t\t\t\t<i class=\"fa fa-user fa-fw\" aria-hidden=\"true\"><\/i>\r\n\t\t\t\t\t<a href=\"https:\/\/itexpert.top\/es\/author\/itexpert\" title=\"Entradas de itexpert\" rel=\"author\">itexpert<\/a>\t\t\t\t<\/div>\r\n\t\t\t\r\n\t\t\t\t\t\t\t<span class=\"premium-blog-meta-separator\">\u2022<\/span>\r\n\t\t\t\t<div class=\"premium-blog-post-time premium-blog-meta-data\">\r\n\t\t\t\t\t<i class=\"fa fa-calendar-alt\" aria-hidden=\"true\"><\/i>\r\n\t\t\t\t\t<span>10 de abril de 2026<\/span>\r\n\t\t\t\t<\/div>\r\n\t\t\t\r\n\t\t\t\t\t\t\t<span class=\"premium-blog-meta-separator\">\u2022<\/span>\r\n\t\t\t\t<div class=\"premium-blog-post-categories premium-blog-meta-data\">\r\n\t\t\t\t\t<i class=\"fa fa-align-left fa-fw\" aria-hidden=\"true\"><\/i>\r\n\t\t\t\t\t<a href=\"https:\/\/itexpert.top\/es\/category\/it-blog-es\/impresora\" rel=\"category tag\">Impresora<\/a>, <a href=\"https:\/\/itexpert.top\/es\/category\/it-blog-es\/windows-es\/windows-10-es\" rel=\"category tag\">Windows 10<\/a>\t\t\t\t<\/div>\r\n\t\t\t\r\n\t\t\t\t\t\t\t<span class=\"premium-blog-meta-separator\">\u2022<\/span>\r\n\t\t\t\t<div class=\"premium-blog-post-comments premium-blog-meta-data\">\r\n\t\t\t\t\t<i class=\"fa fa-comments-o fa-fw\" aria-hidden=\"true\"><\/i>\r\n\t\t\t\t\t<a href=\"https:\/\/itexpert.top\/es\/error-i-o-error-al-escanear-en-windows-10-y-solucion-con.html#respond\">No hay comentarios<\/a>\t\t\t\t<\/div>\r\n\t\t\t\t\t<\/div>\r\n\t\t\r\n\t\t\t\t\t<\/div>\r\n\r\n\t\t\t\t\t\t\t<div class=\"premium-blog-content-inner-wrapper\">\r\n\t\t<p class=\"premium-blog-post-content\">Error I O error al escanear en Windows 10 y soluci\u00f3n con hotfix_usb_win10_v1803 Descripci\u00f3n breve: Gu\u00eda detallada para solucionar el error I \u2026<\/p>\t\t<\/div>\r\n\t\t\t\t\t\t\t\r\n\t\t\t\t<\/div>\r\n\t\t\t<\/div>\r\n\t\t<\/div>\r\n\r\n\t\t\t\t<div class=\"premium-blog-post-outer-container\" data-total=\"1\">\r\n\t\t\t<div class=\"premium-blog-post-container premium-blog-skin-classic\">\r\n\t\t\t\t\t\t\t\t\t\t\t\t<div class=\"premium-blog-content-wrapper empty-thumb\">\r\n\r\n\t\t\t\t\t<div class=\"premium-blog-inner-container\">\r\n\r\n\t\t\t\t\t\t\t\t\t\t\t\t\t\t<h2 class=\"premium-blog-entry-title\">\r\n\t\t\t<a href=\"https:\/\/itexpert.top\/es\/que-es-el-adf-de-una-impresora-y-como-ahorrar-dinero-utilizandolo-ejemplos-y-coste.html\" target=\"_blank\">\r\n\t\t\t\t\u00bfQu\u00e9 es el ADF de una impresora y c\u00f3mo ahorrar dinero utiliz\u00e1ndolo? Ejemplos y coste.\t\t\t<\/a>\r\n\t\t<\/h2>\r\n\t\t\t\t<div class=\"premium-blog-entry-meta\">\r\n\t\t\t\t\t\t\t<div class=\"premium-blog-post-author premium-blog-meta-data\">\r\n\t\t\t\t\t<i class=\"fa fa-user fa-fw\" aria-hidden=\"true\"><\/i>\r\n\t\t\t\t\t<a href=\"https:\/\/itexpert.top\/es\/author\/itexpert\" title=\"Entradas de itexpert\" rel=\"author\">itexpert<\/a>\t\t\t\t<\/div>\r\n\t\t\t\r\n\t\t\t\t\t\t\t<span class=\"premium-blog-meta-separator\">\u2022<\/span>\r\n\t\t\t\t<div class=\"premium-blog-post-time premium-blog-meta-data\">\r\n\t\t\t\t\t<i class=\"fa fa-calendar-alt\" aria-hidden=\"true\"><\/i>\r\n\t\t\t\t\t<span>28 de junio de 2023<\/span>\r\n\t\t\t\t<\/div>\r\n\t\t\t\r\n\t\t\t\t\t\t\t<span class=\"premium-blog-meta-separator\">\u2022<\/span>\r\n\t\t\t\t<div class=\"premium-blog-post-categories premium-blog-meta-data\">\r\n\t\t\t\t\t<i class=\"fa fa-align-left fa-fw\" aria-hidden=\"true\"><\/i>\r\n\t\t\t\t\t<a href=\"https:\/\/itexpert.top\/es\/category\/it-blog-es\/impresora\" rel=\"category tag\">Impresora<\/a>\t\t\t\t<\/div>\r\n\t\t\t\r\n\t\t\t\t\t\t\t<span class=\"premium-blog-meta-separator\">\u2022<\/span>\r\n\t\t\t\t<div class=\"premium-blog-post-comments premium-blog-meta-data\">\r\n\t\t\t\t\t<i class=\"fa fa-comments-o fa-fw\" aria-hidden=\"true\"><\/i>\r\n\t\t\t\t\t<a href=\"https:\/\/itexpert.top\/es\/que-es-el-adf-de-una-impresora-y-como-ahorrar-dinero-utilizandolo-ejemplos-y-coste.html#respond\">No hay comentarios<\/a>\t\t\t\t<\/div>\r\n\t\t\t\t\t<\/div>\r\n\t\t\r\n\t\t\t\t\t<\/div>\r\n\r\n\t\t\t\t\t\t\t<div class=\"premium-blog-content-inner-wrapper\">\r\n\t\t<p class=\"premium-blog-post-content\">\u00bfQu\u00e9 es el ADF de una impresora y c\u00f3mo ahorrar dinero utiliz\u00e1ndolo? Un sistema de suministro continuo de tinta (CISS) es una \u2026<\/p>\t\t<\/div>\r\n\t\t\t\t\t\t\t\r\n\t\t\t\t<\/div>\r\n\t\t\t<\/div>\r\n\t\t<\/div>\r\n\r\n\t\t\t\t<div class=\"premium-blog-post-outer-container\" data-total=\"1\">\r\n\t\t\t<div class=\"premium-blog-post-container premium-blog-skin-classic\">\r\n\t\t\t\t\t\t\t\t\t\t\t\t<div class=\"premium-blog-content-wrapper empty-thumb\">\r\n\r\n\t\t\t\t\t<div class=\"premium-blog-inner-container\">\r\n\r\n\t\t\t\t\t\t\t\t\t\t\t\t\t\t<h2 class=\"premium-blog-entry-title\">\r\n\t\t\t<a href=\"https:\/\/itexpert.top\/es\/como-elijo-una-impresora-que-es-mejor-inyeccion-de-tinta-o-laser.html\" target=\"_blank\">\r\n\t\t\t\t\u00bfC\u00f3mo elijo una impresora? \u00bfQu\u00e9 es mejor: inyecci\u00f3n de tinta o l\u00e1ser?\t\t\t<\/a>\r\n\t\t<\/h2>\r\n\t\t\t\t<div class=\"premium-blog-entry-meta\">\r\n\t\t\t\t\t\t\t<div class=\"premium-blog-post-author premium-blog-meta-data\">\r\n\t\t\t\t\t<i class=\"fa fa-user fa-fw\" aria-hidden=\"true\"><\/i>\r\n\t\t\t\t\t<a href=\"https:\/\/itexpert.top\/es\/author\/itexpert\" title=\"Entradas de itexpert\" rel=\"author\">itexpert<\/a>\t\t\t\t<\/div>\r\n\t\t\t\r\n\t\t\t\t\t\t\t<span class=\"premium-blog-meta-separator\">\u2022<\/span>\r\n\t\t\t\t<div class=\"premium-blog-post-time premium-blog-meta-data\">\r\n\t\t\t\t\t<i class=\"fa fa-calendar-alt\" aria-hidden=\"true\"><\/i>\r\n\t\t\t\t\t<span>26 de junio de 2023<\/span>\r\n\t\t\t\t<\/div>\r\n\t\t\t\r\n\t\t\t\t\t\t\t<span class=\"premium-blog-meta-separator\">\u2022<\/span>\r\n\t\t\t\t<div class=\"premium-blog-post-categories premium-blog-meta-data\">\r\n\t\t\t\t\t<i class=\"fa fa-align-left fa-fw\" aria-hidden=\"true\"><\/i>\r\n\t\t\t\t\t<a href=\"https:\/\/itexpert.top\/es\/category\/it-blog-es\/impresora\" rel=\"category tag\">Impresora<\/a>\t\t\t\t<\/div>\r\n\t\t\t\r\n\t\t\t\t\t\t\t<span class=\"premium-blog-meta-separator\">\u2022<\/span>\r\n\t\t\t\t<div class=\"premium-blog-post-comments premium-blog-meta-data\">\r\n\t\t\t\t\t<i class=\"fa fa-comments-o fa-fw\" aria-hidden=\"true\"><\/i>\r\n\t\t\t\t\t<a href=\"https:\/\/itexpert.top\/es\/como-elijo-una-impresora-que-es-mejor-inyeccion-de-tinta-o-laser.html#respond\">No hay comentarios<\/a>\t\t\t\t<\/div>\r\n\t\t\t\t\t<\/div>\r\n\t\t\r\n\t\t\t\t\t<\/div>\r\n\r\n\t\t\t\t\t\t\t<div class=\"premium-blog-content-inner-wrapper\">\r\n\t\t<p class=\"premium-blog-post-content\">\u00bfC\u00f3mo elijo una impresora? \u00bfQu\u00e9 es mejor: inyecci\u00f3n de tinta o l\u00e1ser? La impresora que elijas depende de tu uso y necesidades. \u2026<\/p>\t\t<\/div>\r\n\t\t\t\t\t\t\t\r\n\t\t\t\t<\/div>\r\n\t\t\t<\/div>\r\n\t\t<\/div>\r\n\r\n\t\t\t\t<\/div>\r\n\r\n\t\t\t\t\t\t<\/div>\n\t\t\t\t<\/div>\n\t\t\t\t\t<\/div>\n\t\t\t\t<\/div>\n\t\t\t\t<\/div>\n\t\t","protected":false},"excerpt":{"rendered":"<p>Impresora Error I O error al escanear en Windows 10 y soluci\u00f3n con itexpert \u2022 10 de abril de 2026 \u2022 Impresora, Windows 10 \u2022 No hay comentarios Error I O error al escanear en Windows 10 y soluci\u00f3n con &hellip; <\/p>\n","protected":false},"author":1,"featured_media":0,"parent":3747,"menu_order":0,"comment_status":"closed","ping_status":"closed","template":"elementor_header_footer","meta":{"slim_seo":{"title":"\u00bfC\u00f3mo elijo una impresora? \u00bfQu\u00e9 es mejor: inyecci\u00f3n de tinta o l\u00e1ser? - ITexpert","description":"\u00bfC\u00f3mo elijo una impresora? \u00bfQu\u00e9 es mejor: inyecci\u00f3n de tinta o l\u00e1ser? La impresora que elijas depende de tu uso y necesidades. Cada tipo de impresora tiene sus"},"footnotes":""},"class_list":["post-7218","page","type-page","status-publish","hentry"],"_links":{"self":[{"href":"https:\/\/itexpert.top\/es\/wp-json\/wp\/v2\/pages\/7218","targetHints":{"allow":["GET"]}}],"collection":[{"href":"https:\/\/itexpert.top\/es\/wp-json\/wp\/v2\/pages"}],"about":[{"href":"https:\/\/itexpert.top\/es\/wp-json\/wp\/v2\/types\/page"}],"author":[{"embeddable":true,"href":"https:\/\/itexpert.top\/es\/wp-json\/wp\/v2\/users\/1"}],"replies":[{"embeddable":true,"href":"https:\/\/itexpert.top\/es\/wp-json\/wp\/v2\/comments?post=7218"}],"version-history":[{"count":7,"href":"https:\/\/itexpert.top\/es\/wp-json\/wp\/v2\/pages\/7218\/revisions"}],"predecessor-version":[{"id":14334,"href":"https:\/\/itexpert.top\/es\/wp-json\/wp\/v2\/pages\/7218\/revisions\/14334"}],"up":[{"embeddable":true,"href":"https:\/\/itexpert.top\/es\/wp-json\/wp\/v2\/pages\/3747"}],"wp:attachment":[{"href":"https:\/\/itexpert.top\/es\/wp-json\/wp\/v2\/media?parent=7218"}],"curies":[{"name":"wp","href":"https:\/\/api.w.org\/{rel}","templated":true}]}}