{"id":8387,"date":"2023-07-11T10:41:45","date_gmt":"2023-07-11T07:41:45","guid":{"rendered":"https:\/\/itexpert.top\/?page_id=8387"},"modified":"2024-08-21T14:12:09","modified_gmt":"2024-08-21T11:12:09","slug":"windows-11","status":"publish","type":"page","link":"https:\/\/itexpert.top\/es\/windows\/windows-11","title":{"rendered":"Windows 11"},"content":{"rendered":"\t\t<div data-elementor-type=\"wp-page\" data-elementor-id=\"8387\" class=\"elementor elementor-8387 elementor-4502\" data-elementor-post-type=\"page\">\n\t\t\t\t<div class=\"elementor-element elementor-element-a8589a9 e-flex e-con-boxed e-con e-parent\" data-id=\"a8589a9\" data-element_type=\"container\">\n\t\t\t\t\t<div class=\"e-con-inner\">\n\t\t\t\t<div class=\"elementor-element elementor-element-d677ec8 elementor-widget elementor-widget-heading\" data-id=\"d677ec8\" data-element_type=\"widget\" data-widget_type=\"heading.default\">\n\t\t\t\t<div class=\"elementor-widget-container\">\n\t\t\t\t\t<h4 class=\"elementor-heading-title elementor-size-default\">Windows 11<\/h4>\t\t\t\t<\/div>\n\t\t\t\t<\/div>\n\t\t\t\t\t<\/div>\n\t\t\t\t<\/div>\n\t\t<div class=\"elementor-element elementor-element-a2995f3 e-flex e-con-boxed e-con e-parent\" data-id=\"a2995f3\" data-element_type=\"container\">\n\t\t\t\t\t<div class=\"e-con-inner\">\n\t\t\t\t<div class=\"elementor-element elementor-element-de11667 premium-blog-align-left elementor-widget elementor-widget-premium-addon-blog\" data-id=\"de11667\" data-element_type=\"widget\" data-settings=\"{&quot;premium_blog_grid&quot;:&quot;yes&quot;,&quot;premium_blog_layout&quot;:&quot;even&quot;,&quot;premium_blog_columns_number&quot;:&quot;50%&quot;,&quot;premium_blog_columns_number_tablet&quot;:&quot;50%&quot;,&quot;premium_blog_columns_number_mobile&quot;:&quot;100%&quot;}\" data-widget_type=\"premium-addon-blog.default\">\n\t\t\t\t<div class=\"elementor-widget-container\">\n\t\t\t\t\t\r\n\t\t\t\t<div class=\"premium-blog-wrap  premium-blog-even\" data-page=\"8387\">\r\n\t\t\t\t\t<div class=\"premium-blog-post-outer-container\" data-total=\"7\">\r\n\t\t\t<div class=\"premium-blog-post-container premium-blog-skin-classic\">\r\n\t\t\t\t\t\t\t\t\t<div class=\"premium-blog-thumb-effect-wrapper\">\r\n\t\t\t\t\t\t<div class=\"premium-blog-thumbnail-container premium-blog-zoomin-effect\">\r\n\t\t\t\t\t\t\t<img fetchpriority=\"high\" decoding=\"async\" width=\"500\" height=\"280\" src=\"https:\/\/i0.wp.com\/itexpert.top\/wp-content\/uploads\/2026\/04\/output1-147.jpeg?fit=500%2C280&amp;ssl=1\" class=\"attachment-full size-full wp-image-14045\" alt=\"Kernel for OST to PST Converter \u2013 \u043f\u0440\u043e\u0433\u0440\u0430\u043c\u0430 \u0434\u043b\u044f \u043a\u043e\u043d\u0432\u0435\u0440\u0442\u0430\u0446\u0456\u0457 \u0442\u0430 \u0440\u0435\u0434\u0430\u0433\u0443\u0432\u0430\u043d\u043d\u044f OST \u0444\u0430\u0439\u043b\u0456\u0432\" \/>\t\t\t\t\t\t<\/div>\r\n\t\t\t\t\t\t\t\t\t\t\t\t\t<div class=\"premium-blog-thumbnail-overlay\">\r\n\t\t\t\t\t\t\t\t<a class=\"elementor-icon\" href=\"https:\/\/itexpert.top\/es\/kernel-for-ost-to-pst-converter-programa-para-convertir-y-editar-archivos-ost.html\" target=\"_blank\"><\/a>\r\n\t\t\t\t\t\t\t<\/div>\r\n\r\n\t\t\t\t\t\t\t\t\t\t\t\t\t\t\t\t\t\t<\/div>\r\n\t\t\t\t\t\t\t\t\t\t\t\t<div class=\"premium-blog-content-wrapper \">\r\n\r\n\t\t\t\t\t<div class=\"premium-blog-inner-container\">\r\n\r\n\t\t\t\t\t\t\t\t\t\t\t\t\t\t<h2 class=\"premium-blog-entry-title\">\r\n\t\t\t<a href=\"https:\/\/itexpert.top\/es\/kernel-for-ost-to-pst-converter-programa-para-convertir-y-editar-archivos-ost.html\" target=\"_blank\">\r\n\t\t\t\tKernel for OST to PST Converter \u2013 programa para convertir y editar archivos OST\t\t\t<\/a>\r\n\t\t<\/h2>\r\n\t\t\t\t<div class=\"premium-blog-entry-meta\">\r\n\t\t\t\t\t\t\t<div class=\"premium-blog-post-author premium-blog-meta-data\">\r\n\t\t\t\t\t<i class=\"fa fa-user fa-fw\" aria-hidden=\"true\"><\/i>\r\n\t\t\t\t\t<a href=\"https:\/\/itexpert.top\/es\/author\/itexpert\" title=\"Entradas de itexpert\" rel=\"author\">itexpert<\/a>\t\t\t\t<\/div>\r\n\t\t\t\r\n\t\t\t\t\t\t\t<span class=\"premium-blog-meta-separator\">\u2022<\/span>\r\n\t\t\t\t<div class=\"premium-blog-post-time premium-blog-meta-data\">\r\n\t\t\t\t\t<i class=\"fa fa-calendar-alt\" aria-hidden=\"true\"><\/i>\r\n\t\t\t\t\t<span>7 de abril de 2026<\/span>\r\n\t\t\t\t<\/div>\r\n\t\t\t\r\n\t\t\t\t\t\t\t<span class=\"premium-blog-meta-separator\">\u2022<\/span>\r\n\t\t\t\t<div class=\"premium-blog-post-categories premium-blog-meta-data\">\r\n\t\t\t\t\t<i class=\"fa fa-align-left fa-fw\" aria-hidden=\"true\"><\/i>\r\n\t\t\t\t\t<a href=\"https:\/\/itexpert.top\/es\/category\/it-blog-es\" rel=\"category tag\">IT blog<\/a>, <a href=\"https:\/\/itexpert.top\/es\/category\/it-blog-es\/windows-es\/windows-10-es\" rel=\"category tag\">Windows 10<\/a>, <a href=\"https:\/\/itexpert.top\/es\/category\/it-blog-es\/windows-es\/windows-11-es\" rel=\"category tag\">Windows 11<\/a>, <a href=\"https:\/\/itexpert.top\/es\/category\/it-blog-es\/windows-es\/windows-7-es\" rel=\"category tag\">Windows 7<\/a>\t\t\t\t<\/div>\r\n\t\t\t\r\n\t\t\t\t\t\t\t<span class=\"premium-blog-meta-separator\">\u2022<\/span>\r\n\t\t\t\t<div class=\"premium-blog-post-comments premium-blog-meta-data\">\r\n\t\t\t\t\t<i class=\"fa fa-comments-o fa-fw\" aria-hidden=\"true\"><\/i>\r\n\t\t\t\t\t<a href=\"https:\/\/itexpert.top\/es\/kernel-for-ost-to-pst-converter-programa-para-convertir-y-editar-archivos-ost.html#respond\">No hay comentarios<\/a>\t\t\t\t<\/div>\r\n\t\t\t\t\t<\/div>\r\n\t\t\r\n\t\t\t\t\t<\/div>\r\n\r\n\t\t\t\t\t\t\t<div class=\"premium-blog-content-inner-wrapper\">\r\n\t\t<p class=\"premium-blog-post-content\">Kernel for OST to PST Converter \u2013 programa para convertir y editar archivos OST Descripci\u00f3n corta: Aprende c\u00f3mo usar Kernel for OST \u2026<\/p>\t\t<\/div>\r\n\t\t\t\t\t\t\t\r\n\t\t\t\t<\/div>\r\n\t\t\t<\/div>\r\n\t\t<\/div>\r\n\r\n\t\t\t\t<div class=\"premium-blog-post-outer-container\" data-total=\"7\">\r\n\t\t\t<div class=\"premium-blog-post-container premium-blog-skin-classic\">\r\n\t\t\t\t\t\t\t\t\t<div class=\"premium-blog-thumb-effect-wrapper\">\r\n\t\t\t\t\t\t<div class=\"premium-blog-thumbnail-container premium-blog-zoomin-effect\">\r\n\t\t\t\t\t\t\t<img decoding=\"async\" width=\"500\" height=\"280\" src=\"https:\/\/i0.wp.com\/itexpert.top\/wp-content\/uploads\/2026\/04\/output1-144.jpeg?fit=500%2C280&amp;ssl=1\" class=\"attachment-full size-full wp-image-14026\" alt=\"WhatsApp \u043d\u0435 \u0437\u0430\u043f\u0443\u0441\u043a\u0430\u0454\u0442\u044c\u0441\u044f \u0449\u043e \u0440\u043e\u0431\u0438\u0442\u0438\" \/>\t\t\t\t\t\t<\/div>\r\n\t\t\t\t\t\t\t\t\t\t\t\t\t<div class=\"premium-blog-thumbnail-overlay\">\r\n\t\t\t\t\t\t\t\t<a class=\"elementor-icon\" href=\"https:\/\/itexpert.top\/es\/whatsapp-no-se-abre-que-hacer-9-metodos-comprobados-para-solucionarlo.html\" target=\"_blank\"><\/a>\r\n\t\t\t\t\t\t\t<\/div>\r\n\r\n\t\t\t\t\t\t\t\t\t\t\t\t\t\t\t\t\t\t<\/div>\r\n\t\t\t\t\t\t\t\t\t\t\t\t<div class=\"premium-blog-content-wrapper \">\r\n\r\n\t\t\t\t\t<div class=\"premium-blog-inner-container\">\r\n\r\n\t\t\t\t\t\t\t\t\t\t\t\t\t\t<h2 class=\"premium-blog-entry-title\">\r\n\t\t\t<a href=\"https:\/\/itexpert.top\/es\/whatsapp-no-se-abre-que-hacer-9-metodos-comprobados-para-solucionarlo.html\" target=\"_blank\">\r\n\t\t\t\tWhatsApp no se abre qu\u00e9 hacer &#8211; 9 m\u00e9todos comprobados para solucionarlo\t\t\t<\/a>\r\n\t\t<\/h2>\r\n\t\t\t\t<div class=\"premium-blog-entry-meta\">\r\n\t\t\t\t\t\t\t<div class=\"premium-blog-post-author premium-blog-meta-data\">\r\n\t\t\t\t\t<i class=\"fa fa-user fa-fw\" aria-hidden=\"true\"><\/i>\r\n\t\t\t\t\t<a href=\"https:\/\/itexpert.top\/es\/author\/itexpert\" title=\"Entradas de itexpert\" rel=\"author\">itexpert<\/a>\t\t\t\t<\/div>\r\n\t\t\t\r\n\t\t\t\t\t\t\t<span class=\"premium-blog-meta-separator\">\u2022<\/span>\r\n\t\t\t\t<div class=\"premium-blog-post-time premium-blog-meta-data\">\r\n\t\t\t\t\t<i class=\"fa fa-calendar-alt\" aria-hidden=\"true\"><\/i>\r\n\t\t\t\t\t<span>7 de abril de 2026<\/span>\r\n\t\t\t\t<\/div>\r\n\t\t\t\r\n\t\t\t\t\t\t\t<span class=\"premium-blog-meta-separator\">\u2022<\/span>\r\n\t\t\t\t<div class=\"premium-blog-post-categories premium-blog-meta-data\">\r\n\t\t\t\t\t<i class=\"fa fa-align-left fa-fw\" aria-hidden=\"true\"><\/i>\r\n\t\t\t\t\t<a href=\"https:\/\/itexpert.top\/es\/category\/it-blog-es\" rel=\"category tag\">IT blog<\/a>, <a href=\"https:\/\/itexpert.top\/es\/category\/it-blog-es\/windows-es\/windows-10-es\" rel=\"category tag\">Windows 10<\/a>, <a href=\"https:\/\/itexpert.top\/es\/category\/it-blog-es\/windows-es\/windows-11-es\" rel=\"category tag\">Windows 11<\/a>, <a href=\"https:\/\/itexpert.top\/es\/category\/it-blog-es\/windows-es\/windows-7-es\" rel=\"category tag\">Windows 7<\/a>, <a href=\"https:\/\/itexpert.top\/es\/category\/it-blog-es\/windows-es\/windows-8-es\" rel=\"category tag\">Windows 8<\/a>\t\t\t\t<\/div>\r\n\t\t\t\r\n\t\t\t\t\t\t\t<span class=\"premium-blog-meta-separator\">\u2022<\/span>\r\n\t\t\t\t<div class=\"premium-blog-post-comments premium-blog-meta-data\">\r\n\t\t\t\t\t<i class=\"fa fa-comments-o fa-fw\" aria-hidden=\"true\"><\/i>\r\n\t\t\t\t\t<a href=\"https:\/\/itexpert.top\/es\/whatsapp-no-se-abre-que-hacer-9-metodos-comprobados-para-solucionarlo.html#respond\">No hay comentarios<\/a>\t\t\t\t<\/div>\r\n\t\t\t\t\t<\/div>\r\n\t\t\r\n\t\t\t\t\t<\/div>\r\n\r\n\t\t\t\t\t\t\t<div class=\"premium-blog-content-inner-wrapper\">\r\n\t\t<p class=\"premium-blog-post-content\">WhatsApp no se abre qu\u00e9 hacer &#8211; 9 m\u00e9todos comprobados para solucionarlo Descripci\u00f3n corta: Gu\u00eda detallada para solucionar el problema cuando WhatsApp \u2026<\/p>\t\t<\/div>\r\n\t\t\t\t\t\t\t\r\n\t\t\t\t<\/div>\r\n\t\t\t<\/div>\r\n\t\t<\/div>\r\n\r\n\t\t\t\t<div class=\"premium-blog-post-outer-container\" data-total=\"7\">\r\n\t\t\t<div class=\"premium-blog-post-container premium-blog-skin-classic\">\r\n\t\t\t\t\t\t\t\t\t<div class=\"premium-blog-thumb-effect-wrapper\">\r\n\t\t\t\t\t\t<div class=\"premium-blog-thumbnail-container premium-blog-zoomin-effect\">\r\n\t\t\t\t\t\t\t<img decoding=\"async\" width=\"500\" height=\"280\" src=\"https:\/\/i0.wp.com\/itexpert.top\/wp-content\/uploads\/2026\/04\/output1-141.jpeg?fit=500%2C280&amp;ssl=1\" class=\"attachment-full size-full wp-image-13981\" alt=\"\u041d\u0430\u0439\u043a\u0440\u0430\u0449\u0438\u0439 VPN\" \/>\t\t\t\t\t\t<\/div>\r\n\t\t\t\t\t\t\t\t\t\t\t\t\t<div class=\"premium-blog-thumbnail-overlay\">\r\n\t\t\t\t\t\t\t\t<a class=\"elementor-icon\" href=\"https:\/\/itexpert.top\/es\/mejor-vpn-2026-ranking-de-servicios.html\" target=\"_blank\"><\/a>\r\n\t\t\t\t\t\t\t<\/div>\r\n\r\n\t\t\t\t\t\t\t\t\t\t\t\t\t\t\t\t\t\t<\/div>\r\n\t\t\t\t\t\t\t\t\t\t\t\t<div class=\"premium-blog-content-wrapper \">\r\n\r\n\t\t\t\t\t<div class=\"premium-blog-inner-container\">\r\n\r\n\t\t\t\t\t\t\t\t\t\t\t\t\t\t<h2 class=\"premium-blog-entry-title\">\r\n\t\t\t<a href=\"https:\/\/itexpert.top\/es\/mejor-vpn-2026-ranking-de-servicios.html\" target=\"_blank\">\r\n\t\t\t\tMejor VPN 2026 \u2014 ranking de servicios\t\t\t<\/a>\r\n\t\t<\/h2>\r\n\t\t\t\t<div class=\"premium-blog-entry-meta\">\r\n\t\t\t\t\t\t\t<div class=\"premium-blog-post-author premium-blog-meta-data\">\r\n\t\t\t\t\t<i class=\"fa fa-user fa-fw\" aria-hidden=\"true\"><\/i>\r\n\t\t\t\t\t<a href=\"https:\/\/itexpert.top\/es\/author\/itexpert\" title=\"Entradas de itexpert\" rel=\"author\">itexpert<\/a>\t\t\t\t<\/div>\r\n\t\t\t\r\n\t\t\t\t\t\t\t<span class=\"premium-blog-meta-separator\">\u2022<\/span>\r\n\t\t\t\t<div class=\"premium-blog-post-time premium-blog-meta-data\">\r\n\t\t\t\t\t<i class=\"fa fa-calendar-alt\" aria-hidden=\"true\"><\/i>\r\n\t\t\t\t\t<span>7 de abril de 2026<\/span>\r\n\t\t\t\t<\/div>\r\n\t\t\t\r\n\t\t\t\t\t\t\t<span class=\"premium-blog-meta-separator\">\u2022<\/span>\r\n\t\t\t\t<div class=\"premium-blog-post-categories premium-blog-meta-data\">\r\n\t\t\t\t\t<i class=\"fa fa-align-left fa-fw\" aria-hidden=\"true\"><\/i>\r\n\t\t\t\t\t<a href=\"https:\/\/itexpert.top\/es\/category\/it-blog-es\" rel=\"category tag\">IT blog<\/a>, <a href=\"https:\/\/itexpert.top\/es\/category\/it-blog-es\/red-de-internet\" rel=\"category tag\">Red de Internet<\/a>, <a href=\"https:\/\/itexpert.top\/es\/category\/it-blog-es\/windows-es\/windows-10-es\" rel=\"category tag\">Windows 10<\/a>, <a href=\"https:\/\/itexpert.top\/es\/category\/it-blog-es\/windows-es\/windows-11-es\" rel=\"category tag\">Windows 11<\/a>, <a href=\"https:\/\/itexpert.top\/es\/category\/it-blog-es\/windows-es\/windows-7-es\" rel=\"category tag\">Windows 7<\/a>, <a href=\"https:\/\/itexpert.top\/es\/category\/it-blog-es\/windows-es\/windows-8-es\" rel=\"category tag\">Windows 8<\/a>, <a href=\"https:\/\/itexpert.top\/es\/category\/it-blog-es\/windows-es\/windows-server-2016-2019-es\" rel=\"category tag\">Windows Server 2016\/2019<\/a>\t\t\t\t<\/div>\r\n\t\t\t\r\n\t\t\t\t\t\t\t<span class=\"premium-blog-meta-separator\">\u2022<\/span>\r\n\t\t\t\t<div class=\"premium-blog-post-comments premium-blog-meta-data\">\r\n\t\t\t\t\t<i class=\"fa fa-comments-o fa-fw\" aria-hidden=\"true\"><\/i>\r\n\t\t\t\t\t<a href=\"https:\/\/itexpert.top\/es\/mejor-vpn-2026-ranking-de-servicios.html#respond\">No hay comentarios<\/a>\t\t\t\t<\/div>\r\n\t\t\t\t\t<\/div>\r\n\t\t\r\n\t\t\t\t\t<\/div>\r\n\r\n\t\t\t\t\t\t\t<div class=\"premium-blog-content-inner-wrapper\">\r\n\t\t<p class=\"premium-blog-post-content\">Mejor VPN 2026 \u2014 ranking de servicios, comparaci\u00f3n y c\u00f3mo elegir un VPN para Windows Descripci\u00f3n corta: en este art\u00edculo encontrar\u00e1s el \u2026<\/p>\t\t<\/div>\r\n\t\t\t\t\t\t\t\r\n\t\t\t\t<\/div>\r\n\t\t\t<\/div>\r\n\t\t<\/div>\r\n\r\n\t\t\t\t<div class=\"premium-blog-post-outer-container\" data-total=\"7\">\r\n\t\t\t<div class=\"premium-blog-post-container premium-blog-skin-classic\">\r\n\t\t\t\t\t\t\t\t\t<div class=\"premium-blog-thumb-effect-wrapper\">\r\n\t\t\t\t\t\t<div class=\"premium-blog-thumbnail-container premium-blog-zoomin-effect\">\r\n\t\t\t\t\t\t\t<img loading=\"lazy\" decoding=\"async\" width=\"500\" height=\"280\" src=\"https:\/\/i0.wp.com\/itexpert.top\/wp-content\/uploads\/2026\/04\/output1-74.jpeg?fit=500%2C280&amp;ssl=1\" class=\"attachment-full size-full wp-image-13528\" alt=\"\u0411\u0435\u0437\u043a\u043e\u0448\u0442\u043e\u0432\u043d\u0438\u0439 VPN\" \/>\t\t\t\t\t\t<\/div>\r\n\t\t\t\t\t\t\t\t\t\t\t\t\t<div class=\"premium-blog-thumbnail-overlay\">\r\n\t\t\t\t\t\t\t\t<a class=\"elementor-icon\" href=\"https:\/\/itexpert.top\/es\/vpn-gratis.html\" target=\"_blank\"><\/a>\r\n\t\t\t\t\t\t\t<\/div>\r\n\r\n\t\t\t\t\t\t\t\t\t\t\t\t\t\t\t\t\t\t<\/div>\r\n\t\t\t\t\t\t\t\t\t\t\t\t<div class=\"premium-blog-content-wrapper \">\r\n\r\n\t\t\t\t\t<div class=\"premium-blog-inner-container\">\r\n\r\n\t\t\t\t\t\t\t\t\t\t\t\t\t\t<h2 class=\"premium-blog-entry-title\">\r\n\t\t\t<a href=\"https:\/\/itexpert.top\/es\/vpn-gratis.html\" target=\"_blank\">\r\n\t\t\t\tVPN gratis\t\t\t<\/a>\r\n\t\t<\/h2>\r\n\t\t\t\t<div class=\"premium-blog-entry-meta\">\r\n\t\t\t\t\t\t\t<div class=\"premium-blog-post-author premium-blog-meta-data\">\r\n\t\t\t\t\t<i class=\"fa fa-user fa-fw\" aria-hidden=\"true\"><\/i>\r\n\t\t\t\t\t<a href=\"https:\/\/itexpert.top\/es\/author\/itexpert\" title=\"Entradas de itexpert\" rel=\"author\">itexpert<\/a>\t\t\t\t<\/div>\r\n\t\t\t\r\n\t\t\t\t\t\t\t<span class=\"premium-blog-meta-separator\">\u2022<\/span>\r\n\t\t\t\t<div class=\"premium-blog-post-time premium-blog-meta-data\">\r\n\t\t\t\t\t<i class=\"fa fa-calendar-alt\" aria-hidden=\"true\"><\/i>\r\n\t\t\t\t\t<span>3 de abril de 2026<\/span>\r\n\t\t\t\t<\/div>\r\n\t\t\t\r\n\t\t\t\t\t\t\t<span class=\"premium-blog-meta-separator\">\u2022<\/span>\r\n\t\t\t\t<div class=\"premium-blog-post-categories premium-blog-meta-data\">\r\n\t\t\t\t\t<i class=\"fa fa-align-left fa-fw\" aria-hidden=\"true\"><\/i>\r\n\t\t\t\t\t<a href=\"https:\/\/itexpert.top\/es\/category\/it-blog-es\" rel=\"category tag\">IT blog<\/a>, <a href=\"https:\/\/itexpert.top\/es\/category\/it-blog-es\/red-de-internet\" rel=\"category tag\">Red de Internet<\/a>, <a href=\"https:\/\/itexpert.top\/es\/category\/it-blog-es\/windows-es\/windows-10-es\" rel=\"category tag\">Windows 10<\/a>, <a href=\"https:\/\/itexpert.top\/es\/category\/it-blog-es\/windows-es\/windows-11-es\" rel=\"category tag\">Windows 11<\/a>, <a href=\"https:\/\/itexpert.top\/es\/category\/it-blog-es\/windows-es\/windows-7-es\" rel=\"category tag\">Windows 7<\/a>, <a href=\"https:\/\/itexpert.top\/es\/category\/it-blog-es\/windows-es\/windows-8-es\" rel=\"category tag\">Windows 8<\/a>, <a href=\"https:\/\/itexpert.top\/es\/category\/it-blog-es\/windows-es\/windows-server-2016-2019-es\" rel=\"category tag\">Windows Server 2016\/2019<\/a>\t\t\t\t<\/div>\r\n\t\t\t\r\n\t\t\t\t\t\t\t<span class=\"premium-blog-meta-separator\">\u2022<\/span>\r\n\t\t\t\t<div class=\"premium-blog-post-comments premium-blog-meta-data\">\r\n\t\t\t\t\t<i class=\"fa fa-comments-o fa-fw\" aria-hidden=\"true\"><\/i>\r\n\t\t\t\t\t<a href=\"https:\/\/itexpert.top\/es\/vpn-gratis.html#respond\">No hay comentarios<\/a>\t\t\t\t<\/div>\r\n\t\t\t\t\t<\/div>\r\n\t\t\r\n\t\t\t\t\t<\/div>\r\n\r\n\t\t\t\t\t\t\t<div class=\"premium-blog-content-inner-wrapper\">\r\n\t\t<p class=\"premium-blog-post-content\">VPN gratis \u2014 c\u00f3mo elegir vpn gratis vpn, d\u00f3nde descargar y c\u00f3mo configurarlo en Windows Descripci\u00f3n corta: un VPN gratis permite proteger \u2026<\/p>\t\t<\/div>\r\n\t\t\t\t\t\t\t\r\n\t\t\t\t<\/div>\r\n\t\t\t<\/div>\r\n\t\t<\/div>\r\n\r\n\t\t\t\t<\/div>\r\n\r\n\t\t\t\t\t\t<\/div>\n\t\t\t\t<\/div>\n\t\t\t\t\t<\/div>\n\t\t\t\t<\/div>\n\t\t\t\t<\/div>\n\t\t","protected":false},"excerpt":{"rendered":"<p>Windows 11 \u00bfC\u00f3mo crear un correo electr\u00f3nico? \u00bfQu\u00e9 direcci\u00f3n de correo electr\u00f3nico elegir? itexpert \u2022 08.08.2024 \u2022 Navegadores, Windows 10, Windows 11, Windows 7, Windows 8 \u2022 No hay comentarios \u00bfC\u00f3mo crear un correo electr\u00f3nico? \u00bfQu\u00e9 direcci\u00f3n de correo electr\u00f3nico &hellip; <\/p>\n","protected":false},"author":1,"featured_media":0,"parent":7312,"menu_order":0,"comment_status":"closed","ping_status":"closed","template":"elementor_header_footer","meta":{"slim_seo":{"title":"VPN gratis - ITexpert","description":"VPN gratis \u2014 c\u00f3mo elegir vpn gratis vpn, d\u00f3nde descargar y c\u00f3mo configurarlo en Windows Descripci\u00f3n corta: un VPN gratis permite proteger la conexi\u00f3n a internet"},"footnotes":""},"class_list":["post-8387","page","type-page","status-publish","hentry"],"_links":{"self":[{"href":"https:\/\/itexpert.top\/es\/wp-json\/wp\/v2\/pages\/8387","targetHints":{"allow":["GET"]}}],"collection":[{"href":"https:\/\/itexpert.top\/es\/wp-json\/wp\/v2\/pages"}],"about":[{"href":"https:\/\/itexpert.top\/es\/wp-json\/wp\/v2\/types\/page"}],"author":[{"embeddable":true,"href":"https:\/\/itexpert.top\/es\/wp-json\/wp\/v2\/users\/1"}],"replies":[{"embeddable":true,"href":"https:\/\/itexpert.top\/es\/wp-json\/wp\/v2\/comments?post=8387"}],"version-history":[{"count":4,"href":"https:\/\/itexpert.top\/es\/wp-json\/wp\/v2\/pages\/8387\/revisions"}],"predecessor-version":[{"id":8406,"href":"https:\/\/itexpert.top\/es\/wp-json\/wp\/v2\/pages\/8387\/revisions\/8406"}],"up":[{"embeddable":true,"href":"https:\/\/itexpert.top\/es\/wp-json\/wp\/v2\/pages\/7312"}],"wp:attachment":[{"href":"https:\/\/itexpert.top\/es\/wp-json\/wp\/v2\/media?parent=8387"}],"curies":[{"name":"wp","href":"https:\/\/api.w.org\/{rel}","templated":true}]}}