{"id":15543,"date":"2026-03-31T14:43:53","date_gmt":"2026-03-31T11:43:53","guid":{"rendered":"https:\/\/itexpert.top\/?page_id=15543"},"modified":"2026-04-14T14:53:09","modified_gmt":"2026-04-14T11:53:09","slug":"programy","status":"publish","type":"page","link":"https:\/\/itexpert.top\/pl\/it-blog\/programy","title":{"rendered":"Programy"},"content":{"rendered":"\t\t<div data-elementor-type=\"wp-page\" data-elementor-id=\"15543\" class=\"elementor elementor-15543 elementor-12391\" data-elementor-post-type=\"page\">\n\t\t\t\t<div class=\"elementor-element elementor-element-28e492d e-flex e-con-boxed e-con e-parent\" data-id=\"28e492d\" data-element_type=\"container\">\n\t\t\t\t\t<div class=\"e-con-inner\">\n\t\t\t\t<div class=\"elementor-element elementor-element-4d389f9 elementor-widget elementor-widget-heading\" data-id=\"4d389f9\" data-element_type=\"widget\" data-widget_type=\"heading.default\">\n\t\t\t\t<div class=\"elementor-widget-container\">\n\t\t\t\t\t<h4 class=\"elementor-heading-title elementor-size-default\">Programy<\/h4>\t\t\t\t<\/div>\n\t\t\t\t<\/div>\n\t\t\t\t\t<\/div>\n\t\t\t\t<\/div>\n\t\t<div class=\"elementor-element elementor-element-54f92a3 e-flex e-con-boxed e-con e-parent\" data-id=\"54f92a3\" data-element_type=\"container\">\n\t\t\t\t\t<div class=\"e-con-inner\">\n\t\t\t\t<div class=\"elementor-element elementor-element-e172c35 premium-blog-align-left elementor-widget elementor-widget-premium-addon-blog\" data-id=\"e172c35\" data-element_type=\"widget\" data-settings=\"{&quot;premium_blog_grid&quot;:&quot;yes&quot;,&quot;premium_blog_layout&quot;:&quot;even&quot;,&quot;premium_blog_columns_number&quot;:&quot;50%&quot;,&quot;premium_blog_columns_number_tablet&quot;:&quot;50%&quot;,&quot;premium_blog_columns_number_mobile&quot;:&quot;100%&quot;,&quot;scroll_to_offset&quot;:&quot;yes&quot;}\" data-widget_type=\"premium-addon-blog.default\">\n\t\t\t\t<div class=\"elementor-widget-container\">\n\t\t\t\t\t\r\n\t\t\t\t<div class=\"premium-blog-wrap  premium-blog-even\" data-page=\"15543\">\r\n\t\t\t\t\t<div class=\"premium-blog-post-outer-container\" data-total=\"1\">\r\n\t\t\t<div class=\"premium-blog-post-container premium-blog-skin-classic\">\r\n\t\t\t\t\t\t\t\t\t<div class=\"premium-blog-thumb-effect-wrapper\">\r\n\t\t\t\t\t\t<div class=\"premium-blog-thumbnail-container premium-blog-zoomin-effect\">\r\n\t\t\t\t\t\t\t<img fetchpriority=\"high\" decoding=\"async\" width=\"500\" height=\"280\" src=\"https:\/\/i0.wp.com\/itexpert.top\/wp-content\/uploads\/2026\/04\/output1-339.jpeg?fit=500%2C280&amp;ssl=1\" class=\"attachment-full size-full wp-image-15352\" alt=\"AutoCAD \u043d\u0435 \u0432\u0456\u0434\u043a\u0440\u0438\u0432\u0430\u0454 \u0444\u0430\u0439\u043b\" \/>\t\t\t\t\t\t<\/div>\r\n\t\t\t\t\t\t\t\t\t\t\t\t\t<div class=\"premium-blog-thumbnail-overlay\">\r\n\t\t\t\t\t\t\t\t<a class=\"elementor-icon\" href=\"https:\/\/itexpert.top\/pl\/autocad-nie-otwiera-pliku-dwg-jak-rozwiazac-problem.html\" target=\"_blank\"><\/a>\r\n\t\t\t\t\t\t\t<\/div>\r\n\r\n\t\t\t\t\t\t\t\t\t\t\t\t\t\t\t\t\t\t<\/div>\r\n\t\t\t\t\t\t\t\t\t\t\t\t<div class=\"premium-blog-content-wrapper \">\r\n\r\n\t\t\t\t\t<div class=\"premium-blog-inner-container\">\r\n\r\n\t\t\t\t\t\t\t\t\t\t\t\t\t\t<h2 class=\"premium-blog-entry-title\">\r\n\t\t\t<a href=\"https:\/\/itexpert.top\/pl\/autocad-nie-otwiera-pliku-dwg-jak-rozwiazac-problem.html\" target=\"_blank\">\r\n\t\t\t\tAutoCAD nie otwiera pliku DWG \u2014 jak rozwi\u0105za\u0107 problem\t\t\t<\/a>\r\n\t\t<\/h2>\r\n\t\t\t\t<div class=\"premium-blog-entry-meta\">\r\n\t\t\t\t\t\t\t<div class=\"premium-blog-post-author premium-blog-meta-data\">\r\n\t\t\t\t\t<i class=\"fa fa-user fa-fw\" aria-hidden=\"true\"><\/i>\r\n\t\t\t\t\t<a href=\"https:\/\/itexpert.top\/pl\/author\/itexpert\" title=\"Wpisy od itexpert\" rel=\"author\">itexpert<\/a>\t\t\t\t<\/div>\r\n\t\t\t\r\n\t\t\t\t\t\t\t<span class=\"premium-blog-meta-separator\">\u2022<\/span>\r\n\t\t\t\t<div class=\"premium-blog-post-time premium-blog-meta-data\">\r\n\t\t\t\t\t<i class=\"fa fa-calendar-alt\" aria-hidden=\"true\"><\/i>\r\n\t\t\t\t\t<span>2026-04-14<\/span>\r\n\t\t\t\t<\/div>\r\n\t\t\t\r\n\t\t\t\t\t\t\t<span class=\"premium-blog-meta-separator\">\u2022<\/span>\r\n\t\t\t\t<div class=\"premium-blog-post-categories premium-blog-meta-data\">\r\n\t\t\t\t\t<i class=\"fa fa-align-left fa-fw\" aria-hidden=\"true\"><\/i>\r\n\t\t\t\t\t<a href=\"https:\/\/itexpert.top\/pl\/category\/it-blog-pl\" rel=\"category tag\">IT blog<\/a>, <a href=\"https:\/\/itexpert.top\/pl\/category\/it-blog-pl\/programy\" rel=\"category tag\">Programy<\/a>\t\t\t\t<\/div>\r\n\t\t\t\r\n\t\t\t\t\t<\/div>\r\n\t\t\r\n\t\t\t\t\t<\/div>\r\n\r\n\t\t\t\t\t\t\t<div class=\"premium-blog-content-inner-wrapper\">\r\n\t\t<p class=\"premium-blog-post-content\">AutoCAD nie otwiera pliku DWG \u2014 jak rozwi\u0105za\u0107 problem Kr\u00f3tki opis: AutoCAD nie otwiera pliku DWG? Sprawd\u017a, jak naprawi\u0107 b\u0142\u0119dy, odzyska\u0107 uszkodzone \u2026<\/p>\t\t<\/div>\r\n\t\t\t\t\t\t\t\r\n\t\t\t\t<\/div>\r\n\t\t\t<\/div>\r\n\t\t<\/div>\r\n\r\n\t\t\t\t<div class=\"premium-blog-post-outer-container\" data-total=\"1\">\r\n\t\t\t<div class=\"premium-blog-post-container premium-blog-skin-classic\">\r\n\t\t\t\t\t\t\t\t\t<div class=\"premium-blog-thumb-effect-wrapper\">\r\n\t\t\t\t\t\t<div class=\"premium-blog-thumbnail-container premium-blog-zoomin-effect\">\r\n\t\t\t\t\t\t\t<img decoding=\"async\" width=\"500\" height=\"280\" src=\"https:\/\/i0.wp.com\/itexpert.top\/wp-content\/uploads\/2026\/04\/output1-287.jpeg?fit=500%2C280&amp;ssl=1\" class=\"attachment-full size-full wp-image-15040\" alt=\"Discord \u043d\u0435 \u0432\u0456\u0434\u043a\u0440\u0438\u0432\u0430\u0454\u0442\u044c\u0441\u044f\" \/>\t\t\t\t\t\t<\/div>\r\n\t\t\t\t\t\t\t\t\t\t\t\t\t<div class=\"premium-blog-thumbnail-overlay\">\r\n\t\t\t\t\t\t\t\t<a class=\"elementor-icon\" href=\"https:\/\/itexpert.top\/pl\/discord-nie-uruchamia-sie.html\" target=\"_blank\"><\/a>\r\n\t\t\t\t\t\t\t<\/div>\r\n\r\n\t\t\t\t\t\t\t\t\t\t\t\t\t\t\t\t\t\t<\/div>\r\n\t\t\t\t\t\t\t\t\t\t\t\t<div class=\"premium-blog-content-wrapper \">\r\n\r\n\t\t\t\t\t<div class=\"premium-blog-inner-container\">\r\n\r\n\t\t\t\t\t\t\t\t\t\t\t\t\t\t<h2 class=\"premium-blog-entry-title\">\r\n\t\t\t<a href=\"https:\/\/itexpert.top\/pl\/discord-nie-uruchamia-sie.html\" target=\"_blank\">\r\n\t\t\t\tDiscord nie uruchamia si\u0119\t\t\t<\/a>\r\n\t\t<\/h2>\r\n\t\t\t\t<div class=\"premium-blog-entry-meta\">\r\n\t\t\t\t\t\t\t<div class=\"premium-blog-post-author premium-blog-meta-data\">\r\n\t\t\t\t\t<i class=\"fa fa-user fa-fw\" aria-hidden=\"true\"><\/i>\r\n\t\t\t\t\t<a href=\"https:\/\/itexpert.top\/pl\/author\/itexpert\" title=\"Wpisy od itexpert\" rel=\"author\">itexpert<\/a>\t\t\t\t<\/div>\r\n\t\t\t\r\n\t\t\t\t\t\t\t<span class=\"premium-blog-meta-separator\">\u2022<\/span>\r\n\t\t\t\t<div class=\"premium-blog-post-time premium-blog-meta-data\">\r\n\t\t\t\t\t<i class=\"fa fa-calendar-alt\" aria-hidden=\"true\"><\/i>\r\n\t\t\t\t\t<span>2026-04-13<\/span>\r\n\t\t\t\t<\/div>\r\n\t\t\t\r\n\t\t\t\t\t\t\t<span class=\"premium-blog-meta-separator\">\u2022<\/span>\r\n\t\t\t\t<div class=\"premium-blog-post-categories premium-blog-meta-data\">\r\n\t\t\t\t\t<i class=\"fa fa-align-left fa-fw\" aria-hidden=\"true\"><\/i>\r\n\t\t\t\t\t<a href=\"https:\/\/itexpert.top\/pl\/category\/it-blog-pl\" rel=\"category tag\">IT blog<\/a>, <a href=\"https:\/\/itexpert.top\/pl\/category\/it-blog-pl\/programy\" rel=\"category tag\">Programy<\/a>\t\t\t\t<\/div>\r\n\t\t\t\r\n\t\t\t\t\t<\/div>\r\n\t\t\r\n\t\t\t\t\t<\/div>\r\n\r\n\t\t\t\t\t\t\t<div class=\"premium-blog-content-inner-wrapper\">\r\n\t\t<p class=\"premium-blog-post-content\">Discord nie uruchamia si\u0119 Kr\u00f3tki opis: Discord nie dzia\u0142a? Sprawd\u017a przyczyny problemu, b\u0142\u0119dy uruchamiania oraz rozwi\u0105zania krok po kroku z u\u017cyciem komend \u2026<\/p>\t\t<\/div>\r\n\t\t\t\t\t\t\t\r\n\t\t\t\t<\/div>\r\n\t\t\t<\/div>\r\n\t\t<\/div>\r\n\r\n\t\t\t\t<div class=\"premium-blog-post-outer-container\" data-total=\"1\">\r\n\t\t\t<div class=\"premium-blog-post-container premium-blog-skin-classic\">\r\n\t\t\t\t\t\t\t\t\t<div class=\"premium-blog-thumb-effect-wrapper\">\r\n\t\t\t\t\t\t<div class=\"premium-blog-thumbnail-container premium-blog-zoomin-effect\">\r\n\t\t\t\t\t\t\t<img decoding=\"async\" width=\"500\" height=\"280\" src=\"https:\/\/i0.wp.com\/itexpert.top\/wp-content\/uploads\/2026\/04\/output1-187.jpeg?fit=500%2C280&amp;ssl=1\" class=\"attachment-full size-full wp-image-14347\" alt=\"Notepad++ \u043d\u0435 \u0432\u0456\u0434\u043a\u0440\u0438\u0432\u0430\u0454 \u0444\u0430\u0439\u043b\" \/>\t\t\t\t\t\t<\/div>\r\n\t\t\t\t\t\t\t\t\t\t\t\t\t<div class=\"premium-blog-thumbnail-overlay\">\r\n\t\t\t\t\t\t\t\t<a class=\"elementor-icon\" href=\"https:\/\/itexpert.top\/pl\/notepad-nie-otwiera-plikow-pelne-rozwiazanie-problemu.html\" target=\"_blank\"><\/a>\r\n\t\t\t\t\t\t\t<\/div>\r\n\r\n\t\t\t\t\t\t\t\t\t\t\t\t\t\t\t\t\t\t<\/div>\r\n\t\t\t\t\t\t\t\t\t\t\t\t<div class=\"premium-blog-content-wrapper \">\r\n\r\n\t\t\t\t\t<div class=\"premium-blog-inner-container\">\r\n\r\n\t\t\t\t\t\t\t\t\t\t\t\t\t\t<h2 class=\"premium-blog-entry-title\">\r\n\t\t\t<a href=\"https:\/\/itexpert.top\/pl\/notepad-nie-otwiera-plikow-pelne-rozwiazanie-problemu.html\" target=\"_blank\">\r\n\t\t\t\tNotepad++ nie otwiera plik\u00f3w \u2013 pe\u0142ne rozwi\u0105zanie problemu\t\t\t<\/a>\r\n\t\t<\/h2>\r\n\t\t\t\t<div class=\"premium-blog-entry-meta\">\r\n\t\t\t\t\t\t\t<div class=\"premium-blog-post-author premium-blog-meta-data\">\r\n\t\t\t\t\t<i class=\"fa fa-user fa-fw\" aria-hidden=\"true\"><\/i>\r\n\t\t\t\t\t<a href=\"https:\/\/itexpert.top\/pl\/author\/itexpert\" title=\"Wpisy od itexpert\" rel=\"author\">itexpert<\/a>\t\t\t\t<\/div>\r\n\t\t\t\r\n\t\t\t\t\t\t\t<span class=\"premium-blog-meta-separator\">\u2022<\/span>\r\n\t\t\t\t<div class=\"premium-blog-post-time premium-blog-meta-data\">\r\n\t\t\t\t\t<i class=\"fa fa-calendar-alt\" aria-hidden=\"true\"><\/i>\r\n\t\t\t\t\t<span>2026-04-10<\/span>\r\n\t\t\t\t<\/div>\r\n\t\t\t\r\n\t\t\t\t\t\t\t<span class=\"premium-blog-meta-separator\">\u2022<\/span>\r\n\t\t\t\t<div class=\"premium-blog-post-categories premium-blog-meta-data\">\r\n\t\t\t\t\t<i class=\"fa fa-align-left fa-fw\" aria-hidden=\"true\"><\/i>\r\n\t\t\t\t\t<a href=\"https:\/\/itexpert.top\/pl\/category\/it-blog-pl\" rel=\"category tag\">IT blog<\/a>, <a href=\"https:\/\/itexpert.top\/pl\/category\/it-blog-pl\/programy\" rel=\"category tag\">Programy<\/a>\t\t\t\t<\/div>\r\n\t\t\t\r\n\t\t\t\t\t<\/div>\r\n\t\t\r\n\t\t\t\t\t<\/div>\r\n\r\n\t\t\t\t\t\t\t<div class=\"premium-blog-content-inner-wrapper\">\r\n\t\t<p class=\"premium-blog-post-content\">Notepad++ nie otwiera plik\u00f3w \u2013 pe\u0142ne rozwi\u0105zanie problemu Kr\u00f3tki opis: Notepad++ nie dzia\u0142a lub nie otwiera plik\u00f3w? Sprawd\u017a, jak rozwi\u0105za\u0107 typowe problemy \u2026<\/p>\t\t<\/div>\r\n\t\t\t\t\t\t\t\r\n\t\t\t\t<\/div>\r\n\t\t\t<\/div>\r\n\t\t<\/div>\r\n\r\n\t\t\t\t<div class=\"premium-blog-post-outer-container\" data-total=\"1\">\r\n\t\t\t<div class=\"premium-blog-post-container premium-blog-skin-classic\">\r\n\t\t\t\t\t\t\t\t\t<div class=\"premium-blog-thumb-effect-wrapper\">\r\n\t\t\t\t\t\t<div class=\"premium-blog-thumbnail-container premium-blog-zoomin-effect\">\r\n\t\t\t\t\t\t\t<img loading=\"lazy\" decoding=\"async\" width=\"500\" height=\"280\" src=\"https:\/\/i0.wp.com\/itexpert.top\/wp-content\/uploads\/2026\/04\/output1-186.jpeg?fit=500%2C280&amp;ssl=1\" class=\"attachment-full size-full wp-image-14302\" alt=\"VS Code \u043d\u0435 \u0437\u0430\u043f\u0443\u0441\u043a\u0430\u0454\u0442\u044c\u0441\u044f\" \/>\t\t\t\t\t\t<\/div>\r\n\t\t\t\t\t\t\t\t\t\t\t\t\t<div class=\"premium-blog-thumbnail-overlay\">\r\n\t\t\t\t\t\t\t\t<a class=\"elementor-icon\" href=\"https:\/\/itexpert.top\/pl\/14869.html\" target=\"_blank\"><\/a>\r\n\t\t\t\t\t\t\t<\/div>\r\n\r\n\t\t\t\t\t\t\t\t\t\t\t\t\t\t\t\t\t\t<\/div>\r\n\t\t\t\t\t\t\t\t\t\t\t\t<div class=\"premium-blog-content-wrapper \">\r\n\r\n\t\t\t\t\t<div class=\"premium-blog-inner-container\">\r\n\r\n\t\t\t\t\t\t\t\t\t\t\t\t\t\t<h2 class=\"premium-blog-entry-title\">\r\n\t\t\t<a href=\"https:\/\/itexpert.top\/pl\/14869.html\" target=\"_blank\">\r\n\t\t\t\t\t\t\t<\/a>\r\n\t\t<\/h2>\r\n\t\t\t\t<div class=\"premium-blog-entry-meta\">\r\n\t\t\t\t\t\t\t<div class=\"premium-blog-post-author premium-blog-meta-data\">\r\n\t\t\t\t\t<i class=\"fa fa-user fa-fw\" aria-hidden=\"true\"><\/i>\r\n\t\t\t\t\t<a href=\"https:\/\/itexpert.top\/pl\/author\/itexpert\" title=\"Wpisy od itexpert\" rel=\"author\">itexpert<\/a>\t\t\t\t<\/div>\r\n\t\t\t\r\n\t\t\t\t\t\t\t<span class=\"premium-blog-meta-separator\">\u2022<\/span>\r\n\t\t\t\t<div class=\"premium-blog-post-time premium-blog-meta-data\">\r\n\t\t\t\t\t<i class=\"fa fa-calendar-alt\" aria-hidden=\"true\"><\/i>\r\n\t\t\t\t\t<span>2026-04-10<\/span>\r\n\t\t\t\t<\/div>\r\n\t\t\t\r\n\t\t\t\t\t\t\t<span class=\"premium-blog-meta-separator\">\u2022<\/span>\r\n\t\t\t\t<div class=\"premium-blog-post-categories premium-blog-meta-data\">\r\n\t\t\t\t\t<i class=\"fa fa-align-left fa-fw\" aria-hidden=\"true\"><\/i>\r\n\t\t\t\t\t<a href=\"https:\/\/itexpert.top\/pl\/category\/it-blog-pl\" rel=\"category tag\">IT blog<\/a>, <a href=\"https:\/\/itexpert.top\/pl\/category\/it-blog-pl\/programy\" rel=\"category tag\">Programy<\/a>\t\t\t\t<\/div>\r\n\t\t\t\r\n\t\t\t\t\t<\/div>\r\n\t\t\r\n\t\t\t\t\t<\/div>\r\n\r\n\t\t\t\t\t\t\t<div class=\"premium-blog-content-inner-wrapper\">\r\n\t\t<p class=\"premium-blog-post-content\">VS Code nie uruchamia si\u0119 \u2013 jak naprawi\u0107 problem Kr\u00f3tki opis: VS Code nie dzia\u0142a? Dowiedz si\u0119, jak naprawi\u0107 b\u0142\u0119dy Visual Studio \u2026<\/p>\t\t<\/div>\r\n\t\t\t\t\t\t\t\r\n\t\t\t\t<\/div>\r\n\t\t\t<\/div>\r\n\t\t<\/div>\r\n\r\n\t\t\t\t<\/div>\r\n\r\n\t\t\t\t\t\t<\/div>\n\t\t\t\t<\/div>\n\t\t\t\t\t<\/div>\n\t\t\t\t<\/div>\n\t\t\t\t<\/div>\n\t\t","protected":false},"excerpt":{"rendered":"<p>Programy AutoCAD nie otwiera pliku DWG \u2014 jak rozwi\u0105za\u0107 problem itexpert \u2022 2026-04-14 \u2022 IT blog, Programy AutoCAD nie otwiera pliku DWG \u2014 jak rozwi\u0105za\u0107 problem Kr\u00f3tki opis: AutoCAD nie otwiera pliku DWG? Sprawd\u017a, jak naprawi\u0107 b\u0142\u0119dy, odzyska\u0107 uszkodzone \u2026 &hellip; <\/p>\n","protected":false},"author":1,"featured_media":0,"parent":2038,"menu_order":0,"comment_status":"closed","ping_status":"closed","template":"elementor_header_footer","meta":{"slim_seo":{"title":"ITexpert","description":"VS Code nie uruchamia si\u0119 \u2013 jak naprawi\u0107 problem Kr\u00f3tki opis: VS Code nie dzia\u0142a? Dowiedz si\u0119, jak naprawi\u0107 b\u0142\u0119dy Visual Studio Code i awarie w Windows. Instruk"},"footnotes":""},"class_list":["post-15543","page","type-page","status-publish","hentry"],"_links":{"self":[{"href":"https:\/\/itexpert.top\/pl\/wp-json\/wp\/v2\/pages\/15543","targetHints":{"allow":["GET"]}}],"collection":[{"href":"https:\/\/itexpert.top\/pl\/wp-json\/wp\/v2\/pages"}],"about":[{"href":"https:\/\/itexpert.top\/pl\/wp-json\/wp\/v2\/types\/page"}],"author":[{"embeddable":true,"href":"https:\/\/itexpert.top\/pl\/wp-json\/wp\/v2\/users\/1"}],"replies":[{"embeddable":true,"href":"https:\/\/itexpert.top\/pl\/wp-json\/wp\/v2\/comments?post=15543"}],"version-history":[{"count":4,"href":"https:\/\/itexpert.top\/pl\/wp-json\/wp\/v2\/pages\/15543\/revisions"}],"predecessor-version":[{"id":15547,"href":"https:\/\/itexpert.top\/pl\/wp-json\/wp\/v2\/pages\/15543\/revisions\/15547"}],"up":[{"embeddable":true,"href":"https:\/\/itexpert.top\/pl\/wp-json\/wp\/v2\/pages\/2038"}],"wp:attachment":[{"href":"https:\/\/itexpert.top\/pl\/wp-json\/wp\/v2\/media?parent=15543"}],"curies":[{"name":"wp","href":"https:\/\/api.w.org\/{rel}","templated":true}]}}