{"id":2038,"date":"2023-05-22T16:08:29","date_gmt":"2023-05-22T13:08:29","guid":{"rendered":"https:\/\/itexpert.top\/it-blog"},"modified":"2026-04-03T15:06:15","modified_gmt":"2026-04-03T12:06:15","slug":"it-blog","status":"publish","type":"page","link":"https:\/\/itexpert.top\/pl\/it-blog","title":{"rendered":"IT blog"},"content":{"rendered":"\t\t<div data-elementor-type=\"wp-page\" data-elementor-id=\"2038\" class=\"elementor elementor-2038 elementor-1790\" data-elementor-post-type=\"page\">\n\t\t\t\t<div class=\"elementor-element elementor-element-cf7662f e-flex e-con-boxed e-con e-parent\" data-id=\"cf7662f\" data-element_type=\"container\">\n\t\t\t\t\t<div class=\"e-con-inner\">\n\t\t\t\t<div class=\"elementor-element elementor-element-4e8ada4 elementor-search-form--skin-minimal elementor-widget elementor-widget-search-form\" data-id=\"4e8ada4\" data-element_type=\"widget\" data-settings=\"{&quot;skin&quot;:&quot;minimal&quot;}\" data-widget_type=\"search-form.default\">\n\t\t\t\t<div class=\"elementor-widget-container\">\n\t\t\t\t\t\t\t<search role=\"search\">\n\t\t\t<form class=\"elementor-search-form\" action=\"https:\/\/itexpert.top\/pl\" method=\"get\">\n\t\t\t\t\t\t\t\t\t\t\t\t<div class=\"elementor-search-form__container\">\n\t\t\t\t\t<label class=\"elementor-screen-only\" for=\"elementor-search-form-4e8ada4\">Szukaj<\/label>\n\n\t\t\t\t\t\t\t\t\t\t\t<div class=\"elementor-search-form__icon\">\n\t\t\t\t\t\t\t<div class=\"e-font-icon-svg-container\"><svg aria-hidden=\"true\" class=\"e-font-icon-svg e-fas-search\" viewBox=\"0 0 512 512\" xmlns=\"http:\/\/www.w3.org\/2000\/svg\"><path d=\"M505 442.7L405.3 343c-4.5-4.5-10.6-7-17-7H372c27.6-35.3 44-79.7 44-128C416 93.1 322.9 0 208 0S0 93.1 0 208s93.1 208 208 208c48.3 0 92.7-16.4 128-44v16.3c0 6.4 2.5 12.5 7 17l99.7 99.7c9.4 9.4 24.6 9.4 33.9 0l28.3-28.3c9.4-9.4 9.4-24.6.1-34zM208 336c-70.7 0-128-57.2-128-128 0-70.7 57.2-128 128-128 70.7 0 128 57.2 128 128 0 70.7-57.2 128-128 128z\"><\/path><\/svg><\/div>\t\t\t\t\t\t\t<span class=\"elementor-screen-only\">Szukaj<\/span>\n\t\t\t\t\t\t<\/div>\n\t\t\t\t\t\n\t\t\t\t\t<input id=\"elementor-search-form-4e8ada4\" placeholder=\"Szukaj...\" class=\"elementor-search-form__input\" type=\"search\" name=\"s\" value=\"\">\n\t\t\t\t\t<input type='hidden' name='lang' value='pl' \/>\n\t\t\t\t\t\n\t\t\t\t\t\t\t\t\t<\/div>\n\t\t\t<\/form>\n\t\t<\/search>\n\t\t\t\t\t\t<\/div>\n\t\t\t\t<\/div>\n\t\t\t\t\t<\/div>\n\t\t\t\t<\/div>\n\t\t<div class=\"elementor-element elementor-element-7fb0736 e-flex e-con-boxed e-con e-parent\" data-id=\"7fb0736\" data-element_type=\"container\">\n\t\t\t\t\t<div class=\"e-con-inner\">\n\t\t<div class=\"elementor-element elementor-element-1dfadde e-con-full e-flex e-con e-child\" data-id=\"1dfadde\" data-element_type=\"container\">\n\t\t\t\t<div class=\"elementor-element elementor-element-273a2e7 elementor-position-top elementor-widget elementor-widget-image-box\" data-id=\"273a2e7\" data-element_type=\"widget\" data-widget_type=\"image-box.default\">\n\t\t\t\t<div class=\"elementor-widget-container\">\n\t\t\t\t\t<div class=\"elementor-image-box-wrapper\"><figure class=\"elementor-image-box-img\"><a href=\"https:\/\/itexpert.top\/pl\/windows\" tabindex=\"-1\"><img decoding=\"async\" width=\"150\" height=\"150\" src=\"https:\/\/i0.wp.com\/itexpert.top\/wp-content\/uploads\/2023\/06\/windows.png?resize=150%2C150&amp;ssl=1\" class=\"attachment-thumbnail size-thumbnail wp-image-3534\" alt=\"WINDOWS\" srcset=\"https:\/\/i0.wp.com\/itexpert.top\/wp-content\/uploads\/2023\/06\/windows.png?w=163&amp;ssl=1 163w, https:\/\/i0.wp.com\/itexpert.top\/wp-content\/uploads\/2023\/06\/windows.png?resize=150%2C150&amp;ssl=1 150w, https:\/\/i0.wp.com\/itexpert.top\/wp-content\/uploads\/2023\/06\/windows.png?resize=60%2C60&amp;ssl=1 60w\" sizes=\"(max-width: 150px) 100vw, 150px\" \/><\/a><\/figure><div class=\"elementor-image-box-content\"><h3 class=\"elementor-image-box-title\"><a href=\"https:\/\/itexpert.top\/pl\/windows\">WINDOWS<\/a><\/h3><p class=\"elementor-image-box-description\">Mo\u017cemy pom\u00f3c w rozwi\u0105zaniu wielu problem\u00f3w z r\u00f3\u017cnymi wersjami system\u00f3w Windows.<\/p><\/div><\/div>\t\t\t\t<\/div>\n\t\t\t\t<\/div>\n\t\t\t\t<\/div>\n\t\t<div class=\"elementor-element elementor-element-4e86bc5 e-con-full e-flex e-con e-child\" data-id=\"4e86bc5\" data-element_type=\"container\">\n\t\t\t\t<div class=\"elementor-element elementor-element-6004b65 elementor-position-top elementor-widget elementor-widget-image-box\" data-id=\"6004b65\" data-element_type=\"widget\" data-widget_type=\"image-box.default\">\n\t\t\t\t<div class=\"elementor-widget-container\">\n\t\t\t\t\t<div class=\"elementor-image-box-wrapper\"><figure class=\"elementor-image-box-img\"><a href=\"https:\/\/itexpert.top\/pl\/modernizacja\" tabindex=\"-1\"><img decoding=\"async\" width=\"148\" height=\"150\" src=\"https:\/\/i0.wp.com\/itexpert.top\/wp-content\/uploads\/2023\/06\/aphreyd.png?resize=148%2C150&amp;ssl=1\" class=\"attachment-thumbnail size-thumbnail wp-image-3543\" alt=\"Upgrade\" \/><\/a><\/figure><div class=\"elementor-image-box-content\"><h3 class=\"elementor-image-box-title\"><a href=\"https:\/\/itexpert.top\/pl\/modernizacja\">Upgrade<\/a><\/h3><p class=\"elementor-image-box-description\">Podpowiadamy, jak zwi\u0119kszy\u0107 wydajno\u015b\u0107 komputer\u00f3w, laptop\u00f3w, sprz\u0119tu sieciowego i oprogramowania.<\/p><\/div><\/div>\t\t\t\t<\/div>\n\t\t\t\t<\/div>\n\t\t\t\t<\/div>\n\t\t<div class=\"elementor-element elementor-element-2172f8e e-con-full e-flex e-con e-child\" data-id=\"2172f8e\" data-element_type=\"container\">\n\t\t\t\t<div class=\"elementor-element elementor-element-4f9489d elementor-position-top elementor-widget elementor-widget-image-box\" data-id=\"4f9489d\" data-element_type=\"widget\" data-widget_type=\"image-box.default\">\n\t\t\t\t<div class=\"elementor-widget-container\">\n\t\t\t\t\t<div class=\"elementor-image-box-wrapper\"><figure class=\"elementor-image-box-img\"><a href=\"https:\/\/itexpert.top\/pl\/it-blog\/siec-internetowa\" tabindex=\"-1\"><img decoding=\"async\" width=\"146\" height=\"145\" src=\"https:\/\/i0.wp.com\/itexpert.top\/wp-content\/uploads\/2023\/06\/merezha.png?resize=146%2C145&amp;ssl=1\" class=\"attachment-thumbnail size-thumbnail wp-image-3552\" alt=\"\u0406\u043d\u0442\u0435\u0440\u043d\u0435\u0442 \u043c\u0435\u0440\u0435\u0436\u0430\" srcset=\"https:\/\/i0.wp.com\/itexpert.top\/wp-content\/uploads\/2023\/06\/merezha.png?w=146&amp;ssl=1 146w, https:\/\/i0.wp.com\/itexpert.top\/wp-content\/uploads\/2023\/06\/merezha.png?resize=60%2C60&amp;ssl=1 60w\" sizes=\"(max-width: 146px) 100vw, 146px\" \/><\/a><\/figure><div class=\"elementor-image-box-content\"><h3 class=\"elementor-image-box-title\"><a href=\"https:\/\/itexpert.top\/pl\/it-blog\/siec-internetowa\">Sie\u0107 internetowa<\/a><\/h3><p class=\"elementor-image-box-description\">Pomo\u017cemy ci zrozumie\u0107, jak skonfigurowa\u0107 sprz\u0119t sieciowy i rozwi\u0105za\u0107 r\u00f3\u017cne problemy podczas pracy z nim.<\/p><\/div><\/div>\t\t\t\t<\/div>\n\t\t\t\t<\/div>\n\t\t\t\t<\/div>\n\t\t<div class=\"elementor-element elementor-element-39a22ca e-con-full e-flex e-con e-child\" data-id=\"39a22ca\" data-element_type=\"container\">\n\t\t\t\t<div class=\"elementor-element elementor-element-ac2aa43 elementor-position-top elementor-widget elementor-widget-image-box\" data-id=\"ac2aa43\" data-element_type=\"widget\" data-widget_type=\"image-box.default\">\n\t\t\t\t<div class=\"elementor-widget-container\">\n\t\t\t\t\t<div class=\"elementor-image-box-wrapper\"><figure class=\"elementor-image-box-img\"><a href=\"https:\/\/itexpert.top\/pl\/it-blog\/bezpieczenstwo-w-internecie\" tabindex=\"-1\"><img loading=\"lazy\" decoding=\"async\" width=\"150\" height=\"150\" src=\"https:\/\/i0.wp.com\/itexpert.top\/wp-content\/uploads\/2023\/06\/zakhyst.png?resize=150%2C150&amp;ssl=1\" class=\"attachment-thumbnail size-thumbnail wp-image-3561\" alt=\"\u0406\u043d\u0442\u0435\u0440\u043d\u0435\u0442 \u0431\u0435\u0437\u043f\u0435\u043a\u0430\" srcset=\"https:\/\/i0.wp.com\/itexpert.top\/wp-content\/uploads\/2023\/06\/zakhyst.png?w=154&amp;ssl=1 154w, https:\/\/i0.wp.com\/itexpert.top\/wp-content\/uploads\/2023\/06\/zakhyst.png?resize=150%2C150&amp;ssl=1 150w, https:\/\/i0.wp.com\/itexpert.top\/wp-content\/uploads\/2023\/06\/zakhyst.png?resize=60%2C60&amp;ssl=1 60w\" sizes=\"(max-width: 150px) 100vw, 150px\" \/><\/a><\/figure><div class=\"elementor-image-box-content\"><h3 class=\"elementor-image-box-title\"><a href=\"https:\/\/itexpert.top\/pl\/it-blog\/bezpieczenstwo-w-internecie\">Bezpiecze\u0144stwo w Internecie<\/a><\/h3><p class=\"elementor-image-box-description\">Naucz si\u0119, jak bezpiecznie korzysta\u0107 z Internetu i chroni\u0107 sw\u00f3j sprz\u0119t przed atakami z zewn\u0105trz.<\/p><\/div><\/div>\t\t\t\t<\/div>\n\t\t\t\t<\/div>\n\t\t\t\t<\/div>\n\t\t\t\t\t<\/div>\n\t\t\t\t<\/div>\n\t\t<div class=\"elementor-element elementor-element-4288350 e-flex e-con-boxed e-con e-parent\" data-id=\"4288350\" data-element_type=\"container\">\n\t\t\t\t\t<div class=\"e-con-inner\">\n\t\t<div class=\"elementor-element elementor-element-856be39 e-con-full e-flex e-con e-child\" data-id=\"856be39\" data-element_type=\"container\">\n\t\t\t\t<div class=\"elementor-element elementor-element-dd19143 elementor-position-top elementor-widget elementor-widget-image-box\" data-id=\"dd19143\" data-element_type=\"widget\" data-widget_type=\"image-box.default\">\n\t\t\t\t<div class=\"elementor-widget-container\">\n\t\t\t\t\t<div class=\"elementor-image-box-wrapper\"><figure class=\"elementor-image-box-img\"><a href=\"https:\/\/itexpert.top\/pl\/it-blog\/komputer\" tabindex=\"-1\"><img loading=\"lazy\" decoding=\"async\" width=\"107\" height=\"136\" src=\"https:\/\/i0.wp.com\/itexpert.top\/wp-content\/uploads\/2023\/06\/komp.png?resize=107%2C136&amp;ssl=1\" class=\"attachment-thumbnail size-thumbnail wp-image-3570\" alt=\"\u043a\u043e\u043c\u043f\" srcset=\"https:\/\/i0.wp.com\/itexpert.top\/wp-content\/uploads\/2023\/06\/komp.png?w=107&amp;ssl=1 107w, https:\/\/i0.wp.com\/itexpert.top\/wp-content\/uploads\/2023\/06\/komp.png?resize=47%2C60&amp;ssl=1 47w\" sizes=\"(max-width: 107px) 100vw, 107px\" \/><\/a><\/figure><div class=\"elementor-image-box-content\"><h3 class=\"elementor-image-box-title\"><a href=\"https:\/\/itexpert.top\/pl\/it-blog\/komputer\">Komputer<\/a><\/h3><p class=\"elementor-image-box-description\">Pomo\u017cemy Ci rozwi\u0105za\u0107 wiele problem\u00f3w, kt\u00f3re pojawiaj\u0105 si\u0119 podczas pracy na komputerze.<\/p><\/div><\/div>\t\t\t\t<\/div>\n\t\t\t\t<\/div>\n\t\t\t\t<\/div>\n\t\t<div class=\"elementor-element elementor-element-5833340 e-con-full e-flex e-con e-child\" data-id=\"5833340\" data-element_type=\"container\">\n\t\t\t\t<div class=\"elementor-element elementor-element-3f0f677 elementor-position-top elementor-widget elementor-widget-image-box\" data-id=\"3f0f677\" data-element_type=\"widget\" data-widget_type=\"image-box.default\">\n\t\t\t\t<div class=\"elementor-widget-container\">\n\t\t\t\t\t<div class=\"elementor-image-box-wrapper\"><figure class=\"elementor-image-box-img\"><a href=\"https:\/\/itexpert.top\/pl\/it-blog\/laptop\" tabindex=\"-1\"><img loading=\"lazy\" decoding=\"async\" width=\"138\" height=\"112\" src=\"https:\/\/i0.wp.com\/itexpert.top\/wp-content\/uploads\/2023\/06\/nout.png?resize=138%2C112&amp;ssl=1\" class=\"attachment-thumbnail size-thumbnail wp-image-3579\" alt=\"\u043d\u043e\u0443\u0442\" srcset=\"https:\/\/i0.wp.com\/itexpert.top\/wp-content\/uploads\/2023\/06\/nout.png?w=138&amp;ssl=1 138w, https:\/\/i0.wp.com\/itexpert.top\/wp-content\/uploads\/2023\/06\/nout.png?resize=74%2C60&amp;ssl=1 74w\" sizes=\"(max-width: 138px) 100vw, 138px\" \/><\/a><\/figure><div class=\"elementor-image-box-content\"><h3 class=\"elementor-image-box-title\"><a href=\"https:\/\/itexpert.top\/pl\/it-blog\/laptop\">Laptop<\/a><\/h3><p class=\"elementor-image-box-description\">Poka\u017cemy Ci, jak zwi\u0119kszy\u0107 wydajno\u015b\u0107 laptopa. Jak rozwi\u0105zywa\u0107 r\u00f3\u017cne problemy w tym procesie. Naprawianie r\u00f3\u017cnych b\u0142\u0119d\u00f3w.<\/p><\/div><\/div>\t\t\t\t<\/div>\n\t\t\t\t<\/div>\n\t\t\t\t<\/div>\n\t\t<div class=\"elementor-element elementor-element-f7261f2 e-con-full e-flex e-con e-child\" data-id=\"f7261f2\" data-element_type=\"container\">\n\t\t\t\t<div class=\"elementor-element elementor-element-a018bad elementor-position-top elementor-widget elementor-widget-image-box\" data-id=\"a018bad\" data-element_type=\"widget\" data-widget_type=\"image-box.default\">\n\t\t\t\t<div class=\"elementor-widget-container\">\n\t\t\t\t\t<div class=\"elementor-image-box-wrapper\"><figure class=\"elementor-image-box-img\"><a href=\"https:\/\/itexpert.top\/pl\/it-blog\/impresora\" tabindex=\"-1\"><img loading=\"lazy\" decoding=\"async\" width=\"134\" height=\"125\" src=\"https:\/\/i0.wp.com\/itexpert.top\/wp-content\/uploads\/2023\/06\/printer.png?resize=134%2C125&amp;ssl=1\" class=\"attachment-thumbnail size-thumbnail wp-image-3585\" alt=\"\u043f\u0440\u0456\u043d\u0442\u0435\u0440\" srcset=\"https:\/\/i0.wp.com\/itexpert.top\/wp-content\/uploads\/2023\/06\/printer.png?w=134&amp;ssl=1 134w, https:\/\/i0.wp.com\/itexpert.top\/wp-content\/uploads\/2023\/06\/printer.png?resize=64%2C60&amp;ssl=1 64w\" sizes=\"(max-width: 134px) 100vw, 134px\" \/><\/a><\/figure><div class=\"elementor-image-box-content\"><h3 class=\"elementor-image-box-title\"><a href=\"https:\/\/itexpert.top\/pl\/it-blog\/impresora\">Drukarka<\/a><\/h3><p class=\"elementor-image-box-description\">Jak wybra\u0107 drukark\u0119? Jak zainstalowa\u0107. Jak udost\u0119pnia\u0107.<\/p><\/div><\/div>\t\t\t\t<\/div>\n\t\t\t\t<\/div>\n\t\t\t\t<\/div>\n\t\t<div class=\"elementor-element elementor-element-8f4e51b e-con-full e-flex e-con e-child\" data-id=\"8f4e51b\" data-element_type=\"container\">\n\t\t\t\t<div class=\"elementor-element elementor-element-e8fbb58 elementor-position-top elementor-widget elementor-widget-image-box\" data-id=\"e8fbb58\" data-element_type=\"widget\" data-widget_type=\"image-box.default\">\n\t\t\t\t<div class=\"elementor-widget-container\">\n\t\t\t\t\t<div class=\"elementor-image-box-wrapper\"><figure class=\"elementor-image-box-img\"><a href=\"https:\/\/itexpert.top\/pl\/it-blog\/monitor\" tabindex=\"-1\"><img loading=\"lazy\" decoding=\"async\" width=\"140\" height=\"124\" src=\"https:\/\/i0.wp.com\/itexpert.top\/wp-content\/uploads\/2023\/06\/monitor.png?resize=140%2C124&amp;ssl=1\" class=\"attachment-thumbnail size-thumbnail wp-image-3594\" alt=\"\u043c\u043e\u043d\u0456\u0442\u043e\u0440\" srcset=\"https:\/\/i0.wp.com\/itexpert.top\/wp-content\/uploads\/2023\/06\/monitor.png?w=140&amp;ssl=1 140w, https:\/\/i0.wp.com\/itexpert.top\/wp-content\/uploads\/2023\/06\/monitor.png?resize=68%2C60&amp;ssl=1 68w\" sizes=\"(max-width: 140px) 100vw, 140px\" \/><\/a><\/figure><div class=\"elementor-image-box-content\"><h3 class=\"elementor-image-box-title\"><a href=\"https:\/\/itexpert.top\/pl\/it-blog\/monitor\">Monitor<\/a><\/h3><p class=\"elementor-image-box-description\">Jak wybra\u0107 monitor. Jak pod\u0142\u0105czy\u0107 dwa monitory. Jaki rodzaj po\u0142\u0105czenia jest najlepszy.<\/p><\/div><\/div>\t\t\t\t<\/div>\n\t\t\t\t<\/div>\n\t\t\t\t<\/div>\n\t\t\t\t\t<\/div>\n\t\t\t\t<\/div>\n\t\t<div class=\"elementor-element elementor-element-5311a40 e-flex e-con-boxed e-con e-parent\" data-id=\"5311a40\" data-element_type=\"container\">\n\t\t\t\t\t<div class=\"e-con-inner\">\n\t\t<div class=\"elementor-element elementor-element-f885f38 e-con-full e-flex e-con e-child\" data-id=\"f885f38\" data-element_type=\"container\">\n\t\t\t\t<div class=\"elementor-element elementor-element-dca212e elementor-position-top elementor-widget elementor-widget-image-box\" data-id=\"dca212e\" data-element_type=\"widget\" data-widget_type=\"image-box.default\">\n\t\t\t\t<div class=\"elementor-widget-container\">\n\t\t\t\t\t<div class=\"elementor-image-box-wrapper\"><figure class=\"elementor-image-box-img\"><a href=\"https:\/\/itexpert.top\/pl\/it-blog\/dysk-twardy\" tabindex=\"-1\"><img loading=\"lazy\" decoding=\"async\" width=\"138\" height=\"93\" src=\"https:\/\/i0.wp.com\/itexpert.top\/wp-content\/uploads\/2023\/06\/zhoskyy-dysk.png?resize=138%2C93&amp;ssl=1\" class=\"attachment-thumbnail size-thumbnail wp-image-3600\" alt=\"\u0416\u043e\u0440\u0441\u0442\u043a\u0438\u0439 \u0434\u0438\u0441\u043a\" srcset=\"https:\/\/i0.wp.com\/itexpert.top\/wp-content\/uploads\/2023\/06\/zhoskyy-dysk.png?w=138&amp;ssl=1 138w, https:\/\/i0.wp.com\/itexpert.top\/wp-content\/uploads\/2023\/06\/zhoskyy-dysk.png?resize=89%2C60&amp;ssl=1 89w\" sizes=\"(max-width: 138px) 100vw, 138px\" \/><\/a><\/figure><div class=\"elementor-image-box-content\"><h3 class=\"elementor-image-box-title\"><a href=\"https:\/\/itexpert.top\/pl\/it-blog\/dysk-twardy\">Dysk twardy<\/a><\/h3><p class=\"elementor-image-box-description\">Jak wybra\u0107 p\u0142yt\u0119. Kt\u00f3ry dysk jest szybszy. Jak zwi\u0119kszy\u0107 przestrze\u0144 do przechowywania danych. Jak odzyska\u0107 dane z dysku.<\/p><\/div><\/div>\t\t\t\t<\/div>\n\t\t\t\t<\/div>\n\t\t\t\t<\/div>\n\t\t<div class=\"elementor-element elementor-element-95aad56 e-con-full e-flex e-con e-child\" data-id=\"95aad56\" data-element_type=\"container\">\n\t\t\t\t<div class=\"elementor-element elementor-element-5bfa842 elementor-position-top elementor-widget elementor-widget-image-box\" data-id=\"5bfa842\" data-element_type=\"widget\" data-widget_type=\"image-box.default\">\n\t\t\t\t<div class=\"elementor-widget-container\">\n\t\t\t\t\t<div class=\"elementor-image-box-wrapper\"><figure class=\"elementor-image-box-img\"><a href=\"https:\/\/itexpert.top\/pl\/it-blog\/ram\" tabindex=\"-1\"><img loading=\"lazy\" decoding=\"async\" width=\"149\" height=\"38\" src=\"https:\/\/i0.wp.com\/itexpert.top\/wp-content\/uploads\/2023\/06\/opertayvna.png?resize=149%2C38&amp;ssl=1\" class=\"attachment-thumbnail size-thumbnail wp-image-3610\" alt=\"\u041e\u043f\u0435\u0440\u0430\u0442\u0438\u0432\u043d\u0430 \u043f\u0430\u043c&#039;\u044f\u0442\u044c\" \/><\/a><\/figure><div class=\"elementor-image-box-content\"><h3 class=\"elementor-image-box-title\"><a href=\"https:\/\/itexpert.top\/pl\/it-blog\/ram\">RAM<\/a><\/h3><p class=\"elementor-image-box-description\">Jak wybra\u0107 pami\u0119\u0107 RAM. Jak zdiagnozowa\u0107 uszkodzon\u0105 pami\u0119\u0107 RAM. Gdy nie ma sensu dodatkowa pami\u0119\u0107.<\/p><\/div><\/div>\t\t\t\t<\/div>\n\t\t\t\t<\/div>\n\t\t\t\t<\/div>\n\t\t<div class=\"elementor-element elementor-element-200e39d e-con-full e-flex e-con e-child\" data-id=\"200e39d\" data-element_type=\"container\">\n\t\t\t\t<div class=\"elementor-element elementor-element-d64eed5 elementor-position-top elementor-widget elementor-widget-image-box\" data-id=\"d64eed5\" data-element_type=\"widget\" data-widget_type=\"image-box.default\">\n\t\t\t\t<div class=\"elementor-widget-container\">\n\t\t\t\t\t<div class=\"elementor-image-box-wrapper\"><figure class=\"elementor-image-box-img\"><a href=\"https:\/\/itexpert.top\/pl\/it-blog\/karta-graficzna\" tabindex=\"-1\"><img loading=\"lazy\" decoding=\"async\" width=\"128\" height=\"77\" src=\"https:\/\/i0.wp.com\/itexpert.top\/wp-content\/uploads\/2023\/06\/videokarta.png?resize=128%2C77&amp;ssl=1\" class=\"attachment-thumbnail size-thumbnail wp-image-3616\" alt=\"\u0412\u0456\u0434\u0435\u043e\u043a\u0430\u0440\u0442\u0430\" srcset=\"https:\/\/i0.wp.com\/itexpert.top\/wp-content\/uploads\/2023\/06\/videokarta.png?w=128&amp;ssl=1 128w, https:\/\/i0.wp.com\/itexpert.top\/wp-content\/uploads\/2023\/06\/videokarta.png?resize=100%2C60&amp;ssl=1 100w\" sizes=\"(max-width: 128px) 100vw, 128px\" \/><\/a><\/figure><div class=\"elementor-image-box-content\"><h3 class=\"elementor-image-box-title\"><a href=\"https:\/\/itexpert.top\/pl\/it-blog\/karta-graficzna\">Karta graficzna<\/a><\/h3><p class=\"elementor-image-box-description\">Jak wybra\u0107 kart\u0119 graficzn\u0105. Jak zdiagnozowa\u0107 uszkodzon\u0105 kart\u0119 graficzn\u0105. Dlaczego karta graficzna nie ci\u0105gnie gry.<\/p><\/div><\/div>\t\t\t\t<\/div>\n\t\t\t\t<\/div>\n\t\t\t\t<\/div>\n\t\t<div class=\"elementor-element elementor-element-d103344 e-con-full e-flex e-con e-child\" data-id=\"d103344\" data-element_type=\"container\">\n\t\t\t\t<div class=\"elementor-element elementor-element-adb4eb5 elementor-position-top elementor-widget elementor-widget-image-box\" data-id=\"adb4eb5\" data-element_type=\"widget\" data-widget_type=\"image-box.default\">\n\t\t\t\t<div class=\"elementor-widget-container\">\n\t\t\t\t\t<div class=\"elementor-image-box-wrapper\"><figure class=\"elementor-image-box-img\"><a href=\"https:\/\/itexpert.top\/pl\/it-blog\/zasilacz-komputera\" tabindex=\"-1\"><img loading=\"lazy\" decoding=\"async\" width=\"136\" height=\"93\" src=\"https:\/\/i0.wp.com\/itexpert.top\/wp-content\/uploads\/2023\/06\/blok-zhyvlennia.png?resize=136%2C93&amp;ssl=1\" class=\"attachment-thumbnail size-thumbnail wp-image-3628\" alt=\"\u0411\u043b\u043e\u043a \u0436\u0438\u0432\u043b\u0435\u043d\u043d\u044f\" srcset=\"https:\/\/i0.wp.com\/itexpert.top\/wp-content\/uploads\/2023\/06\/blok-zhyvlennia.png?w=136&amp;ssl=1 136w, https:\/\/i0.wp.com\/itexpert.top\/wp-content\/uploads\/2023\/06\/blok-zhyvlennia.png?resize=88%2C60&amp;ssl=1 88w\" sizes=\"(max-width: 136px) 100vw, 136px\" \/><\/a><\/figure><div class=\"elementor-image-box-content\"><h3 class=\"elementor-image-box-title\"><a href=\"https:\/\/itexpert.top\/pl\/it-blog\/zasilacz-komputera\">Zasilacz komputera<\/a><\/h3><p class=\"elementor-image-box-description\">Jak wybra\u0107 zasilacz. Jak zdiagnozowa\u0107 awari\u0119 zasilacza. Dlaczego kondensatory strzelaj\u0105 w zasilaczu.<\/p><\/div><\/div>\t\t\t\t<\/div>\n\t\t\t\t<\/div>\n\t\t\t\t<\/div>\n\t\t\t\t\t<\/div>\n\t\t\t\t<\/div>\n\t\t<div class=\"elementor-element elementor-element-49b7842 e-flex e-con-boxed e-con e-parent\" data-id=\"49b7842\" data-element_type=\"container\">\n\t\t\t\t\t<div class=\"e-con-inner\">\n\t\t<div class=\"elementor-element elementor-element-bace094 e-con-full e-flex e-con e-child\" data-id=\"bace094\" data-element_type=\"container\">\n\t\t\t\t<div class=\"elementor-element elementor-element-f07b6a0 elementor-widget elementor-widget-image-box\" data-id=\"f07b6a0\" data-element_type=\"widget\" data-widget_type=\"image-box.default\">\n\t\t\t\t<div class=\"elementor-widget-container\">\n\t\t\t\t\t<div class=\"elementor-image-box-wrapper\"><div class=\"elementor-image-box-content\"><h3 class=\"elementor-image-box-title\"><a href=\"https:\/\/itexpert.top\/pl\/it-blog\/optymalizacja-wyszukiwarki\">S\u0415\u041e<\/a><\/h3><p class=\"elementor-image-box-description\">Co to jest SEO i jak wa\u017cne jest dla strony internetowej w wyszukiwarce?<\/p><\/div><\/div>\t\t\t\t<\/div>\n\t\t\t\t<\/div>\n\t\t\t\t<\/div>\n\t\t<div class=\"elementor-element elementor-element-dbb3852 e-con-full e-flex e-con e-child\" data-id=\"dbb3852\" data-element_type=\"container\">\n\t\t\t\t<div class=\"elementor-element elementor-element-28336a0 elementor-widget elementor-widget-image-box\" data-id=\"28336a0\" data-element_type=\"widget\" data-widget_type=\"image-box.default\">\n\t\t\t\t<div class=\"elementor-widget-container\">\n\t\t\t\t\t<div class=\"elementor-image-box-wrapper\"><div class=\"elementor-image-box-content\"><h3 class=\"elementor-image-box-title\"><a href=\"https:\/\/itexpert.top\/pl\/it-blog\/przegladarki\">Przegl\u0105darki<\/a><\/h3><p class=\"elementor-image-box-description\">Ustawienia, b\u0142\u0119dy, tajemnice.<\/p><\/div><\/div>\t\t\t\t<\/div>\n\t\t\t\t<\/div>\n\t\t\t\t<\/div>\n\t\t<div class=\"elementor-element elementor-element-2c7b13b e-con-full e-flex e-con e-child\" data-id=\"2c7b13b\" data-element_type=\"container\">\n\t\t\t\t<div class=\"elementor-element elementor-element-c0d0298 elementor-widget elementor-widget-image-box\" data-id=\"c0d0298\" data-element_type=\"widget\" data-widget_type=\"image-box.default\">\n\t\t\t\t<div class=\"elementor-widget-container\">\n\t\t\t\t\t<div class=\"elementor-image-box-wrapper\"><div class=\"elementor-image-box-content\"><h3 class=\"elementor-image-box-title\"><a href=\"https:\/\/itexpert.top\/pl\/it-blog\/polecenia-cmd\">Polecenia CMD<\/a><\/h3><p class=\"elementor-image-box-description\">Polecenia cmd w systemie Windows. Co to s\u0105 polecenia i do czego s\u0142u\u017c\u0105?<\/p><\/div><\/div>\t\t\t\t<\/div>\n\t\t\t\t<\/div>\n\t\t\t\t<\/div>\n\t\t<div class=\"elementor-element elementor-element-900fcaf e-con-full e-flex e-con e-child\" data-id=\"900fcaf\" data-element_type=\"container\">\n\t\t\t\t<div class=\"elementor-element elementor-element-4b7be83 elementor-widget elementor-widget-image-box\" data-id=\"4b7be83\" data-element_type=\"widget\" data-widget_type=\"image-box.default\">\n\t\t\t\t<div class=\"elementor-widget-container\">\n\t\t\t\t\t<div class=\"elementor-image-box-wrapper\"><div class=\"elementor-image-box-content\"><h3 class=\"elementor-image-box-title\"><a href=\"https:\/\/itexpert.top\/pl\/it-blog\/openai\">OpenAI<\/a><\/h3><p class=\"elementor-image-box-description\">Czym jest OpenAI i jak z niego korzysta\u0107? <\/p><\/div><\/div>\t\t\t\t<\/div>\n\t\t\t\t<\/div>\n\t\t\t\t<\/div>\n\t\t\t\t\t<\/div>\n\t\t\t\t<\/div>\n\t\t\t\t<\/div>\n\t\t","protected":false},"excerpt":{"rendered":"<p>WINDOWS Mo\u017cemy pom\u00f3c w rozwi\u0105zaniu wielu problem\u00f3w z r\u00f3\u017cnymi wersjami system\u00f3w Windows. Upgrade Podpowiadamy, jak zwi\u0119kszy\u0107 wydajno\u015b\u0107 komputer\u00f3w, laptop\u00f3w, sprz\u0119tu sieciowego i oprogramowania. Sie\u0107 internetowa Pomo\u017cemy ci zrozumie\u0107, jak skonfigurowa\u0107 sprz\u0119t sieciowy i rozwi\u0105za\u0107 r\u00f3\u017cne problemy podczas pracy z nim. &hellip; <\/p>\n","protected":false},"author":1,"featured_media":0,"parent":0,"menu_order":0,"comment_status":"closed","ping_status":"closed","template":"elementor_header_footer","meta":{"slim_seo":{"title":"IT blog - ITexpert","description":"WINDOWS Mo\u017cemy pom\u00f3c w rozwi\u0105zaniu wielu problem\u00f3w z r\u00f3\u017cnymi wersjami system\u00f3w Windows. Upgrade Podpowiadamy, jak zwi\u0119kszy\u0107 wydajno\u015b\u0107 komputer\u00f3w, laptop\u00f3w, sprz"},"footnotes":""},"class_list":["post-2038","page","type-page","status-publish","hentry"],"_links":{"self":[{"href":"https:\/\/itexpert.top\/pl\/wp-json\/wp\/v2\/pages\/2038","targetHints":{"allow":["GET"]}}],"collection":[{"href":"https:\/\/itexpert.top\/pl\/wp-json\/wp\/v2\/pages"}],"about":[{"href":"https:\/\/itexpert.top\/pl\/wp-json\/wp\/v2\/types\/page"}],"author":[{"embeddable":true,"href":"https:\/\/itexpert.top\/pl\/wp-json\/wp\/v2\/users\/1"}],"replies":[{"embeddable":true,"href":"https:\/\/itexpert.top\/pl\/wp-json\/wp\/v2\/comments?post=2038"}],"version-history":[{"count":107,"href":"https:\/\/itexpert.top\/pl\/wp-json\/wp\/v2\/pages\/2038\/revisions"}],"predecessor-version":[{"id":13312,"href":"https:\/\/itexpert.top\/pl\/wp-json\/wp\/v2\/pages\/2038\/revisions\/13312"}],"wp:attachment":[{"href":"https:\/\/itexpert.top\/pl\/wp-json\/wp\/v2\/media?parent=2038"}],"curies":[{"name":"wp","href":"https:\/\/api.w.org\/{rel}","templated":true}]}}