{"id":2100,"date":"2023-05-26T16:16:03","date_gmt":"2023-05-26T13:16:03","guid":{"rendered":"https:\/\/itexpert.top\/zmiana-domyslnego-portu-3389-w-usludze-pulpitu-zdalnego-rdp"},"modified":"2023-05-26T16:16:03","modified_gmt":"2023-05-26T13:16:03","slug":"zmiana-domyslnego-portu-3389-w-usludze-pulpitu-zdalnego-rdp","status":"publish","type":"page","link":"https:\/\/itexpert.top\/pl\/windows\/zmiana-domyslnego-portu-3389-w-usludze-pulpitu-zdalnego-rdp","title":{"rendered":"Zmiana domy\u015blnego portu 3389 w us\u0142udze Pulpitu zdalnego (RDP)"},"content":{"rendered":"<p>Aby zmieni\u0107 domy\u015blny port 3389 w us\u0142udze Pulpitu zdalnego (RDP), nale\u017cy zmieni\u0107 ustawienia rejestru na komputerze z uruchomionym serwerem RDP. Nale\u017cy pami\u0119ta\u0107, \u017ce zmiana portu RDP mo\u017ce wp\u0142yn\u0105\u0107 na mo\u017cliwo\u015b\u0107 \u0142\u0105czenia si\u0119 zdalnych klient\u00f3w, dlatego nale\u017cy zachowa\u0107 ostro\u017cno\u015b\u0107 podczas jego zmiany.<\/p>\n<p>Oto jak zmieni\u0107 domy\u015blny port RDP:<\/p>\n<p>1. otworzy\u0107 Edytor rejestru na serwerze RDP. Mo\u017cna to zrobi\u0107, naciskaj\u0105c Win + R, wpisuj\u0105c &#8222;regedit&#8221; i naciskaj\u0105c Enter.<\/p>\n<p>2. Przejd\u017a do nast\u0119pnej \u015bcie\u017cki w Edytorze rejestru:<br \/>\nHKEY_LOCAL_MACHINE\\SYSTEM\\CurrentControlSet\\Control\\Terminal Server\\WinStations\\RDP-Tcp<\/p>\n<p>3 Znajd\u017a klucz o nazwie &#8222;PortNumber&#8221; i kliknij go dwukrotnie, aby otworzy\u0107 jego w\u0142a\u015bciwo\u015bci.<\/p>\n<p>4. W oknie Change DWORD Value wybierz Decimal i wprowad\u017a nowy numer portu. Upewnij si\u0119, \u017ce nowy port nie jest u\u017cywany przez inne us\u0142ugi lub aplikacje.<\/p>\n<p>5. Kliknij przycisk OK, aby zapisa\u0107 zmiany.<\/p>\n<p>6. Uruchom ponownie us\u0142ug\u0119 Pulpitu zdalnego lub uruchom ponownie komputer, aby zmiany zacz\u0119\u0142y obowi\u0105zywa\u0107.<\/p>\n<p>Nast\u0119pnie us\u0142uga pulpitu zdalnego b\u0119dzie nas\u0142uchiwa\u0107 na nowym podanym porcie. Podczas pod\u0142\u0105czania klient\u00f3w zdalnych konieczne b\u0119dzie okre\u015blenie nowego portu w odpowiednim polu podczas korzystania z aplikacji pulpitu zdalnego.<\/p>\n","protected":false},"excerpt":{"rendered":"<p>Aby zmieni\u0107 domy\u015blny port 3389 w us\u0142udze Pulpitu zdalnego (RDP), nale\u017cy zmieni\u0107 ustawienia rejestru na komputerze z uruchomionym serwerem RDP. Nale\u017cy pami\u0119ta\u0107, \u017ce zmiana portu RDP mo\u017ce wp\u0142yn\u0105\u0107 na mo\u017cliwo\u015b\u0107 \u0142\u0105czenia si\u0119 zdalnych klient\u00f3w, dlatego nale\u017cy zachowa\u0107 ostro\u017cno\u015b\u0107 podczas jego &hellip; <\/p>\n","protected":false},"author":1,"featured_media":0,"parent":8160,"menu_order":0,"comment_status":"closed","ping_status":"closed","template":"","meta":{"slim_seo":{"title":"Zmiana domy\u015blnego portu 3389 w us\u0142udze Pulpitu zdalnego (RDP) - ITexpert","description":"Aby zmieni\u0107 domy\u015blny port 3389 w us\u0142udze Pulpitu zdalnego (RDP), nale\u017cy zmieni\u0107 ustawienia rejestru na komputerze z uruchomionym serwerem RDP. Nale\u017cy pami\u0119ta\u0107,"},"footnotes":""},"class_list":["post-2100","page","type-page","status-publish","hentry"],"_links":{"self":[{"href":"https:\/\/itexpert.top\/pl\/wp-json\/wp\/v2\/pages\/2100","targetHints":{"allow":["GET"]}}],"collection":[{"href":"https:\/\/itexpert.top\/pl\/wp-json\/wp\/v2\/pages"}],"about":[{"href":"https:\/\/itexpert.top\/pl\/wp-json\/wp\/v2\/types\/page"}],"author":[{"embeddable":true,"href":"https:\/\/itexpert.top\/pl\/wp-json\/wp\/v2\/users\/1"}],"replies":[{"embeddable":true,"href":"https:\/\/itexpert.top\/pl\/wp-json\/wp\/v2\/comments?post=2100"}],"version-history":[{"count":0,"href":"https:\/\/itexpert.top\/pl\/wp-json\/wp\/v2\/pages\/2100\/revisions"}],"up":[{"embeddable":true,"href":"https:\/\/itexpert.top\/pl\/wp-json\/wp\/v2\/pages\/8160"}],"wp:attachment":[{"href":"https:\/\/itexpert.top\/pl\/wp-json\/wp\/v2\/media?parent=2100"}],"curies":[{"name":"wp","href":"https:\/\/api.w.org\/{rel}","templated":true}]}}