{"id":6180,"date":"2023-06-29T15:58:06","date_gmt":"2023-06-29T12:58:06","guid":{"rendered":"https:\/\/itexpert.top\/?page_id=6180"},"modified":"2024-08-21T13:20:55","modified_gmt":"2024-08-21T10:20:55","slug":"optymalizacja-wyszukiwarki","status":"publish","type":"page","link":"https:\/\/itexpert.top\/pl\/it-blog\/optymalizacja-wyszukiwarki","title":{"rendered":"Optymalizacja wyszukiwarki"},"content":{"rendered":"\t\t<div data-elementor-type=\"wp-page\" data-elementor-id=\"6180\" class=\"elementor elementor-6180 elementor-4354\" data-elementor-post-type=\"page\">\n\t\t\t\t<div class=\"elementor-element elementor-element-a32eaf2 e-flex e-con-boxed e-con e-parent\" data-id=\"a32eaf2\" data-element_type=\"container\">\n\t\t\t\t\t<div class=\"e-con-inner\">\n\t\t\t\t<div class=\"elementor-element elementor-element-e901a1a elementor-widget elementor-widget-heading\" data-id=\"e901a1a\" data-element_type=\"widget\" data-widget_type=\"heading.default\">\n\t\t\t\t<div class=\"elementor-widget-container\">\n\t\t\t\t\t<h4 class=\"elementor-heading-title elementor-size-default\">Optymalizacja wyszukiwarki<\/h4>\t\t\t\t<\/div>\n\t\t\t\t<\/div>\n\t\t\t\t\t<\/div>\n\t\t\t\t<\/div>\n\t\t<div class=\"elementor-element elementor-element-73a93b5 e-flex e-con-boxed e-con e-parent\" data-id=\"73a93b5\" data-element_type=\"container\">\n\t\t\t\t\t<div class=\"e-con-inner\">\n\t\t\t\t<div class=\"elementor-element elementor-element-921745c premium-blog-align-left elementor-widget elementor-widget-premium-addon-blog\" data-id=\"921745c\" data-element_type=\"widget\" data-settings=\"{&quot;premium_blog_grid&quot;:&quot;yes&quot;,&quot;premium_blog_layout&quot;:&quot;even&quot;,&quot;premium_blog_columns_number&quot;:&quot;50%&quot;,&quot;premium_blog_columns_number_tablet&quot;:&quot;50%&quot;,&quot;premium_blog_columns_number_mobile&quot;:&quot;100%&quot;}\" data-widget_type=\"premium-addon-blog.default\">\n\t\t\t\t<div class=\"elementor-widget-container\">\n\t\t\t\t\t\r\n\t\t\t\t<div class=\"premium-blog-wrap  premium-blog-even\" data-page=\"6180\">\r\n\t\t\t\t\t<div class=\"premium-blog-post-outer-container\" data-total=\"1\">\r\n\t\t\t<div class=\"premium-blog-post-container premium-blog-skin-classic\">\r\n\t\t\t\t\t\t\t\t\t\t\t\t<div class=\"premium-blog-content-wrapper empty-thumb\">\r\n\r\n\t\t\t\t\t<div class=\"premium-blog-inner-container\">\r\n\r\n\t\t\t\t\t\t\t\t\t\t\t\t\t\t<h2 class=\"premium-blog-entry-title\">\r\n\t\t\t<a href=\"https:\/\/itexpert.top\/pl\/duckduckgo-com-jest-wyszukiwarka-dla.html\" target=\"_blank\">\r\n\t\t\t\tduckduckgo.com jest wyszukiwark\u0105 dla\t\t\t<\/a>\r\n\t\t<\/h2>\r\n\t\t\t\t<div class=\"premium-blog-entry-meta\">\r\n\t\t\t\t\t\t\t<div class=\"premium-blog-post-author premium-blog-meta-data\">\r\n\t\t\t\t\t<i class=\"fa fa-user fa-fw\" aria-hidden=\"true\"><\/i>\r\n\t\t\t\t\t<a href=\"https:\/\/itexpert.top\/pl\/author\/itexpert\" title=\"Wpisy od itexpert\" rel=\"author\">itexpert<\/a>\t\t\t\t<\/div>\r\n\t\t\t\r\n\t\t\t\t\t\t\t<span class=\"premium-blog-meta-separator\">\u2022<\/span>\r\n\t\t\t\t<div class=\"premium-blog-post-time premium-blog-meta-data\">\r\n\t\t\t\t\t<i class=\"fa fa-calendar-alt\" aria-hidden=\"true\"><\/i>\r\n\t\t\t\t\t<span>2023-07-28<\/span>\r\n\t\t\t\t<\/div>\r\n\t\t\t\r\n\t\t\t\t\t\t\t<span class=\"premium-blog-meta-separator\">\u2022<\/span>\r\n\t\t\t\t<div class=\"premium-blog-post-categories premium-blog-meta-data\">\r\n\t\t\t\t\t<i class=\"fa fa-align-left fa-fw\" aria-hidden=\"true\"><\/i>\r\n\t\t\t\t\t<a href=\"https:\/\/itexpert.top\/pl\/category\/it-blog-pl\/bezpieczenstwo-w-internecie\" rel=\"category tag\">Bezpiecze\u0144stwo w Internecie<\/a>, <a href=\"https:\/\/itexpert.top\/pl\/category\/it-blog-pl\/seo-pl\" rel=\"category tag\">SEO<\/a>\t\t\t\t<\/div>\r\n\t\t\t\r\n\t\t\t\t\t\t\t<span class=\"premium-blog-meta-separator\">\u2022<\/span>\r\n\t\t\t\t<div class=\"premium-blog-post-comments premium-blog-meta-data\">\r\n\t\t\t\t\t<i class=\"fa fa-comments-o fa-fw\" aria-hidden=\"true\"><\/i>\r\n\t\t\t\t\t<a href=\"https:\/\/itexpert.top\/pl\/duckduckgo-com-jest-wyszukiwarka-dla.html#respond\">No Comments<\/a>\t\t\t\t<\/div>\r\n\t\t\t\t\t<\/div>\r\n\t\t\r\n\t\t\t\t\t<\/div>\r\n\r\n\t\t\t\t\t\t\t<div class=\"premium-blog-content-inner-wrapper\">\r\n\t\t<p class=\"premium-blog-post-content\">duckduckgo.com jest wyszukiwark\u0105 dla DuckDuckGo (https:\/\/duckduckgo.com\/) to wyszukiwarka zaprojektowana w celu zapewnienia u\u017cytkownikom anonimowo\u015bci i prywatno\u015bci podczas przeszukiwania Internetu. Wyszukiwarka ta zosta\u0142a \u2026<\/p>\t\t<\/div>\r\n\t\t\t\t\t\t\t\r\n\t\t\t\t<\/div>\r\n\t\t\t<\/div>\r\n\t\t<\/div>\r\n\r\n\t\t\t\t<\/div>\r\n\r\n\t\t\t\t\t\t<\/div>\n\t\t\t\t<\/div>\n\t\t\t\t\t<\/div>\n\t\t\t\t<\/div>\n\t\t\t\t<\/div>\n\t\t","protected":false},"excerpt":{"rendered":"<p>Optymalizacja wyszukiwarki duckduckgo.com jest wyszukiwark\u0105 dla itexpert \u2022 28.07.2023 \u2022 Bezpiecze\u0144stwo w Internecie, SEO \u2022 No Comments duckduckgo.com jest wyszukiwark\u0105 dla DuckDuckGo (https:\/\/duckduckgo.com\/) to wyszukiwarka zaprojektowana w celu zapewnienia u\u017cytkownikom anonimowo\u015bci i prywatno\u015bci podczas przeszukiwania Internetu. Wyszukiwarka ta zosta\u0142a \u2026<\/p>\n","protected":false},"author":1,"featured_media":0,"parent":2038,"menu_order":0,"comment_status":"closed","ping_status":"closed","template":"elementor_header_footer","meta":{"slim_seo":{"title":"duckduckgo.com jest wyszukiwark\u0105 dla - ITexpert","description":"duckduckgo.com jest wyszukiwark\u0105 dla DuckDuckGo (https:\/\/duckduckgo.com\/) to wyszukiwarka zaprojektowana w celu zapewnienia u\u017cytkownikom anonimowo\u015bci i prywatno"},"footnotes":""},"class_list":["post-6180","page","type-page","status-publish","hentry"],"_links":{"self":[{"href":"https:\/\/itexpert.top\/pl\/wp-json\/wp\/v2\/pages\/6180","targetHints":{"allow":["GET"]}}],"collection":[{"href":"https:\/\/itexpert.top\/pl\/wp-json\/wp\/v2\/pages"}],"about":[{"href":"https:\/\/itexpert.top\/pl\/wp-json\/wp\/v2\/types\/page"}],"author":[{"embeddable":true,"href":"https:\/\/itexpert.top\/pl\/wp-json\/wp\/v2\/users\/1"}],"replies":[{"embeddable":true,"href":"https:\/\/itexpert.top\/pl\/wp-json\/wp\/v2\/comments?post=6180"}],"version-history":[{"count":7,"href":"https:\/\/itexpert.top\/pl\/wp-json\/wp\/v2\/pages\/6180\/revisions"}],"predecessor-version":[{"id":8286,"href":"https:\/\/itexpert.top\/pl\/wp-json\/wp\/v2\/pages\/6180\/revisions\/8286"}],"up":[{"embeddable":true,"href":"https:\/\/itexpert.top\/pl\/wp-json\/wp\/v2\/pages\/2038"}],"wp:attachment":[{"href":"https:\/\/itexpert.top\/pl\/wp-json\/wp\/v2\/media?parent=6180"}],"curies":[{"name":"wp","href":"https:\/\/api.w.org\/{rel}","templated":true}]}}