{"id":7039,"date":"2023-06-26T14:53:22","date_gmt":"2023-06-26T11:53:22","guid":{"rendered":"https:\/\/itexpert.top\/?page_id=7039"},"modified":"2024-08-08T19:34:03","modified_gmt":"2024-08-08T16:34:03","slug":"karta-graficzna","status":"publish","type":"page","link":"https:\/\/itexpert.top\/pl\/it-blog\/karta-graficzna","title":{"rendered":"Karta graficzna"},"content":{"rendered":"\t\t<div data-elementor-type=\"wp-page\" data-elementor-id=\"7039\" class=\"elementor elementor-7039 elementor-3978\" data-elementor-post-type=\"page\">\n\t\t\t\t<div class=\"elementor-element elementor-element-52e7334 e-flex e-con-boxed e-con e-parent\" data-id=\"52e7334\" data-element_type=\"container\">\n\t\t\t\t\t<div class=\"e-con-inner\">\n\t\t\t\t<div class=\"elementor-element elementor-element-aaf5c13 elementor-widget elementor-widget-heading\" data-id=\"aaf5c13\" data-element_type=\"widget\" data-widget_type=\"heading.default\">\n\t\t\t\t<div class=\"elementor-widget-container\">\n\t\t\t\t\t<h4 class=\"elementor-heading-title elementor-size-default\">Karta graficzna<\/h4>\t\t\t\t<\/div>\n\t\t\t\t<\/div>\n\t\t\t\t\t<\/div>\n\t\t\t\t<\/div>\n\t\t<div class=\"elementor-element elementor-element-591a74e e-flex e-con-boxed e-con e-parent\" data-id=\"591a74e\" data-element_type=\"container\">\n\t\t\t\t\t<div class=\"e-con-inner\">\n\t\t\t\t<div class=\"elementor-element elementor-element-875472b premium-blog-align-left elementor-widget elementor-widget-premium-addon-blog\" data-id=\"875472b\" data-element_type=\"widget\" data-settings=\"{&quot;premium_blog_grid&quot;:&quot;yes&quot;,&quot;premium_blog_layout&quot;:&quot;even&quot;,&quot;premium_blog_columns_number&quot;:&quot;50%&quot;,&quot;premium_blog_columns_number_tablet&quot;:&quot;50%&quot;,&quot;premium_blog_columns_number_mobile&quot;:&quot;100%&quot;}\" data-widget_type=\"premium-addon-blog.default\">\n\t\t\t\t<div class=\"elementor-widget-container\">\n\t\t\t\t\t\r\n\t\t\t\t<div class=\"premium-blog-wrap  premium-blog-even\" data-page=\"7039\">\r\n\t\t\t\t\t<div class=\"premium-blog-post-outer-container\" data-total=\"1\">\r\n\t\t\t<div class=\"premium-blog-post-container premium-blog-skin-classic\">\r\n\t\t\t\t\t\t\t\t\t\t\t\t<div class=\"premium-blog-content-wrapper empty-thumb\">\r\n\r\n\t\t\t\t\t<div class=\"premium-blog-inner-container\">\r\n\r\n\t\t\t\t\t\t\t\t\t\t\t\t\t\t<h2 class=\"premium-blog-entry-title\">\r\n\t\t\t<a href=\"https:\/\/itexpert.top\/pl\/wybor-laptopa-do-minecraft-terraria-among-us-i-undertale.html\" target=\"_blank\">\r\n\t\t\t\tWyb\u00f3r laptopa do Minecraft, Terraria, Among Us i Undertale\t\t\t<\/a>\r\n\t\t<\/h2>\r\n\t\t\t\t<div class=\"premium-blog-entry-meta\">\r\n\t\t\t\t\t\t\t<div class=\"premium-blog-post-author premium-blog-meta-data\">\r\n\t\t\t\t\t<i class=\"fa fa-user fa-fw\" aria-hidden=\"true\"><\/i>\r\n\t\t\t\t\t<a href=\"https:\/\/itexpert.top\/pl\/author\/itexpert\" title=\"Wpisy od itexpert\" rel=\"author\">itexpert<\/a>\t\t\t\t<\/div>\r\n\t\t\t\r\n\t\t\t\t\t\t\t<span class=\"premium-blog-meta-separator\">\u2022<\/span>\r\n\t\t\t\t<div class=\"premium-blog-post-time premium-blog-meta-data\">\r\n\t\t\t\t\t<i class=\"fa fa-calendar-alt\" aria-hidden=\"true\"><\/i>\r\n\t\t\t\t\t<span>2024-08-19<\/span>\r\n\t\t\t\t<\/div>\r\n\t\t\t\r\n\t\t\t\t\t\t\t<span class=\"premium-blog-meta-separator\">\u2022<\/span>\r\n\t\t\t\t<div class=\"premium-blog-post-categories premium-blog-meta-data\">\r\n\t\t\t\t\t<i class=\"fa fa-align-left fa-fw\" aria-hidden=\"true\"><\/i>\r\n\t\t\t\t\t<a href=\"https:\/\/itexpert.top\/pl\/category\/it-blog-pl\/dysk-twardy\" rel=\"category tag\">Dysk twardy<\/a>, <a href=\"https:\/\/itexpert.top\/pl\/category\/it-blog-pl\/karta-graficzna\" rel=\"category tag\">Karta graficzna<\/a>, <a href=\"https:\/\/itexpert.top\/pl\/category\/it-blog-pl\/laptop\" rel=\"category tag\">Laptop<\/a>, <a href=\"https:\/\/itexpert.top\/pl\/category\/it-blog-pl\/ram-pl\" rel=\"category tag\">RAM<\/a>\t\t\t\t<\/div>\r\n\t\t\t\r\n\t\t\t\t\t\t\t<span class=\"premium-blog-meta-separator\">\u2022<\/span>\r\n\t\t\t\t<div class=\"premium-blog-post-comments premium-blog-meta-data\">\r\n\t\t\t\t\t<i class=\"fa fa-comments-o fa-fw\" aria-hidden=\"true\"><\/i>\r\n\t\t\t\t\t<a href=\"https:\/\/itexpert.top\/pl\/wybor-laptopa-do-minecraft-terraria-among-us-i-undertale.html#respond\">No Comments<\/a>\t\t\t\t<\/div>\r\n\t\t\t\t\t<\/div>\r\n\t\t\r\n\t\t\t\t\t<\/div>\r\n\r\n\t\t\t\t\t\t\t<div class=\"premium-blog-content-inner-wrapper\">\r\n\t\t<p class=\"premium-blog-post-content\">Wyb\u00f3r laptopa do Minecraft, Terraria, Among Us i Undertale Je\u015bli szukasz laptopa, kt\u00f3ry pozwoli Ci cieszy\u0107 si\u0119 popularnymi grami takimi jak Minecraft, \u2026<\/p>\t\t<\/div>\r\n\t\t\t\t\t\t\t\r\n\t\t\t\t<\/div>\r\n\t\t\t<\/div>\r\n\t\t<\/div>\r\n\r\n\t\t\t\t<div class=\"premium-blog-post-outer-container\" data-total=\"1\">\r\n\t\t\t<div class=\"premium-blog-post-container premium-blog-skin-classic\">\r\n\t\t\t\t\t\t\t\t\t<div class=\"premium-blog-thumb-effect-wrapper\">\r\n\t\t\t\t\t\t<div class=\"premium-blog-thumbnail-container premium-blog-zoomin-effect\">\r\n\t\t\t\t\t\t\t<img fetchpriority=\"high\" decoding=\"async\" width=\"500\" height=\"280\" src=\"https:\/\/i0.wp.com\/itexpert.top\/wp-content\/uploads\/2023\/06\/YAk-obraty-videokartu-v-kompiuter.png?fit=500%2C280&amp;ssl=1\" class=\"attachment-full size-full wp-image-15377\" alt=\"\u042f\u043a \u043e\u0431\u0440\u0430\u0442\u0438 \u0432\u0456\u0434\u0435\u043e\u043a\u0430\u0440\u0442\u0443 \u0432 \u043a\u043e\u043c\u043f\u044e\u0442\u0435\u0440.\" \/>\t\t\t\t\t\t<\/div>\r\n\t\t\t\t\t\t\t\t\t\t\t\t\t<div class=\"premium-blog-thumbnail-overlay\">\r\n\t\t\t\t\t\t\t\t<a class=\"elementor-icon\" href=\"https:\/\/itexpert.top\/pl\/jak-wybrac-karte-graficzna-do-swojego-komputera.html\" target=\"_blank\"><\/a>\r\n\t\t\t\t\t\t\t<\/div>\r\n\r\n\t\t\t\t\t\t\t\t\t\t\t\t\t\t\t\t\t\t<\/div>\r\n\t\t\t\t\t\t\t\t\t\t\t\t<div class=\"premium-blog-content-wrapper \">\r\n\r\n\t\t\t\t\t<div class=\"premium-blog-inner-container\">\r\n\r\n\t\t\t\t\t\t\t\t\t\t\t\t\t\t<h2 class=\"premium-blog-entry-title\">\r\n\t\t\t<a href=\"https:\/\/itexpert.top\/pl\/jak-wybrac-karte-graficzna-do-swojego-komputera.html\" target=\"_blank\">\r\n\t\t\t\tJak wybra\u0107 kart\u0119 graficzn\u0105 do swojego komputera?\t\t\t<\/a>\r\n\t\t<\/h2>\r\n\t\t\t\t<div class=\"premium-blog-entry-meta\">\r\n\t\t\t\t\t\t\t<div class=\"premium-blog-post-author premium-blog-meta-data\">\r\n\t\t\t\t\t<i class=\"fa fa-user fa-fw\" aria-hidden=\"true\"><\/i>\r\n\t\t\t\t\t<a href=\"https:\/\/itexpert.top\/pl\/author\/itexpert\" title=\"Wpisy od itexpert\" rel=\"author\">itexpert<\/a>\t\t\t\t<\/div>\r\n\t\t\t\r\n\t\t\t\t\t\t\t<span class=\"premium-blog-meta-separator\">\u2022<\/span>\r\n\t\t\t\t<div class=\"premium-blog-post-time premium-blog-meta-data\">\r\n\t\t\t\t\t<i class=\"fa fa-calendar-alt\" aria-hidden=\"true\"><\/i>\r\n\t\t\t\t\t<span>2023-06-26<\/span>\r\n\t\t\t\t<\/div>\r\n\t\t\t\r\n\t\t\t\t\t\t\t<span class=\"premium-blog-meta-separator\">\u2022<\/span>\r\n\t\t\t\t<div class=\"premium-blog-post-categories premium-blog-meta-data\">\r\n\t\t\t\t\t<i class=\"fa fa-align-left fa-fw\" aria-hidden=\"true\"><\/i>\r\n\t\t\t\t\t<a href=\"https:\/\/itexpert.top\/pl\/category\/it-blog-pl\/karta-graficzna\" rel=\"category tag\">Karta graficzna<\/a>, <a href=\"https:\/\/itexpert.top\/pl\/category\/it-blog-pl\/aktualizacja\" rel=\"category tag\">Modernizacja<\/a>, <a href=\"https:\/\/itexpert.top\/pl\/category\/it-blog-pl\/monitor-pl\" rel=\"category tag\">Monitor<\/a>\t\t\t\t<\/div>\r\n\t\t\t\r\n\t\t\t\t\t\t\t<span class=\"premium-blog-meta-separator\">\u2022<\/span>\r\n\t\t\t\t<div class=\"premium-blog-post-comments premium-blog-meta-data\">\r\n\t\t\t\t\t<i class=\"fa fa-comments-o fa-fw\" aria-hidden=\"true\"><\/i>\r\n\t\t\t\t\t<a href=\"https:\/\/itexpert.top\/pl\/jak-wybrac-karte-graficzna-do-swojego-komputera.html#respond\">No Comments<\/a>\t\t\t\t<\/div>\r\n\t\t\t\t\t<\/div>\r\n\t\t\r\n\t\t\t\t\t<\/div>\r\n\r\n\t\t\t\t\t\t\t<div class=\"premium-blog-content-inner-wrapper\">\r\n\t\t<p class=\"premium-blog-post-content\">Jak wybra\u0107 kart\u0119 graficzn\u0105 do komputera? Kr\u00f3tki opis: Dowiedz si\u0119, jak \u043f\u0440\u0430\u0432\u0438\u043b\u044c\u043d\u043e wybra\u0107 kart\u0119 graficzn\u0105 do PC. Zwr\u00f3\u0107 uwag\u0119 na wydajno\u015b\u0107, pami\u0119\u0107 \u2026<\/p>\t\t<\/div>\r\n\t\t\t\t\t\t\t\r\n\t\t\t\t<\/div>\r\n\t\t\t<\/div>\r\n\t\t<\/div>\r\n\r\n\t\t\t\t<\/div>\r\n\r\n\t\t\t\t\t\t<\/div>\n\t\t\t\t<\/div>\n\t\t\t\t\t<\/div>\n\t\t\t\t<\/div>\n\t\t\t\t<\/div>\n\t\t","protected":false},"excerpt":{"rendered":"<p>Karta graficzna The current query has no posts. Please make sure you have published items matching your query.<\/p>\n","protected":false},"author":1,"featured_media":0,"parent":2038,"menu_order":0,"comment_status":"closed","ping_status":"closed","template":"elementor_header_footer","meta":{"slim_seo":{"title":"Jak wybra\u0107 kart\u0119 graficzn\u0105 do swojego komputera? - ITexpert","description":"Jak wybra\u0107 kart\u0119 graficzn\u0105 do komputera? Kr\u00f3tki opis: Dowiedz si\u0119, jak \u043f\u0440\u0430\u0432\u0438\u043b\u044c\u043d\u043e wybra\u0107 kart\u0119 graficzn\u0105 do PC. Zwr\u00f3\u0107 uwag\u0119 na wydajno\u015b\u0107, pami\u0119\u0107 VRAM, kompatybil"},"footnotes":""},"class_list":["post-7039","page","type-page","status-publish","hentry"],"_links":{"self":[{"href":"https:\/\/itexpert.top\/pl\/wp-json\/wp\/v2\/pages\/7039","targetHints":{"allow":["GET"]}}],"collection":[{"href":"https:\/\/itexpert.top\/pl\/wp-json\/wp\/v2\/pages"}],"about":[{"href":"https:\/\/itexpert.top\/pl\/wp-json\/wp\/v2\/types\/page"}],"author":[{"embeddable":true,"href":"https:\/\/itexpert.top\/pl\/wp-json\/wp\/v2\/users\/1"}],"replies":[{"embeddable":true,"href":"https:\/\/itexpert.top\/pl\/wp-json\/wp\/v2\/comments?post=7039"}],"version-history":[{"count":4,"href":"https:\/\/itexpert.top\/pl\/wp-json\/wp\/v2\/pages\/7039\/revisions"}],"predecessor-version":[{"id":7043,"href":"https:\/\/itexpert.top\/pl\/wp-json\/wp\/v2\/pages\/7039\/revisions\/7043"}],"up":[{"embeddable":true,"href":"https:\/\/itexpert.top\/pl\/wp-json\/wp\/v2\/pages\/2038"}],"wp:attachment":[{"href":"https:\/\/itexpert.top\/pl\/wp-json\/wp\/v2\/media?parent=7039"}],"curies":[{"name":"wp","href":"https:\/\/api.w.org\/{rel}","templated":true}]}}