{"id":7152,"date":"2023-06-26T14:39:04","date_gmt":"2023-06-26T11:39:04","guid":{"rendered":"https:\/\/itexpert.top\/?page_id=7152"},"modified":"2024-08-09T11:03:22","modified_gmt":"2024-08-09T08:03:22","slug":"ram","status":"publish","type":"page","link":"https:\/\/itexpert.top\/pl\/it-blog\/ram","title":{"rendered":"RAM"},"content":{"rendered":"\t\t<div data-elementor-type=\"wp-page\" data-elementor-id=\"7152\" class=\"elementor elementor-7152 elementor-3962\" data-elementor-post-type=\"page\">\n\t\t\t\t<div class=\"elementor-element elementor-element-9164f6a e-flex e-con-boxed e-con e-parent\" data-id=\"9164f6a\" data-element_type=\"container\">\n\t\t\t\t\t<div class=\"e-con-inner\">\n\t\t\t\t<div class=\"elementor-element elementor-element-2036936 elementor-widget elementor-widget-heading\" data-id=\"2036936\" data-element_type=\"widget\" data-widget_type=\"heading.default\">\n\t\t\t\t<div class=\"elementor-widget-container\">\n\t\t\t\t\t<h4 class=\"elementor-heading-title elementor-size-default\">RAM<\/h4>\t\t\t\t<\/div>\n\t\t\t\t<\/div>\n\t\t\t\t\t<\/div>\n\t\t\t\t<\/div>\n\t\t<div class=\"elementor-element elementor-element-cd6a019 e-flex e-con-boxed e-con e-parent\" data-id=\"cd6a019\" data-element_type=\"container\">\n\t\t\t\t\t<div class=\"e-con-inner\">\n\t\t\t\t<div class=\"elementor-element elementor-element-bb3b993 premium-blog-align-left elementor-widget elementor-widget-premium-addon-blog\" data-id=\"bb3b993\" data-element_type=\"widget\" data-settings=\"{&quot;premium_blog_grid&quot;:&quot;yes&quot;,&quot;premium_blog_layout&quot;:&quot;even&quot;,&quot;premium_blog_columns_number&quot;:&quot;50%&quot;,&quot;premium_blog_columns_number_tablet&quot;:&quot;50%&quot;,&quot;premium_blog_columns_number_mobile&quot;:&quot;100%&quot;}\" data-widget_type=\"premium-addon-blog.default\">\n\t\t\t\t<div class=\"elementor-widget-container\">\n\t\t\t\t\t\r\n\t\t\t\t<div class=\"premium-blog-wrap  premium-blog-even\" data-page=\"7152\">\r\n\t\t\t\t\t<div class=\"premium-blog-post-outer-container\" data-total=\"1\">\r\n\t\t\t<div class=\"premium-blog-post-container premium-blog-skin-classic\">\r\n\t\t\t\t\t\t\t\t\t\t\t\t<div class=\"premium-blog-content-wrapper empty-thumb\">\r\n\r\n\t\t\t\t\t<div class=\"premium-blog-inner-container\">\r\n\r\n\t\t\t\t\t\t\t\t\t\t\t\t\t\t<h2 class=\"premium-blog-entry-title\">\r\n\t\t\t<a href=\"https:\/\/itexpert.top\/pl\/wybor-laptopa-do-minecraft-terraria-among-us-i-undertale.html\" target=\"_blank\">\r\n\t\t\t\tWyb\u00f3r laptopa do Minecraft, Terraria, Among Us i Undertale\t\t\t<\/a>\r\n\t\t<\/h2>\r\n\t\t\t\t<div class=\"premium-blog-entry-meta\">\r\n\t\t\t\t\t\t\t<div class=\"premium-blog-post-author premium-blog-meta-data\">\r\n\t\t\t\t\t<i class=\"fa fa-user fa-fw\" aria-hidden=\"true\"><\/i>\r\n\t\t\t\t\t<a href=\"https:\/\/itexpert.top\/pl\/author\/itexpert\" title=\"Wpisy od itexpert\" rel=\"author\">itexpert<\/a>\t\t\t\t<\/div>\r\n\t\t\t\r\n\t\t\t\t\t\t\t<span class=\"premium-blog-meta-separator\">\u2022<\/span>\r\n\t\t\t\t<div class=\"premium-blog-post-time premium-blog-meta-data\">\r\n\t\t\t\t\t<i class=\"fa fa-calendar-alt\" aria-hidden=\"true\"><\/i>\r\n\t\t\t\t\t<span>2024-08-19<\/span>\r\n\t\t\t\t<\/div>\r\n\t\t\t\r\n\t\t\t\t\t\t\t<span class=\"premium-blog-meta-separator\">\u2022<\/span>\r\n\t\t\t\t<div class=\"premium-blog-post-categories premium-blog-meta-data\">\r\n\t\t\t\t\t<i class=\"fa fa-align-left fa-fw\" aria-hidden=\"true\"><\/i>\r\n\t\t\t\t\t<a href=\"https:\/\/itexpert.top\/pl\/category\/it-blog-pl\/dysk-twardy\" rel=\"category tag\">Dysk twardy<\/a>, <a href=\"https:\/\/itexpert.top\/pl\/category\/it-blog-pl\/karta-graficzna\" rel=\"category tag\">Karta graficzna<\/a>, <a href=\"https:\/\/itexpert.top\/pl\/category\/it-blog-pl\/laptop\" rel=\"category tag\">Laptop<\/a>, <a href=\"https:\/\/itexpert.top\/pl\/category\/it-blog-pl\/ram-pl\" rel=\"category tag\">RAM<\/a>\t\t\t\t<\/div>\r\n\t\t\t\r\n\t\t\t\t\t\t\t<span class=\"premium-blog-meta-separator\">\u2022<\/span>\r\n\t\t\t\t<div class=\"premium-blog-post-comments premium-blog-meta-data\">\r\n\t\t\t\t\t<i class=\"fa fa-comments-o fa-fw\" aria-hidden=\"true\"><\/i>\r\n\t\t\t\t\t<a href=\"https:\/\/itexpert.top\/pl\/wybor-laptopa-do-minecraft-terraria-among-us-i-undertale.html#respond\">No Comments<\/a>\t\t\t\t<\/div>\r\n\t\t\t\t\t<\/div>\r\n\t\t\r\n\t\t\t\t\t<\/div>\r\n\r\n\t\t\t\t\t\t\t<div class=\"premium-blog-content-inner-wrapper\">\r\n\t\t<p class=\"premium-blog-post-content\">Wyb\u00f3r laptopa do Minecraft, Terraria, Among Us i Undertale Je\u015bli szukasz laptopa, kt\u00f3ry pozwoli Ci cieszy\u0107 si\u0119 popularnymi grami takimi jak Minecraft, \u2026<\/p>\t\t<\/div>\r\n\t\t\t\t\t\t\t\r\n\t\t\t\t<\/div>\r\n\t\t\t<\/div>\r\n\t\t<\/div>\r\n\r\n\t\t\t\t<div class=\"premium-blog-post-outer-container\" data-total=\"1\">\r\n\t\t\t<div class=\"premium-blog-post-container premium-blog-skin-classic\">\r\n\t\t\t\t\t\t\t\t\t\t\t\t<div class=\"premium-blog-content-wrapper empty-thumb\">\r\n\r\n\t\t\t\t\t<div class=\"premium-blog-inner-container\">\r\n\r\n\t\t\t\t\t\t\t\t\t\t\t\t\t\t<h2 class=\"premium-blog-entry-title\">\r\n\t\t\t<a href=\"https:\/\/itexpert.top\/pl\/jak-wybrac-pamiec-ram-komputera.html\" target=\"_blank\">\r\n\t\t\t\tJak wybra\u0107 pami\u0119\u0107 RAM komputera?\t\t\t<\/a>\r\n\t\t<\/h2>\r\n\t\t\t\t<div class=\"premium-blog-entry-meta\">\r\n\t\t\t\t\t\t\t<div class=\"premium-blog-post-author premium-blog-meta-data\">\r\n\t\t\t\t\t<i class=\"fa fa-user fa-fw\" aria-hidden=\"true\"><\/i>\r\n\t\t\t\t\t<a href=\"https:\/\/itexpert.top\/pl\/author\/itexpert\" title=\"Wpisy od itexpert\" rel=\"author\">itexpert<\/a>\t\t\t\t<\/div>\r\n\t\t\t\r\n\t\t\t\t\t\t\t<span class=\"premium-blog-meta-separator\">\u2022<\/span>\r\n\t\t\t\t<div class=\"premium-blog-post-time premium-blog-meta-data\">\r\n\t\t\t\t\t<i class=\"fa fa-calendar-alt\" aria-hidden=\"true\"><\/i>\r\n\t\t\t\t\t<span>2023-06-26<\/span>\r\n\t\t\t\t<\/div>\r\n\t\t\t\r\n\t\t\t\t\t\t\t<span class=\"premium-blog-meta-separator\">\u2022<\/span>\r\n\t\t\t\t<div class=\"premium-blog-post-categories premium-blog-meta-data\">\r\n\t\t\t\t\t<i class=\"fa fa-align-left fa-fw\" aria-hidden=\"true\"><\/i>\r\n\t\t\t\t\t<a href=\"https:\/\/itexpert.top\/pl\/category\/it-blog-pl\/komputer\" rel=\"category tag\">Komputer<\/a>, <a href=\"https:\/\/itexpert.top\/pl\/category\/it-blog-pl\/aktualizacja\" rel=\"category tag\">Modernizacja<\/a>, <a href=\"https:\/\/itexpert.top\/pl\/category\/it-blog-pl\/ram-pl\" rel=\"category tag\">RAM<\/a>\t\t\t\t<\/div>\r\n\t\t\t\r\n\t\t\t\t\t\t\t<span class=\"premium-blog-meta-separator\">\u2022<\/span>\r\n\t\t\t\t<div class=\"premium-blog-post-comments premium-blog-meta-data\">\r\n\t\t\t\t\t<i class=\"fa fa-comments-o fa-fw\" aria-hidden=\"true\"><\/i>\r\n\t\t\t\t\t<a href=\"https:\/\/itexpert.top\/pl\/jak-wybrac-pamiec-ram-komputera.html#respond\">No Comments<\/a>\t\t\t\t<\/div>\r\n\t\t\t\t\t<\/div>\r\n\t\t\r\n\t\t\t\t\t<\/div>\r\n\r\n\t\t\t\t\t\t\t<div class=\"premium-blog-content-inner-wrapper\">\r\n\t\t<p class=\"premium-blog-post-content\">Wyb\u00f3r odpowiedniej pami\u0119ci RAM dla twojego komputera Wybieraj\u0105c pami\u0119\u0107 RAM do swojego komputera, powiniene\u015b wzi\u0105\u0107 pod uwag\u0119 kilka czynnik\u00f3w. Oto kilka krok\u00f3w, \u2026<\/p>\t\t<\/div>\r\n\t\t\t\t\t\t\t\r\n\t\t\t\t<\/div>\r\n\t\t\t<\/div>\r\n\t\t<\/div>\r\n\r\n\t\t\t\t<\/div>\r\n\r\n\t\t\t\t\t\t<\/div>\n\t\t\t\t<\/div>\n\t\t\t\t\t<\/div>\n\t\t\t\t<\/div>\n\t\t\t\t<\/div>\n\t\t","protected":false},"excerpt":{"rendered":"<p>RAM Jak wybra\u0107 pami\u0119\u0107 RAM komputera? itexpert \u2022 26.06.2023 \u2022 Aktualizacja, Komputer., RAM \u2022 No Comments Wyb\u00f3r odpowiedniej pami\u0119ci RAM dla twojego komputera Wybieraj\u0105c pami\u0119\u0107 RAM do swojego komputera, powiniene\u015b wzi\u0105\u0107 pod uwag\u0119 kilka czynnik\u00f3w. Oto kilka krok\u00f3w, \u2026<\/p>\n","protected":false},"author":1,"featured_media":0,"parent":2038,"menu_order":0,"comment_status":"closed","ping_status":"closed","template":"elementor_header_footer","meta":{"slim_seo":{"title":"Jak wybra\u0107 pami\u0119\u0107 RAM komputera? - ITexpert","description":"Wyb\u00f3r odpowiedniej pami\u0119ci RAM dla twojego komputera Wybieraj\u0105c pami\u0119\u0107 RAM do swojego komputera, powiniene\u015b wzi\u0105\u0107 pod uwag\u0119 kilka czynnik\u00f3w. Oto kilka krok\u00f3w, k"},"footnotes":""},"class_list":["post-7152","page","type-page","status-publish","hentry"],"_links":{"self":[{"href":"https:\/\/itexpert.top\/pl\/wp-json\/wp\/v2\/pages\/7152","targetHints":{"allow":["GET"]}}],"collection":[{"href":"https:\/\/itexpert.top\/pl\/wp-json\/wp\/v2\/pages"}],"about":[{"href":"https:\/\/itexpert.top\/pl\/wp-json\/wp\/v2\/types\/page"}],"author":[{"embeddable":true,"href":"https:\/\/itexpert.top\/pl\/wp-json\/wp\/v2\/users\/1"}],"replies":[{"embeddable":true,"href":"https:\/\/itexpert.top\/pl\/wp-json\/wp\/v2\/comments?post=7152"}],"version-history":[{"count":4,"href":"https:\/\/itexpert.top\/pl\/wp-json\/wp\/v2\/pages\/7152\/revisions"}],"predecessor-version":[{"id":7156,"href":"https:\/\/itexpert.top\/pl\/wp-json\/wp\/v2\/pages\/7152\/revisions\/7156"}],"up":[{"embeddable":true,"href":"https:\/\/itexpert.top\/pl\/wp-json\/wp\/v2\/pages\/2038"}],"wp:attachment":[{"href":"https:\/\/itexpert.top\/pl\/wp-json\/wp\/v2\/media?parent=7152"}],"curies":[{"name":"wp","href":"https:\/\/api.w.org\/{rel}","templated":true}]}}