{"id":7186,"date":"2023-06-26T15:24:37","date_gmt":"2023-06-26T12:24:37","guid":{"rendered":"https:\/\/itexpert.top\/?page_id=7186"},"modified":"2024-08-12T14:00:34","modified_gmt":"2024-08-12T11:00:34","slug":"komputer","status":"publish","type":"page","link":"https:\/\/itexpert.top\/pl\/it-blog\/komputer","title":{"rendered":"Komputer"},"content":{"rendered":"\t\t<div data-elementor-type=\"wp-page\" data-elementor-id=\"7186\" class=\"elementor elementor-7186 elementor-4007\" data-elementor-post-type=\"page\">\n\t\t\t\t<div class=\"elementor-element elementor-element-4380e31 e-flex e-con-boxed e-con e-parent\" data-id=\"4380e31\" data-element_type=\"container\">\n\t\t\t\t\t<div class=\"e-con-inner\">\n\t\t\t\t<div class=\"elementor-element elementor-element-ca2977a elementor-widget elementor-widget-heading\" data-id=\"ca2977a\" data-element_type=\"widget\" data-widget_type=\"heading.default\">\n\t\t\t\t<div class=\"elementor-widget-container\">\n\t\t\t\t\t<h4 class=\"elementor-heading-title elementor-size-default\">Komputer<\/h4>\t\t\t\t<\/div>\n\t\t\t\t<\/div>\n\t\t\t\t\t<\/div>\n\t\t\t\t<\/div>\n\t\t<div class=\"elementor-element elementor-element-294b619 e-flex e-con-boxed e-con e-parent\" data-id=\"294b619\" data-element_type=\"container\">\n\t\t\t\t\t<div class=\"e-con-inner\">\n\t\t\t\t<div class=\"elementor-element elementor-element-a8698ea premium-blog-align-left elementor-widget elementor-widget-premium-addon-blog\" data-id=\"a8698ea\" data-element_type=\"widget\" data-settings=\"{&quot;premium_blog_infinite_scroll&quot;:&quot;yes&quot;,&quot;premium_blog_grid&quot;:&quot;yes&quot;,&quot;premium_blog_layout&quot;:&quot;even&quot;,&quot;premium_blog_columns_number&quot;:&quot;50%&quot;,&quot;premium_blog_columns_number_tablet&quot;:&quot;50%&quot;,&quot;premium_blog_columns_number_mobile&quot;:&quot;100%&quot;}\" data-widget_type=\"premium-addon-blog.default\">\n\t\t\t\t<div class=\"elementor-widget-container\">\n\t\t\t\t\t\r\n\t\t\t\t<div class=\"premium-blog-wrap  premium-blog-even\" data-page=\"7186\">\r\n\t\t\t\t\t<div class=\"premium-blog-post-outer-container\" data-total=\"4\">\r\n\t\t\t<div class=\"premium-blog-post-container premium-blog-skin-classic\">\r\n\t\t\t\t\t\t\t\t\t<div class=\"premium-blog-thumb-effect-wrapper\">\r\n\t\t\t\t\t\t<div class=\"premium-blog-thumbnail-container premium-blog-zoomin-effect\">\r\n\t\t\t\t\t\t\t<img fetchpriority=\"high\" decoding=\"async\" width=\"500\" height=\"280\" src=\"https:\/\/i0.wp.com\/itexpert.top\/wp-content\/uploads\/2026\/03\/output1-363.jpeg?fit=500%2C280&amp;ssl=1\" class=\"attachment-full size-full wp-image-12178\" alt=\"Viber \u043d\u0435 \u0432\u0456\u0434\u043a\u0440\u0438\u0432\u0430\u0454\u0442\u044c\u0441\u044f \u043f\u0456\u0441\u043b\u044f \u043e\u043d\u043e\u0432\u043b\u0435\u043d\u043d\u044f Windows\" \/>\t\t\t\t\t\t<\/div>\r\n\t\t\t\t\t\t\t\t\t\t\t\t\t<div class=\"premium-blog-thumbnail-overlay\">\r\n\t\t\t\t\t\t\t\t<a class=\"elementor-icon\" href=\"https:\/\/itexpert.top\/pl\/viber-nie-dziala-po-aktualizacji.html\" target=\"_blank\"><\/a>\r\n\t\t\t\t\t\t\t<\/div>\r\n\r\n\t\t\t\t\t\t\t\t\t\t\t\t\t\t\t\t\t\t<\/div>\r\n\t\t\t\t\t\t\t\t\t\t\t\t<div class=\"premium-blog-content-wrapper \">\r\n\r\n\t\t\t\t\t<div class=\"premium-blog-inner-container\">\r\n\r\n\t\t\t\t\t\t\t\t\t\t\t\t\t\t<h2 class=\"premium-blog-entry-title\">\r\n\t\t\t<a href=\"https:\/\/itexpert.top\/pl\/viber-nie-dziala-po-aktualizacji.html\" target=\"_blank\">\r\n\t\t\t\tViber nie dzia\u0142a po aktualizacji\t\t\t<\/a>\r\n\t\t<\/h2>\r\n\t\t\t\t<div class=\"premium-blog-entry-meta\">\r\n\t\t\t\t\t\t\t<div class=\"premium-blog-post-author premium-blog-meta-data\">\r\n\t\t\t\t\t<i class=\"fa fa-user fa-fw\" aria-hidden=\"true\"><\/i>\r\n\t\t\t\t\t<a href=\"https:\/\/itexpert.top\/pl\/author\/itexpert\" title=\"Wpisy od itexpert\" rel=\"author\">itexpert<\/a>\t\t\t\t<\/div>\r\n\t\t\t\r\n\t\t\t\t\t\t\t<span class=\"premium-blog-meta-separator\">\u2022<\/span>\r\n\t\t\t\t<div class=\"premium-blog-post-time premium-blog-meta-data\">\r\n\t\t\t\t\t<i class=\"fa fa-calendar-alt\" aria-hidden=\"true\"><\/i>\r\n\t\t\t\t\t<span>2026-03-30<\/span>\r\n\t\t\t\t<\/div>\r\n\t\t\t\r\n\t\t\t\t\t\t\t<span class=\"premium-blog-meta-separator\">\u2022<\/span>\r\n\t\t\t\t<div class=\"premium-blog-post-categories premium-blog-meta-data\">\r\n\t\t\t\t\t<i class=\"fa fa-align-left fa-fw\" aria-hidden=\"true\"><\/i>\r\n\t\t\t\t\t<a href=\"https:\/\/itexpert.top\/pl\/category\/it-blog-pl\/komputer\" rel=\"category tag\">Komputer<\/a>, <a href=\"https:\/\/itexpert.top\/pl\/category\/it-blog-pl\/laptop\" rel=\"category tag\">Laptop<\/a>, <a href=\"https:\/\/itexpert.top\/pl\/category\/it-blog-pl\/windows-pl\" rel=\"category tag\">Windows<\/a>, <a href=\"https:\/\/itexpert.top\/pl\/category\/it-blog-pl\/windows-pl\/windows-11-pl\" rel=\"category tag\">Windows 11<\/a>\t\t\t\t<\/div>\r\n\t\t\t\r\n\t\t\t\t\t\t\t<span class=\"premium-blog-meta-separator\">\u2022<\/span>\r\n\t\t\t\t<div class=\"premium-blog-post-comments premium-blog-meta-data\">\r\n\t\t\t\t\t<i class=\"fa fa-comments-o fa-fw\" aria-hidden=\"true\"><\/i>\r\n\t\t\t\t\t<a href=\"https:\/\/itexpert.top\/pl\/viber-nie-dziala-po-aktualizacji.html#respond\">No Comments<\/a>\t\t\t\t<\/div>\r\n\t\t\t\t\t<\/div>\r\n\t\t\r\n\t\t\t\t\t<\/div>\r\n\r\n\t\t\t\t\t\t\t<div class=\"premium-blog-content-inner-wrapper\">\r\n\t\t<p class=\"premium-blog-post-content\">Viber nie dzia\u0142a po aktualizacji: jak naprawi\u0107 b\u0142\u0105d w Windows 11 Kr\u00f3tki opis: Viber nie dzia\u0142a po aktualizacji w Windows 11? Sprawd\u017a, \u2026<\/p>\t\t<\/div>\r\n\t\t\t\t\t\t\t\r\n\t\t\t\t<\/div>\r\n\t\t\t<\/div>\r\n\t\t<\/div>\r\n\r\n\t\t\t\t<div class=\"premium-blog-post-outer-container\" data-total=\"4\">\r\n\t\t\t<div class=\"premium-blog-post-container premium-blog-skin-classic\">\r\n\t\t\t\t\t\t\t\t\t<div class=\"premium-blog-thumb-effect-wrapper\">\r\n\t\t\t\t\t\t<div class=\"premium-blog-thumbnail-container premium-blog-zoomin-effect\">\r\n\t\t\t\t\t\t\t<img decoding=\"async\" width=\"500\" height=\"280\" src=\"https:\/\/i0.wp.com\/itexpert.top\/wp-content\/uploads\/2026\/03\/output1-350.jpeg?fit=500%2C280&amp;ssl=1\" class=\"attachment-full size-full wp-image-12098\" alt=\"\u042f\u043a \u0432\u0438\u0431\u0440\u0430\u0442\u0438 HDD \u0434\u043b\u044f \u0440\u0435\u0437\u0435\u0440\u0432\u043d\u043e\u0433\u043e \u043a\u043e\u043f\u0456\u044e\u0432\u0430\u043d\u043d\u044f\" \/>\t\t\t\t\t\t<\/div>\r\n\t\t\t\t\t\t\t\t\t\t\t\t\t<div class=\"premium-blog-thumbnail-overlay\">\r\n\t\t\t\t\t\t\t\t<a class=\"elementor-icon\" href=\"https:\/\/itexpert.top\/pl\/14860.html\" target=\"_blank\"><\/a>\r\n\t\t\t\t\t\t\t<\/div>\r\n\r\n\t\t\t\t\t\t\t\t\t\t\t\t\t\t\t\t\t\t<\/div>\r\n\t\t\t\t\t\t\t\t\t\t\t\t<div class=\"premium-blog-content-wrapper \">\r\n\r\n\t\t\t\t\t<div class=\"premium-blog-inner-container\">\r\n\r\n\t\t\t\t\t\t\t\t\t\t\t\t\t\t<h2 class=\"premium-blog-entry-title\">\r\n\t\t\t<a href=\"https:\/\/itexpert.top\/pl\/14860.html\" target=\"_blank\">\r\n\t\t\t\t\t\t\t<\/a>\r\n\t\t<\/h2>\r\n\t\t\t\t<div class=\"premium-blog-entry-meta\">\r\n\t\t\t\t\t\t\t<div class=\"premium-blog-post-author premium-blog-meta-data\">\r\n\t\t\t\t\t<i class=\"fa fa-user fa-fw\" aria-hidden=\"true\"><\/i>\r\n\t\t\t\t\t<a href=\"https:\/\/itexpert.top\/pl\/author\/itexpert\" title=\"Wpisy od itexpert\" rel=\"author\">itexpert<\/a>\t\t\t\t<\/div>\r\n\t\t\t\r\n\t\t\t\t\t\t\t<span class=\"premium-blog-meta-separator\">\u2022<\/span>\r\n\t\t\t\t<div class=\"premium-blog-post-time premium-blog-meta-data\">\r\n\t\t\t\t\t<i class=\"fa fa-calendar-alt\" aria-hidden=\"true\"><\/i>\r\n\t\t\t\t\t<span>2026-03-30<\/span>\r\n\t\t\t\t<\/div>\r\n\t\t\t\r\n\t\t\t\t\t\t\t<span class=\"premium-blog-meta-separator\">\u2022<\/span>\r\n\t\t\t\t<div class=\"premium-blog-post-categories premium-blog-meta-data\">\r\n\t\t\t\t\t<i class=\"fa fa-align-left fa-fw\" aria-hidden=\"true\"><\/i>\r\n\t\t\t\t\t<a href=\"https:\/\/itexpert.top\/pl\/category\/it-blog-pl\/dysk-twardy\" rel=\"category tag\">Dysk twardy<\/a>, <a href=\"https:\/\/itexpert.top\/pl\/category\/it-blog-pl\" rel=\"category tag\">IT blog<\/a>, <a href=\"https:\/\/itexpert.top\/pl\/category\/it-blog-pl\/komputer\" rel=\"category tag\">Komputer<\/a>, <a href=\"https:\/\/itexpert.top\/pl\/category\/it-blog-pl\/laptop\" rel=\"category tag\">Laptop<\/a>\t\t\t\t<\/div>\r\n\t\t\t\r\n\t\t\t\t\t\t\t<span class=\"premium-blog-meta-separator\">\u2022<\/span>\r\n\t\t\t\t<div class=\"premium-blog-post-comments premium-blog-meta-data\">\r\n\t\t\t\t\t<i class=\"fa fa-comments-o fa-fw\" aria-hidden=\"true\"><\/i>\r\n\t\t\t\t\t<a href=\"https:\/\/itexpert.top\/pl\/14860.html#respond\">No Comments<\/a>\t\t\t\t<\/div>\r\n\t\t\t\t\t<\/div>\r\n\t\t\r\n\t\t\t\t\t<\/div>\r\n\r\n\t\t\t\t\t\t\t<div class=\"premium-blog-content-inner-wrapper\">\r\n\t\t<p class=\"premium-blog-post-content\">Jak wybra\u0107 dysk HDD do tworzenia kopii zapasowych Kr\u00f3tki opis: Dowiedz si\u0119, jak prawid\u0142owo wybra\u0107 dysk HDD do tworzenia kopii zapasowych danych. \u2026<\/p>\t\t<\/div>\r\n\t\t\t\t\t\t\t\r\n\t\t\t\t<\/div>\r\n\t\t\t<\/div>\r\n\t\t<\/div>\r\n\r\n\t\t\t\t<div class=\"premium-blog-post-outer-container\" data-total=\"4\">\r\n\t\t\t<div class=\"premium-blog-post-container premium-blog-skin-classic\">\r\n\t\t\t\t\t\t\t\t\t<div class=\"premium-blog-thumb-effect-wrapper\">\r\n\t\t\t\t\t\t<div class=\"premium-blog-thumbnail-container premium-blog-zoomin-effect\">\r\n\t\t\t\t\t\t\t<img decoding=\"async\" width=\"500\" height=\"280\" src=\"https:\/\/i0.wp.com\/itexpert.top\/wp-content\/uploads\/2026\/03\/output1-251.jpeg?fit=500%2C280&amp;ssl=1\" class=\"attachment-full size-full wp-image-11506\" alt=\"\u0427\u043e\u043c\u0443 Viber \u0437\u0430\u0432\u0438\u0441\u0430\u0454 \u043f\u0440\u0438 \u0437\u0430\u043f\u0443\u0441\u043a\u0443 \u043d\u0430 Windows\" \/>\t\t\t\t\t\t<\/div>\r\n\t\t\t\t\t\t\t\t\t\t\t\t\t<div class=\"premium-blog-thumbnail-overlay\">\r\n\t\t\t\t\t\t\t\t<a class=\"elementor-icon\" href=\"https:\/\/itexpert.top\/pl\/viber-nie-odpowiada-w-windows-11.html\" target=\"_blank\"><\/a>\r\n\t\t\t\t\t\t\t<\/div>\r\n\r\n\t\t\t\t\t\t\t\t\t\t\t\t\t\t\t\t\t\t<\/div>\r\n\t\t\t\t\t\t\t\t\t\t\t\t<div class=\"premium-blog-content-wrapper \">\r\n\r\n\t\t\t\t\t<div class=\"premium-blog-inner-container\">\r\n\r\n\t\t\t\t\t\t\t\t\t\t\t\t\t\t<h2 class=\"premium-blog-entry-title\">\r\n\t\t\t<a href=\"https:\/\/itexpert.top\/pl\/viber-nie-odpowiada-w-windows-11.html\" target=\"_blank\">\r\n\t\t\t\tViber nie odpowiada w Windows 11\t\t\t<\/a>\r\n\t\t<\/h2>\r\n\t\t\t\t<div class=\"premium-blog-entry-meta\">\r\n\t\t\t\t\t\t\t<div class=\"premium-blog-post-author premium-blog-meta-data\">\r\n\t\t\t\t\t<i class=\"fa fa-user fa-fw\" aria-hidden=\"true\"><\/i>\r\n\t\t\t\t\t<a href=\"https:\/\/itexpert.top\/pl\/author\/itexpert\" title=\"Wpisy od itexpert\" rel=\"author\">itexpert<\/a>\t\t\t\t<\/div>\r\n\t\t\t\r\n\t\t\t\t\t\t\t<span class=\"premium-blog-meta-separator\">\u2022<\/span>\r\n\t\t\t\t<div class=\"premium-blog-post-time premium-blog-meta-data\">\r\n\t\t\t\t\t<i class=\"fa fa-calendar-alt\" aria-hidden=\"true\"><\/i>\r\n\t\t\t\t\t<span>2026-03-23<\/span>\r\n\t\t\t\t<\/div>\r\n\t\t\t\r\n\t\t\t\t\t\t\t<span class=\"premium-blog-meta-separator\">\u2022<\/span>\r\n\t\t\t\t<div class=\"premium-blog-post-categories premium-blog-meta-data\">\r\n\t\t\t\t\t<i class=\"fa fa-align-left fa-fw\" aria-hidden=\"true\"><\/i>\r\n\t\t\t\t\t<a href=\"https:\/\/itexpert.top\/pl\/category\/it-blog-pl\/komputer\" rel=\"category tag\">Komputer<\/a>, <a href=\"https:\/\/itexpert.top\/pl\/category\/it-blog-pl\/laptop\" rel=\"category tag\">Laptop<\/a>, <a href=\"https:\/\/itexpert.top\/pl\/category\/it-blog-pl\/windows-pl\" rel=\"category tag\">Windows<\/a>, <a href=\"https:\/\/itexpert.top\/pl\/category\/it-blog-pl\/windows-pl\/windows-11-pl\" rel=\"category tag\">Windows 11<\/a>\t\t\t\t<\/div>\r\n\t\t\t\r\n\t\t\t\t\t\t\t<span class=\"premium-blog-meta-separator\">\u2022<\/span>\r\n\t\t\t\t<div class=\"premium-blog-post-comments premium-blog-meta-data\">\r\n\t\t\t\t\t<i class=\"fa fa-comments-o fa-fw\" aria-hidden=\"true\"><\/i>\r\n\t\t\t\t\t<a href=\"https:\/\/itexpert.top\/pl\/viber-nie-odpowiada-w-windows-11.html#respond\">No Comments<\/a>\t\t\t\t<\/div>\r\n\t\t\t\t\t<\/div>\r\n\t\t\r\n\t\t\t\t\t<\/div>\r\n\r\n\t\t\t\t\t\t\t<div class=\"premium-blog-content-inner-wrapper\">\r\n\t\t<p class=\"premium-blog-post-content\">Viber nie odpowiada w Windows 11: jak naprawi\u0107 zawieszanie i problemy z uruchamianiem Kr\u00f3tki opis: Viber zawiesza si\u0119 w Windows 11? Sprawd\u017a, \u2026<\/p>\t\t<\/div>\r\n\t\t\t\t\t\t\t\r\n\t\t\t\t<\/div>\r\n\t\t\t<\/div>\r\n\t\t<\/div>\r\n\r\n\t\t\t\t<div class=\"premium-blog-post-outer-container\" data-total=\"4\">\r\n\t\t\t<div class=\"premium-blog-post-container premium-blog-skin-classic\">\r\n\t\t\t\t\t\t\t\t\t\t\t\t<div class=\"premium-blog-content-wrapper empty-thumb\">\r\n\r\n\t\t\t\t\t<div class=\"premium-blog-inner-container\">\r\n\r\n\t\t\t\t\t\t\t\t\t\t\t\t\t\t<h2 class=\"premium-blog-entry-title\">\r\n\t\t\t<a href=\"https:\/\/itexpert.top\/pl\/zabezpieczenie-serwera-rdp-jak-zmniejszyc-liczbe-atakow.html\" target=\"_blank\">\r\n\t\t\t\t\ud83d\udd12 Zabezpieczenie serwera RDP: Jak zmniejszy\u0107 liczb\u0119 atak\u00f3w\t\t\t<\/a>\r\n\t\t<\/h2>\r\n\t\t\t\t<div class=\"premium-blog-entry-meta\">\r\n\t\t\t\t\t\t\t<div class=\"premium-blog-post-author premium-blog-meta-data\">\r\n\t\t\t\t\t<i class=\"fa fa-user fa-fw\" aria-hidden=\"true\"><\/i>\r\n\t\t\t\t\t<a href=\"https:\/\/itexpert.top\/pl\/author\/itexpert\" title=\"Wpisy od itexpert\" rel=\"author\">itexpert<\/a>\t\t\t\t<\/div>\r\n\t\t\t\r\n\t\t\t\t\t\t\t<span class=\"premium-blog-meta-separator\">\u2022<\/span>\r\n\t\t\t\t<div class=\"premium-blog-post-time premium-blog-meta-data\">\r\n\t\t\t\t\t<i class=\"fa fa-calendar-alt\" aria-hidden=\"true\"><\/i>\r\n\t\t\t\t\t<span>2025-02-23<\/span>\r\n\t\t\t\t<\/div>\r\n\t\t\t\r\n\t\t\t\t\t\t\t<span class=\"premium-blog-meta-separator\">\u2022<\/span>\r\n\t\t\t\t<div class=\"premium-blog-post-categories premium-blog-meta-data\">\r\n\t\t\t\t\t<i class=\"fa fa-align-left fa-fw\" aria-hidden=\"true\"><\/i>\r\n\t\t\t\t\t<a href=\"https:\/\/itexpert.top\/pl\/category\/it-blog-pl\/bezpieczenstwo-w-internecie\" rel=\"category tag\">Bezpiecze\u0144stwo w Internecie<\/a>, <a href=\"https:\/\/itexpert.top\/pl\/category\/it-blog-pl\/komputer\" rel=\"category tag\">Komputer<\/a>, <a href=\"https:\/\/itexpert.top\/pl\/category\/it-blog-pl\/laptop\" rel=\"category tag\">Laptop<\/a>, <a href=\"https:\/\/itexpert.top\/pl\/category\/it-blog-pl\/siec-internetowa\" rel=\"category tag\">Sie\u0107 internetowa<\/a>, <a href=\"https:\/\/itexpert.top\/pl\/category\/it-blog-pl\/windows-pl\" rel=\"category tag\">Windows<\/a>, <a href=\"https:\/\/itexpert.top\/pl\/category\/it-blog-pl\/windows-pl\/windows-10-pl\" rel=\"category tag\">Windows 10<\/a>, <a href=\"https:\/\/itexpert.top\/pl\/category\/it-blog-pl\/windows-pl\/windows-11-pl\" rel=\"category tag\">Windows 11<\/a>, <a href=\"https:\/\/itexpert.top\/pl\/category\/it-blog-pl\/windows-pl\/windows-7-pl\" rel=\"category tag\">Windows 7<\/a>, <a href=\"https:\/\/itexpert.top\/pl\/category\/it-blog-pl\/windows-pl\/windows-8-pl\" rel=\"category tag\">Windows 8<\/a>, <a href=\"https:\/\/itexpert.top\/pl\/category\/it-blog-pl\/windows-pl\/windows-server-2016-2019-pl\" rel=\"category tag\">Windows Server 2016\/2019<\/a>\t\t\t\t<\/div>\r\n\t\t\t\r\n\t\t\t\t\t\t\t<span class=\"premium-blog-meta-separator\">\u2022<\/span>\r\n\t\t\t\t<div class=\"premium-blog-post-comments premium-blog-meta-data\">\r\n\t\t\t\t\t<i class=\"fa fa-comments-o fa-fw\" aria-hidden=\"true\"><\/i>\r\n\t\t\t\t\t<a href=\"https:\/\/itexpert.top\/pl\/zabezpieczenie-serwera-rdp-jak-zmniejszyc-liczbe-atakow.html#respond\">No Comments<\/a>\t\t\t\t<\/div>\r\n\t\t\t\t\t<\/div>\r\n\t\t\r\n\t\t\t\t\t<\/div>\r\n\r\n\t\t\t\t\t\t\t<div class=\"premium-blog-content-inner-wrapper\">\r\n\t\t<p class=\"premium-blog-post-content\">Zabezpieczenie serwera RDP w Windows: jak zmniejszy\u0107 liczb\u0119 atak\u00f3w Kr\u00f3tki opis: Dowiedz si\u0119, jak zabezpieczy\u0107 serwer RDP w Windows, zamkn\u0105\u0107 niebezpieczne porty, \u2026<\/p>\t\t<\/div>\r\n\t\t\t\t\t\t\t\r\n\t\t\t\t<\/div>\r\n\t\t\t<\/div>\r\n\t\t<\/div>\r\n\r\n\t\t\t\t<\/div>\r\n\r\n\t\t\t\t\t\t<\/div>\n\t\t\t\t<\/div>\n\t\t\t\t\t<\/div>\n\t\t\t\t<\/div>\n\t\t\t\t<\/div>\n\t\t","protected":false},"excerpt":{"rendered":"<p>Komputer Jak rozwi\u0105za\u0107 problem z po\u0142\u0105czeniem Wi-Fi? Mo\u017cliwe opcje. itexpert \u2022 08.08.2024 \u2022 Komputer, Laptop, Sie\u0107 internetowa, Windows 10, Windows 11, Windows 7, Windows 8 \u2022 No Comments Jak rozwi\u0105za\u0107 problem z po\u0142\u0105czeniem Wi-Fi? Mo\u017cliwe opcje. Je\u015bli Tw\u00f3j Wi-Fi przesta\u0142 &hellip; <\/p>\n","protected":false},"author":1,"featured_media":0,"parent":2038,"menu_order":0,"comment_status":"closed","ping_status":"closed","template":"elementor_header_footer","meta":{"slim_seo":{"title":"\ud83d\udd12 Zabezpieczenie serwera RDP: Jak zmniejszy\u0107 liczb\u0119 atak\u00f3w - ITexpert","description":"Zabezpieczenie serwera RDP w Windows: jak zmniejszy\u0107 liczb\u0119 atak\u00f3w Kr\u00f3tki opis: Dowiedz si\u0119, jak zabezpieczy\u0107 serwer RDP w Windows, zamkn\u0105\u0107 niebezpieczne porty,"},"footnotes":""},"class_list":["post-7186","page","type-page","status-publish","hentry"],"_links":{"self":[{"href":"https:\/\/itexpert.top\/pl\/wp-json\/wp\/v2\/pages\/7186","targetHints":{"allow":["GET"]}}],"collection":[{"href":"https:\/\/itexpert.top\/pl\/wp-json\/wp\/v2\/pages"}],"about":[{"href":"https:\/\/itexpert.top\/pl\/wp-json\/wp\/v2\/types\/page"}],"author":[{"embeddable":true,"href":"https:\/\/itexpert.top\/pl\/wp-json\/wp\/v2\/users\/1"}],"replies":[{"embeddable":true,"href":"https:\/\/itexpert.top\/pl\/wp-json\/wp\/v2\/comments?post=7186"}],"version-history":[{"count":4,"href":"https:\/\/itexpert.top\/pl\/wp-json\/wp\/v2\/pages\/7186\/revisions"}],"predecessor-version":[{"id":7190,"href":"https:\/\/itexpert.top\/pl\/wp-json\/wp\/v2\/pages\/7186\/revisions\/7190"}],"up":[{"embeddable":true,"href":"https:\/\/itexpert.top\/pl\/wp-json\/wp\/v2\/pages\/2038"}],"wp:attachment":[{"href":"https:\/\/itexpert.top\/pl\/wp-json\/wp\/v2\/media?parent=7186"}],"curies":[{"name":"wp","href":"https:\/\/api.w.org\/{rel}","templated":true}]}}