{"id":7327,"date":"2023-07-11T10:41:45","date_gmt":"2023-07-11T07:41:45","guid":{"rendered":"https:\/\/itexpert.top\/?page_id=7327"},"modified":"2024-08-12T15:47:15","modified_gmt":"2024-08-12T12:47:15","slug":"windows-11","status":"publish","type":"page","link":"https:\/\/itexpert.top\/pl\/windows\/windows-11","title":{"rendered":"Windows 11"},"content":{"rendered":"\t\t<div data-elementor-type=\"wp-page\" data-elementor-id=\"7327\" class=\"elementor elementor-7327 elementor-4502\" data-elementor-post-type=\"page\">\n\t\t\t\t<div class=\"elementor-element elementor-element-73f6f2d e-flex e-con-boxed e-con e-parent\" data-id=\"73f6f2d\" data-element_type=\"container\">\n\t\t\t\t\t<div class=\"e-con-inner\">\n\t\t\t\t<div class=\"elementor-element elementor-element-0646b74 elementor-widget elementor-widget-text-editor\" data-id=\"0646b74\" data-element_type=\"widget\" data-widget_type=\"text-editor.default\">\n\t\t\t\t<div class=\"elementor-widget-container\">\n\t\t\t\t\t\t\t\t\t<script data-jetpack-boost=\"ignore\" async src=\"https:\/\/pagead2.googlesyndication.com\/pagead\/js\/adsbygoogle.js?client=ca-pub-1370782401508656\"\n     crossorigin=\"anonymous\"><\/script>\n<ins class=\"adsbygoogle\"\n     style=\"display:block; text-align:center;\"\n     data-ad-layout=\"in-article\"\n     data-ad-format=\"fluid\"\n     data-ad-client=\"ca-pub-1370782401508656\"\n     data-ad-slot=\"7743577580\"><\/ins>\n<script data-jetpack-boost=\"ignore\">\n     (adsbygoogle = window.adsbygoogle || []).push({});\n<\/script>\t\t\t\t\t\t\t\t<\/div>\n\t\t\t\t<\/div>\n\t\t\t\t\t<\/div>\n\t\t\t\t<\/div>\n\t\t<div class=\"elementor-element elementor-element-a8589a9 e-flex e-con-boxed e-con e-parent\" data-id=\"a8589a9\" data-element_type=\"container\">\n\t\t\t\t\t<div class=\"e-con-inner\">\n\t\t\t\t<div class=\"elementor-element elementor-element-d677ec8 elementor-widget elementor-widget-heading\" data-id=\"d677ec8\" data-element_type=\"widget\" data-widget_type=\"heading.default\">\n\t\t\t\t<div class=\"elementor-widget-container\">\n\t\t\t\t\t<h4 class=\"elementor-heading-title elementor-size-default\">Windows 11<\/h4>\t\t\t\t<\/div>\n\t\t\t\t<\/div>\n\t\t\t\t\t<\/div>\n\t\t\t\t<\/div>\n\t\t<div class=\"elementor-element elementor-element-a2995f3 e-flex e-con-boxed e-con e-parent\" data-id=\"a2995f3\" data-element_type=\"container\">\n\t\t\t\t\t<div class=\"e-con-inner\">\n\t\t\t\t<div class=\"elementor-element elementor-element-de11667 premium-blog-align-left elementor-widget elementor-widget-premium-addon-blog\" data-id=\"de11667\" data-element_type=\"widget\" data-settings=\"{&quot;premium_blog_grid&quot;:&quot;yes&quot;,&quot;premium_blog_layout&quot;:&quot;even&quot;,&quot;premium_blog_columns_number&quot;:&quot;50%&quot;,&quot;premium_blog_columns_number_tablet&quot;:&quot;50%&quot;,&quot;premium_blog_columns_number_mobile&quot;:&quot;100%&quot;}\" data-widget_type=\"premium-addon-blog.default\">\n\t\t\t\t<div class=\"elementor-widget-container\">\n\t\t\t\t\t\r\n\t\t\t\t<div class=\"premium-blog-wrap  premium-blog-even\" data-page=\"7327\">\r\n\t\t\t\t\t<div class=\"premium-blog-post-outer-container\" data-total=\"7\">\r\n\t\t\t<div class=\"premium-blog-post-container premium-blog-skin-classic\">\r\n\t\t\t\t\t\t\t\t\t<div class=\"premium-blog-thumb-effect-wrapper\">\r\n\t\t\t\t\t\t<div class=\"premium-blog-thumbnail-container premium-blog-zoomin-effect\">\r\n\t\t\t\t\t\t\t<img fetchpriority=\"high\" decoding=\"async\" width=\"500\" height=\"280\" src=\"https:\/\/i0.wp.com\/itexpert.top\/wp-content\/uploads\/2026\/04\/output1-147.jpeg?fit=500%2C280&amp;ssl=1\" class=\"attachment-full size-full wp-image-14043\" alt=\"Kernel for OST to PST Converter \u2013 \u043f\u0440\u043e\u0433\u0440\u0430\u043c\u0430 \u0434\u043b\u044f \u043a\u043e\u043d\u0432\u0435\u0440\u0442\u0430\u0446\u0456\u0457 \u0442\u0430 \u0440\u0435\u0434\u0430\u0433\u0443\u0432\u0430\u043d\u043d\u044f OST \u0444\u0430\u0439\u043b\u0456\u0432\" \/>\t\t\t\t\t\t<\/div>\r\n\t\t\t\t\t\t\t\t\t\t\t\t\t<div class=\"premium-blog-thumbnail-overlay\">\r\n\t\t\t\t\t\t\t\t<a class=\"elementor-icon\" href=\"https:\/\/itexpert.top\/pl\/kernel-for-ost-to-pst-converter-program-do-konwersji-i-edycji-plikow-ost.html\" target=\"_blank\"><\/a>\r\n\t\t\t\t\t\t\t<\/div>\r\n\r\n\t\t\t\t\t\t\t\t\t\t\t\t\t\t\t\t\t\t<\/div>\r\n\t\t\t\t\t\t\t\t\t\t\t\t<div class=\"premium-blog-content-wrapper \">\r\n\r\n\t\t\t\t\t<div class=\"premium-blog-inner-container\">\r\n\r\n\t\t\t\t\t\t\t\t\t\t\t\t\t\t<h2 class=\"premium-blog-entry-title\">\r\n\t\t\t<a href=\"https:\/\/itexpert.top\/pl\/kernel-for-ost-to-pst-converter-program-do-konwersji-i-edycji-plikow-ost.html\" target=\"_blank\">\r\n\t\t\t\tKernel for OST to PST Converter \u2013 program do konwersji i edycji plik\u00f3w OST\t\t\t<\/a>\r\n\t\t<\/h2>\r\n\t\t\t\t<div class=\"premium-blog-entry-meta\">\r\n\t\t\t\t\t\t\t<div class=\"premium-blog-post-author premium-blog-meta-data\">\r\n\t\t\t\t\t<i class=\"fa fa-user fa-fw\" aria-hidden=\"true\"><\/i>\r\n\t\t\t\t\t<a href=\"https:\/\/itexpert.top\/pl\/author\/itexpert\" title=\"Wpisy od itexpert\" rel=\"author\">itexpert<\/a>\t\t\t\t<\/div>\r\n\t\t\t\r\n\t\t\t\t\t\t\t<span class=\"premium-blog-meta-separator\">\u2022<\/span>\r\n\t\t\t\t<div class=\"premium-blog-post-time premium-blog-meta-data\">\r\n\t\t\t\t\t<i class=\"fa fa-calendar-alt\" aria-hidden=\"true\"><\/i>\r\n\t\t\t\t\t<span>2026-04-07<\/span>\r\n\t\t\t\t<\/div>\r\n\t\t\t\r\n\t\t\t\t\t\t\t<span class=\"premium-blog-meta-separator\">\u2022<\/span>\r\n\t\t\t\t<div class=\"premium-blog-post-categories premium-blog-meta-data\">\r\n\t\t\t\t\t<i class=\"fa fa-align-left fa-fw\" aria-hidden=\"true\"><\/i>\r\n\t\t\t\t\t<a href=\"https:\/\/itexpert.top\/pl\/category\/it-blog-pl\" rel=\"category tag\">IT blog<\/a>, <a href=\"https:\/\/itexpert.top\/pl\/category\/it-blog-pl\/windows-pl\/windows-10-pl\" rel=\"category tag\">Windows 10<\/a>, <a href=\"https:\/\/itexpert.top\/pl\/category\/it-blog-pl\/windows-pl\/windows-11-pl\" rel=\"category tag\">Windows 11<\/a>, <a href=\"https:\/\/itexpert.top\/pl\/category\/it-blog-pl\/windows-pl\/windows-7-pl\" rel=\"category tag\">Windows 7<\/a>\t\t\t\t<\/div>\r\n\t\t\t\r\n\t\t\t\t\t\t\t<span class=\"premium-blog-meta-separator\">\u2022<\/span>\r\n\t\t\t\t<div class=\"premium-blog-post-comments premium-blog-meta-data\">\r\n\t\t\t\t\t<i class=\"fa fa-comments-o fa-fw\" aria-hidden=\"true\"><\/i>\r\n\t\t\t\t\t<a href=\"https:\/\/itexpert.top\/pl\/kernel-for-ost-to-pst-converter-program-do-konwersji-i-edycji-plikow-ost.html#respond\">No Comments<\/a>\t\t\t\t<\/div>\r\n\t\t\t\t\t<\/div>\r\n\t\t\r\n\t\t\t\t\t<\/div>\r\n\r\n\t\t\t\t\t\t\t<div class=\"premium-blog-content-inner-wrapper\">\r\n\t\t<p class=\"premium-blog-post-content\">Kernel for OST to PST Converter \u2013 program do konwersji i edycji plik\u00f3w OST Kr\u00f3tki opis: Dowiedz si\u0119 jak u\u017cywa\u0107 Kernel for \u2026<\/p>\t\t<\/div>\r\n\t\t\t\t\t\t\t\r\n\t\t\t\t<\/div>\r\n\t\t\t<\/div>\r\n\t\t<\/div>\r\n\r\n\t\t\t\t<div class=\"premium-blog-post-outer-container\" data-total=\"7\">\r\n\t\t\t<div class=\"premium-blog-post-container premium-blog-skin-classic\">\r\n\t\t\t\t\t\t\t\t\t<div class=\"premium-blog-thumb-effect-wrapper\">\r\n\t\t\t\t\t\t<div class=\"premium-blog-thumbnail-container premium-blog-zoomin-effect\">\r\n\t\t\t\t\t\t\t<img decoding=\"async\" width=\"500\" height=\"280\" src=\"https:\/\/i0.wp.com\/itexpert.top\/wp-content\/uploads\/2026\/04\/output1-144.jpeg?fit=500%2C280&amp;ssl=1\" class=\"attachment-full size-full wp-image-14024\" alt=\"WhatsApp \u043d\u0435 \u0437\u0430\u043f\u0443\u0441\u043a\u0430\u0454\u0442\u044c\u0441\u044f \u0449\u043e \u0440\u043e\u0431\u0438\u0442\u0438\" \/>\t\t\t\t\t\t<\/div>\r\n\t\t\t\t\t\t\t\t\t\t\t\t\t<div class=\"premium-blog-thumbnail-overlay\">\r\n\t\t\t\t\t\t\t\t<a class=\"elementor-icon\" href=\"https:\/\/itexpert.top\/pl\/whatsapp-nie-uruchamia-sie-co-zrobic-9-sprawdzonych-sposobow-naprawy.html\" target=\"_blank\"><\/a>\r\n\t\t\t\t\t\t\t<\/div>\r\n\r\n\t\t\t\t\t\t\t\t\t\t\t\t\t\t\t\t\t\t<\/div>\r\n\t\t\t\t\t\t\t\t\t\t\t\t<div class=\"premium-blog-content-wrapper \">\r\n\r\n\t\t\t\t\t<div class=\"premium-blog-inner-container\">\r\n\r\n\t\t\t\t\t\t\t\t\t\t\t\t\t\t<h2 class=\"premium-blog-entry-title\">\r\n\t\t\t<a href=\"https:\/\/itexpert.top\/pl\/whatsapp-nie-uruchamia-sie-co-zrobic-9-sprawdzonych-sposobow-naprawy.html\" target=\"_blank\">\r\n\t\t\t\tWhatsApp nie uruchamia si\u0119 co zrobi\u0107 &#8211; 9 sprawdzonych sposob\u00f3w naprawy\t\t\t<\/a>\r\n\t\t<\/h2>\r\n\t\t\t\t<div class=\"premium-blog-entry-meta\">\r\n\t\t\t\t\t\t\t<div class=\"premium-blog-post-author premium-blog-meta-data\">\r\n\t\t\t\t\t<i class=\"fa fa-user fa-fw\" aria-hidden=\"true\"><\/i>\r\n\t\t\t\t\t<a href=\"https:\/\/itexpert.top\/pl\/author\/itexpert\" title=\"Wpisy od itexpert\" rel=\"author\">itexpert<\/a>\t\t\t\t<\/div>\r\n\t\t\t\r\n\t\t\t\t\t\t\t<span class=\"premium-blog-meta-separator\">\u2022<\/span>\r\n\t\t\t\t<div class=\"premium-blog-post-time premium-blog-meta-data\">\r\n\t\t\t\t\t<i class=\"fa fa-calendar-alt\" aria-hidden=\"true\"><\/i>\r\n\t\t\t\t\t<span>2026-04-07<\/span>\r\n\t\t\t\t<\/div>\r\n\t\t\t\r\n\t\t\t\t\t\t\t<span class=\"premium-blog-meta-separator\">\u2022<\/span>\r\n\t\t\t\t<div class=\"premium-blog-post-categories premium-blog-meta-data\">\r\n\t\t\t\t\t<i class=\"fa fa-align-left fa-fw\" aria-hidden=\"true\"><\/i>\r\n\t\t\t\t\t<a href=\"https:\/\/itexpert.top\/pl\/category\/it-blog-pl\" rel=\"category tag\">IT blog<\/a>, <a href=\"https:\/\/itexpert.top\/pl\/category\/it-blog-pl\/windows-pl\/windows-10-pl\" rel=\"category tag\">Windows 10<\/a>, <a href=\"https:\/\/itexpert.top\/pl\/category\/it-blog-pl\/windows-pl\/windows-11-pl\" rel=\"category tag\">Windows 11<\/a>, <a href=\"https:\/\/itexpert.top\/pl\/category\/it-blog-pl\/windows-pl\/windows-7-pl\" rel=\"category tag\">Windows 7<\/a>, <a href=\"https:\/\/itexpert.top\/pl\/category\/it-blog-pl\/windows-pl\/windows-8-pl\" rel=\"category tag\">Windows 8<\/a>\t\t\t\t<\/div>\r\n\t\t\t\r\n\t\t\t\t\t\t\t<span class=\"premium-blog-meta-separator\">\u2022<\/span>\r\n\t\t\t\t<div class=\"premium-blog-post-comments premium-blog-meta-data\">\r\n\t\t\t\t\t<i class=\"fa fa-comments-o fa-fw\" aria-hidden=\"true\"><\/i>\r\n\t\t\t\t\t<a href=\"https:\/\/itexpert.top\/pl\/whatsapp-nie-uruchamia-sie-co-zrobic-9-sprawdzonych-sposobow-naprawy.html#respond\">No Comments<\/a>\t\t\t\t<\/div>\r\n\t\t\t\t\t<\/div>\r\n\t\t\r\n\t\t\t\t\t<\/div>\r\n\r\n\t\t\t\t\t\t\t<div class=\"premium-blog-content-inner-wrapper\">\r\n\t\t<p class=\"premium-blog-post-content\">WhatsApp nie uruchamia si\u0119 co zrobi\u0107 &#8211; 9 sprawdzonych sposob\u00f3w naprawy Kr\u00f3tki opis: Szczeg\u00f3\u0142owy poradnik jak rozwi\u0105za\u0107 problem gdy WhatsApp si\u0119 nie \u2026<\/p>\t\t<\/div>\r\n\t\t\t\t\t\t\t\r\n\t\t\t\t<\/div>\r\n\t\t\t<\/div>\r\n\t\t<\/div>\r\n\r\n\t\t\t\t<div class=\"premium-blog-post-outer-container\" data-total=\"7\">\r\n\t\t\t<div class=\"premium-blog-post-container premium-blog-skin-classic\">\r\n\t\t\t\t\t\t\t\t\t<div class=\"premium-blog-thumb-effect-wrapper\">\r\n\t\t\t\t\t\t<div class=\"premium-blog-thumbnail-container premium-blog-zoomin-effect\">\r\n\t\t\t\t\t\t\t<img decoding=\"async\" width=\"500\" height=\"280\" src=\"https:\/\/i0.wp.com\/itexpert.top\/wp-content\/uploads\/2026\/04\/output1-141.jpeg?fit=500%2C280&amp;ssl=1\" class=\"attachment-full size-full wp-image-13979\" alt=\"\u041d\u0430\u0439\u043a\u0440\u0430\u0449\u0438\u0439 VPN\" \/>\t\t\t\t\t\t<\/div>\r\n\t\t\t\t\t\t\t\t\t\t\t\t\t<div class=\"premium-blog-thumbnail-overlay\">\r\n\t\t\t\t\t\t\t\t<a class=\"elementor-icon\" href=\"https:\/\/itexpert.top\/pl\/najlepszy-vpn-2026-ranking-uslug.html\" target=\"_blank\"><\/a>\r\n\t\t\t\t\t\t\t<\/div>\r\n\r\n\t\t\t\t\t\t\t\t\t\t\t\t\t\t\t\t\t\t<\/div>\r\n\t\t\t\t\t\t\t\t\t\t\t\t<div class=\"premium-blog-content-wrapper \">\r\n\r\n\t\t\t\t\t<div class=\"premium-blog-inner-container\">\r\n\r\n\t\t\t\t\t\t\t\t\t\t\t\t\t\t<h2 class=\"premium-blog-entry-title\">\r\n\t\t\t<a href=\"https:\/\/itexpert.top\/pl\/najlepszy-vpn-2026-ranking-uslug.html\" target=\"_blank\">\r\n\t\t\t\tNajlepszy VPN 2026 \u2014 ranking us\u0142ug\t\t\t<\/a>\r\n\t\t<\/h2>\r\n\t\t\t\t<div class=\"premium-blog-entry-meta\">\r\n\t\t\t\t\t\t\t<div class=\"premium-blog-post-author premium-blog-meta-data\">\r\n\t\t\t\t\t<i class=\"fa fa-user fa-fw\" aria-hidden=\"true\"><\/i>\r\n\t\t\t\t\t<a href=\"https:\/\/itexpert.top\/pl\/author\/itexpert\" title=\"Wpisy od itexpert\" rel=\"author\">itexpert<\/a>\t\t\t\t<\/div>\r\n\t\t\t\r\n\t\t\t\t\t\t\t<span class=\"premium-blog-meta-separator\">\u2022<\/span>\r\n\t\t\t\t<div class=\"premium-blog-post-time premium-blog-meta-data\">\r\n\t\t\t\t\t<i class=\"fa fa-calendar-alt\" aria-hidden=\"true\"><\/i>\r\n\t\t\t\t\t<span>2026-04-07<\/span>\r\n\t\t\t\t<\/div>\r\n\t\t\t\r\n\t\t\t\t\t\t\t<span class=\"premium-blog-meta-separator\">\u2022<\/span>\r\n\t\t\t\t<div class=\"premium-blog-post-categories premium-blog-meta-data\">\r\n\t\t\t\t\t<i class=\"fa fa-align-left fa-fw\" aria-hidden=\"true\"><\/i>\r\n\t\t\t\t\t<a href=\"https:\/\/itexpert.top\/pl\/category\/it-blog-pl\" rel=\"category tag\">IT blog<\/a>, <a href=\"https:\/\/itexpert.top\/pl\/category\/it-blog-pl\/siec-internetowa\" rel=\"category tag\">Sie\u0107 internetowa<\/a>, <a href=\"https:\/\/itexpert.top\/pl\/category\/it-blog-pl\/windows-pl\/windows-10-pl\" rel=\"category tag\">Windows 10<\/a>, <a href=\"https:\/\/itexpert.top\/pl\/category\/it-blog-pl\/windows-pl\/windows-11-pl\" rel=\"category tag\">Windows 11<\/a>, <a href=\"https:\/\/itexpert.top\/pl\/category\/it-blog-pl\/windows-pl\/windows-7-pl\" rel=\"category tag\">Windows 7<\/a>, <a href=\"https:\/\/itexpert.top\/pl\/category\/it-blog-pl\/windows-pl\/windows-8-pl\" rel=\"category tag\">Windows 8<\/a>, <a href=\"https:\/\/itexpert.top\/pl\/category\/it-blog-pl\/windows-pl\/windows-server-2016-2019-pl\" rel=\"category tag\">Windows Server 2016\/2019<\/a>\t\t\t\t<\/div>\r\n\t\t\t\r\n\t\t\t\t\t\t\t<span class=\"premium-blog-meta-separator\">\u2022<\/span>\r\n\t\t\t\t<div class=\"premium-blog-post-comments premium-blog-meta-data\">\r\n\t\t\t\t\t<i class=\"fa fa-comments-o fa-fw\" aria-hidden=\"true\"><\/i>\r\n\t\t\t\t\t<a href=\"https:\/\/itexpert.top\/pl\/najlepszy-vpn-2026-ranking-uslug.html#respond\">No Comments<\/a>\t\t\t\t<\/div>\r\n\t\t\t\t\t<\/div>\r\n\t\t\r\n\t\t\t\t\t<\/div>\r\n\r\n\t\t\t\t\t\t\t<div class=\"premium-blog-content-inner-wrapper\">\r\n\t\t<p class=\"premium-blog-post-content\">Najlepszy VPN 2026 \u2014 ranking us\u0142ug, por\u00f3wnanie i jak wybra\u0107 VPN do Windows Kr\u00f3tki opis: w tym artykule znajdziesz pe\u0142ny ranking VPN \u2026<\/p>\t\t<\/div>\r\n\t\t\t\t\t\t\t\r\n\t\t\t\t<\/div>\r\n\t\t\t<\/div>\r\n\t\t<\/div>\r\n\r\n\t\t\t\t<div class=\"premium-blog-post-outer-container\" data-total=\"7\">\r\n\t\t\t<div class=\"premium-blog-post-container premium-blog-skin-classic\">\r\n\t\t\t\t\t\t\t\t\t<div class=\"premium-blog-thumb-effect-wrapper\">\r\n\t\t\t\t\t\t<div class=\"premium-blog-thumbnail-container premium-blog-zoomin-effect\">\r\n\t\t\t\t\t\t\t<img loading=\"lazy\" decoding=\"async\" width=\"500\" height=\"280\" src=\"https:\/\/i0.wp.com\/itexpert.top\/wp-content\/uploads\/2026\/04\/output1-74.jpeg?fit=500%2C280&amp;ssl=1\" class=\"attachment-full size-full wp-image-13526\" alt=\"\u0411\u0435\u0437\u043a\u043e\u0448\u0442\u043e\u0432\u043d\u0438\u0439 VPN\" \/>\t\t\t\t\t\t<\/div>\r\n\t\t\t\t\t\t\t\t\t\t\t\t\t<div class=\"premium-blog-thumbnail-overlay\">\r\n\t\t\t\t\t\t\t\t<a class=\"elementor-icon\" href=\"https:\/\/itexpert.top\/pl\/darmowy-vpn.html\" target=\"_blank\"><\/a>\r\n\t\t\t\t\t\t\t<\/div>\r\n\r\n\t\t\t\t\t\t\t\t\t\t\t\t\t\t\t\t\t\t<\/div>\r\n\t\t\t\t\t\t\t\t\t\t\t\t<div class=\"premium-blog-content-wrapper \">\r\n\r\n\t\t\t\t\t<div class=\"premium-blog-inner-container\">\r\n\r\n\t\t\t\t\t\t\t\t\t\t\t\t\t\t<h2 class=\"premium-blog-entry-title\">\r\n\t\t\t<a href=\"https:\/\/itexpert.top\/pl\/darmowy-vpn.html\" target=\"_blank\">\r\n\t\t\t\tDarmowy VPN\t\t\t<\/a>\r\n\t\t<\/h2>\r\n\t\t\t\t<div class=\"premium-blog-entry-meta\">\r\n\t\t\t\t\t\t\t<div class=\"premium-blog-post-author premium-blog-meta-data\">\r\n\t\t\t\t\t<i class=\"fa fa-user fa-fw\" aria-hidden=\"true\"><\/i>\r\n\t\t\t\t\t<a href=\"https:\/\/itexpert.top\/pl\/author\/itexpert\" title=\"Wpisy od itexpert\" rel=\"author\">itexpert<\/a>\t\t\t\t<\/div>\r\n\t\t\t\r\n\t\t\t\t\t\t\t<span class=\"premium-blog-meta-separator\">\u2022<\/span>\r\n\t\t\t\t<div class=\"premium-blog-post-time premium-blog-meta-data\">\r\n\t\t\t\t\t<i class=\"fa fa-calendar-alt\" aria-hidden=\"true\"><\/i>\r\n\t\t\t\t\t<span>2026-04-03<\/span>\r\n\t\t\t\t<\/div>\r\n\t\t\t\r\n\t\t\t\t\t\t\t<span class=\"premium-blog-meta-separator\">\u2022<\/span>\r\n\t\t\t\t<div class=\"premium-blog-post-categories premium-blog-meta-data\">\r\n\t\t\t\t\t<i class=\"fa fa-align-left fa-fw\" aria-hidden=\"true\"><\/i>\r\n\t\t\t\t\t<a href=\"https:\/\/itexpert.top\/pl\/category\/it-blog-pl\" rel=\"category tag\">IT blog<\/a>, <a href=\"https:\/\/itexpert.top\/pl\/category\/it-blog-pl\/siec-internetowa\" rel=\"category tag\">Sie\u0107 internetowa<\/a>, <a href=\"https:\/\/itexpert.top\/pl\/category\/it-blog-pl\/windows-pl\/windows-10-pl\" rel=\"category tag\">Windows 10<\/a>, <a href=\"https:\/\/itexpert.top\/pl\/category\/it-blog-pl\/windows-pl\/windows-11-pl\" rel=\"category tag\">Windows 11<\/a>, <a href=\"https:\/\/itexpert.top\/pl\/category\/it-blog-pl\/windows-pl\/windows-7-pl\" rel=\"category tag\">Windows 7<\/a>, <a href=\"https:\/\/itexpert.top\/pl\/category\/it-blog-pl\/windows-pl\/windows-8-pl\" rel=\"category tag\">Windows 8<\/a>, <a href=\"https:\/\/itexpert.top\/pl\/category\/it-blog-pl\/windows-pl\/windows-server-2016-2019-pl\" rel=\"category tag\">Windows Server 2016\/2019<\/a>\t\t\t\t<\/div>\r\n\t\t\t\r\n\t\t\t\t\t\t\t<span class=\"premium-blog-meta-separator\">\u2022<\/span>\r\n\t\t\t\t<div class=\"premium-blog-post-comments premium-blog-meta-data\">\r\n\t\t\t\t\t<i class=\"fa fa-comments-o fa-fw\" aria-hidden=\"true\"><\/i>\r\n\t\t\t\t\t<a href=\"https:\/\/itexpert.top\/pl\/darmowy-vpn.html#respond\">No Comments<\/a>\t\t\t\t<\/div>\r\n\t\t\t\t\t<\/div>\r\n\t\t\r\n\t\t\t\t\t<\/div>\r\n\r\n\t\t\t\t\t\t\t<div class=\"premium-blog-content-inner-wrapper\">\r\n\t\t<p class=\"premium-blog-post-content\">Darmowy VPN \u2014 jaki vpn darmowy vpn wybra\u0107, gdzie pobra\u0107 i jak skonfigurowa\u0107 w Windows Kr\u00f3tki opis: darmowy VPN pozwala chroni\u0107 po\u0142\u0105czenie \u2026<\/p>\t\t<\/div>\r\n\t\t\t\t\t\t\t\r\n\t\t\t\t<\/div>\r\n\t\t\t<\/div>\r\n\t\t<\/div>\r\n\r\n\t\t\t\t<\/div>\r\n\r\n\t\t\t\t\t\t<\/div>\n\t\t\t\t<\/div>\n\t\t\t\t\t<\/div>\n\t\t\t\t<\/div>\n\t\t\t\t<\/div>\n\t\t","protected":false},"excerpt":{"rendered":"<p>Windows 11 Kt\u00f3ra przegl\u0105darka jest najlepsza? itexpert \u2022 08.08.2024 \u2022 Windows 10, Windows 11, Windows 7, Windows 8 \u2022 No Comments Kt\u00f3ra przegl\u0105darka jest najlepsza? Wyb\u00f3r &#8220;najlepszej&#8221; przegl\u0105darki jest subiektywny i zale\u017cy od indywidualnych potrzeb i preferencji. Jednak analizuj\u0105c popularno\u015b\u0107 &hellip; <\/p>\n","protected":false},"author":1,"featured_media":0,"parent":8160,"menu_order":0,"comment_status":"closed","ping_status":"closed","template":"elementor_header_footer","meta":{"slim_seo":{"title":"Darmowy VPN - ITexpert","description":"Darmowy VPN \u2014 jaki vpn darmowy vpn wybra\u0107, gdzie pobra\u0107 i jak skonfigurowa\u0107 w Windows Kr\u00f3tki opis: darmowy VPN pozwala chroni\u0107 po\u0142\u0105czenie internetowe, zmieni\u0107 a"},"footnotes":""},"class_list":["post-7327","page","type-page","status-publish","hentry"],"_links":{"self":[{"href":"https:\/\/itexpert.top\/pl\/wp-json\/wp\/v2\/pages\/7327","targetHints":{"allow":["GET"]}}],"collection":[{"href":"https:\/\/itexpert.top\/pl\/wp-json\/wp\/v2\/pages"}],"about":[{"href":"https:\/\/itexpert.top\/pl\/wp-json\/wp\/v2\/types\/page"}],"author":[{"embeddable":true,"href":"https:\/\/itexpert.top\/pl\/wp-json\/wp\/v2\/users\/1"}],"replies":[{"embeddable":true,"href":"https:\/\/itexpert.top\/pl\/wp-json\/wp\/v2\/comments?post=7327"}],"version-history":[{"count":4,"href":"https:\/\/itexpert.top\/pl\/wp-json\/wp\/v2\/pages\/7327\/revisions"}],"predecessor-version":[{"id":7331,"href":"https:\/\/itexpert.top\/pl\/wp-json\/wp\/v2\/pages\/7327\/revisions\/7331"}],"up":[{"embeddable":true,"href":"https:\/\/itexpert.top\/pl\/wp-json\/wp\/v2\/pages\/8160"}],"wp:attachment":[{"href":"https:\/\/itexpert.top\/pl\/wp-json\/wp\/v2\/media?parent=7327"}],"curies":[{"name":"wp","href":"https:\/\/api.w.org\/{rel}","templated":true}]}}