{"id":8194,"date":"2023-05-23T12:17:23","date_gmt":"2023-05-23T09:17:23","guid":{"rendered":"https:\/\/itexpert.top\/?page_id=8194"},"modified":"2024-08-21T12:58:55","modified_gmt":"2024-08-21T09:58:55","slug":"windows-8","status":"publish","type":"page","link":"https:\/\/itexpert.top\/pl\/windows\/windows-8","title":{"rendered":"Windows 8"},"content":{"rendered":"\t\t<div data-elementor-type=\"wp-page\" data-elementor-id=\"8194\" class=\"elementor elementor-8194 elementor-1859\" data-elementor-post-type=\"page\">\n\t\t\t\t<div class=\"elementor-element elementor-element-bc8680d e-flex e-con-boxed e-con e-parent\" data-id=\"bc8680d\" data-element_type=\"container\">\n\t\t\t\t\t<div class=\"e-con-inner\">\n\t\t\t\t<div class=\"elementor-element elementor-element-f4a2e96 elementor-widget elementor-widget-text-editor\" data-id=\"f4a2e96\" data-element_type=\"widget\" data-widget_type=\"text-editor.default\">\n\t\t\t\t<div class=\"elementor-widget-container\">\n\t\t\t\t\t\t\t\t\t<script data-jetpack-boost=\"ignore\" async src=\"https:\/\/pagead2.googlesyndication.com\/pagead\/js\/adsbygoogle.js?client=ca-pub-1370782401508656\"\n     crossorigin=\"anonymous\"><\/script>\n<ins class=\"adsbygoogle\"\n     style=\"display:block; text-align:center;\"\n     data-ad-layout=\"in-article\"\n     data-ad-format=\"fluid\"\n     data-ad-client=\"ca-pub-1370782401508656\"\n     data-ad-slot=\"7743577580\"><\/ins>\n<script data-jetpack-boost=\"ignore\">\n     (adsbygoogle = window.adsbygoogle || []).push({});\n<\/script>\t\t\t\t\t\t\t\t<\/div>\n\t\t\t\t<\/div>\n\t\t\t\t\t<\/div>\n\t\t\t\t<\/div>\n\t\t<div class=\"elementor-element elementor-element-f1660ca e-flex e-con-boxed e-con e-parent\" data-id=\"f1660ca\" data-element_type=\"container\">\n\t\t\t\t\t<div class=\"e-con-inner\">\n\t\t\t\t<div class=\"elementor-element elementor-element-0351f90 elementor-widget elementor-widget-heading\" data-id=\"0351f90\" data-element_type=\"widget\" data-widget_type=\"heading.default\">\n\t\t\t\t<div class=\"elementor-widget-container\">\n\t\t\t\t\t<h4 class=\"elementor-heading-title elementor-size-default\">windows 8<\/h4>\t\t\t\t<\/div>\n\t\t\t\t<\/div>\n\t\t\t\t\t<\/div>\n\t\t\t\t<\/div>\n\t\t<div class=\"elementor-element elementor-element-4ff1ff1 e-flex e-con-boxed e-con e-parent\" data-id=\"4ff1ff1\" data-element_type=\"container\">\n\t\t\t\t\t<div class=\"e-con-inner\">\n\t\t\t\t<div class=\"elementor-element elementor-element-921b443 premium-blog-align-left elementor-widget elementor-widget-premium-addon-blog\" data-id=\"921b443\" data-element_type=\"widget\" data-settings=\"{&quot;premium_blog_infinite_scroll&quot;:&quot;yes&quot;,&quot;premium_blog_grid&quot;:&quot;yes&quot;,&quot;premium_blog_layout&quot;:&quot;even&quot;,&quot;premium_blog_columns_number&quot;:&quot;50%&quot;,&quot;premium_blog_columns_number_tablet&quot;:&quot;50%&quot;,&quot;premium_blog_columns_number_mobile&quot;:&quot;100%&quot;}\" data-widget_type=\"premium-addon-blog.default\">\n\t\t\t\t<div class=\"elementor-widget-container\">\n\t\t\t\t\t\r\n\t\t\t\t<div class=\"premium-blog-wrap  premium-blog-even\" data-page=\"8194\">\r\n\t\t\t\t\t<div class=\"premium-blog-post-outer-container\" data-total=\"5\">\r\n\t\t\t<div class=\"premium-blog-post-container premium-blog-skin-classic\">\r\n\t\t\t\t\t\t\t\t\t<div class=\"premium-blog-thumb-effect-wrapper\">\r\n\t\t\t\t\t\t<div class=\"premium-blog-thumbnail-container premium-blog-zoomin-effect\">\r\n\t\t\t\t\t\t\t<img fetchpriority=\"high\" decoding=\"async\" width=\"500\" height=\"280\" src=\"https:\/\/i0.wp.com\/itexpert.top\/wp-content\/uploads\/2026\/04\/output1-144.jpeg?fit=500%2C280&amp;ssl=1\" class=\"attachment-full size-full wp-image-14024\" alt=\"WhatsApp \u043d\u0435 \u0437\u0430\u043f\u0443\u0441\u043a\u0430\u0454\u0442\u044c\u0441\u044f \u0449\u043e \u0440\u043e\u0431\u0438\u0442\u0438\" \/>\t\t\t\t\t\t<\/div>\r\n\t\t\t\t\t\t\t\t\t\t\t\t\t<div class=\"premium-blog-thumbnail-overlay\">\r\n\t\t\t\t\t\t\t\t<a class=\"elementor-icon\" href=\"https:\/\/itexpert.top\/pl\/whatsapp-nie-uruchamia-sie-co-zrobic-9-sprawdzonych-sposobow-naprawy.html\" target=\"_blank\"><\/a>\r\n\t\t\t\t\t\t\t<\/div>\r\n\r\n\t\t\t\t\t\t\t\t\t\t\t\t\t\t\t\t\t\t<\/div>\r\n\t\t\t\t\t\t\t\t\t\t\t\t<div class=\"premium-blog-content-wrapper \">\r\n\r\n\t\t\t\t\t<div class=\"premium-blog-inner-container\">\r\n\r\n\t\t\t\t\t\t\t\t\t\t\t\t\t\t<h2 class=\"premium-blog-entry-title\">\r\n\t\t\t<a href=\"https:\/\/itexpert.top\/pl\/whatsapp-nie-uruchamia-sie-co-zrobic-9-sprawdzonych-sposobow-naprawy.html\" target=\"_blank\">\r\n\t\t\t\tWhatsApp nie uruchamia si\u0119 co zrobi\u0107 &#8211; 9 sprawdzonych sposob\u00f3w naprawy\t\t\t<\/a>\r\n\t\t<\/h2>\r\n\t\t\t\t<div class=\"premium-blog-entry-meta\">\r\n\t\t\t\t\t\t\t<div class=\"premium-blog-post-author premium-blog-meta-data\">\r\n\t\t\t\t\t<i class=\"fa fa-user fa-fw\" aria-hidden=\"true\"><\/i>\r\n\t\t\t\t\t<a href=\"https:\/\/itexpert.top\/pl\/author\/itexpert\" title=\"Wpisy od itexpert\" rel=\"author\">itexpert<\/a>\t\t\t\t<\/div>\r\n\t\t\t\r\n\t\t\t\t\t\t\t<span class=\"premium-blog-meta-separator\">\u2022<\/span>\r\n\t\t\t\t<div class=\"premium-blog-post-time premium-blog-meta-data\">\r\n\t\t\t\t\t<i class=\"fa fa-calendar-alt\" aria-hidden=\"true\"><\/i>\r\n\t\t\t\t\t<span>2026-04-07<\/span>\r\n\t\t\t\t<\/div>\r\n\t\t\t\r\n\t\t\t\t\t\t\t<span class=\"premium-blog-meta-separator\">\u2022<\/span>\r\n\t\t\t\t<div class=\"premium-blog-post-categories premium-blog-meta-data\">\r\n\t\t\t\t\t<i class=\"fa fa-align-left fa-fw\" aria-hidden=\"true\"><\/i>\r\n\t\t\t\t\t<a href=\"https:\/\/itexpert.top\/pl\/category\/it-blog-pl\" rel=\"category tag\">IT blog<\/a>, <a href=\"https:\/\/itexpert.top\/pl\/category\/it-blog-pl\/windows-pl\/windows-10-pl\" rel=\"category tag\">Windows 10<\/a>, <a href=\"https:\/\/itexpert.top\/pl\/category\/it-blog-pl\/windows-pl\/windows-11-pl\" rel=\"category tag\">Windows 11<\/a>, <a href=\"https:\/\/itexpert.top\/pl\/category\/it-blog-pl\/windows-pl\/windows-7-pl\" rel=\"category tag\">Windows 7<\/a>, <a href=\"https:\/\/itexpert.top\/pl\/category\/it-blog-pl\/windows-pl\/windows-8-pl\" rel=\"category tag\">Windows 8<\/a>\t\t\t\t<\/div>\r\n\t\t\t\r\n\t\t\t\t\t\t\t<span class=\"premium-blog-meta-separator\">\u2022<\/span>\r\n\t\t\t\t<div class=\"premium-blog-post-comments premium-blog-meta-data\">\r\n\t\t\t\t\t<i class=\"fa fa-comments-o fa-fw\" aria-hidden=\"true\"><\/i>\r\n\t\t\t\t\t<a href=\"https:\/\/itexpert.top\/pl\/whatsapp-nie-uruchamia-sie-co-zrobic-9-sprawdzonych-sposobow-naprawy.html#respond\">No Comments<\/a>\t\t\t\t<\/div>\r\n\t\t\t\t\t<\/div>\r\n\t\t\r\n\t\t\t\t\t<\/div>\r\n\r\n\t\t\t\t\t\t\t<div class=\"premium-blog-content-inner-wrapper\">\r\n\t\t<p class=\"premium-blog-post-content\">WhatsApp nie uruchamia si\u0119 co zrobi\u0107 &#8211; 9 sprawdzonych sposob\u00f3w naprawy Kr\u00f3tki opis: Szczeg\u00f3\u0142owy poradnik jak rozwi\u0105za\u0107 problem gdy WhatsApp si\u0119 nie \u2026<\/p>\t\t<\/div>\r\n\t\t\t\t\t\t\t\r\n\t\t\t\t<\/div>\r\n\t\t\t<\/div>\r\n\t\t<\/div>\r\n\r\n\t\t\t\t<div class=\"premium-blog-post-outer-container\" data-total=\"5\">\r\n\t\t\t<div class=\"premium-blog-post-container premium-blog-skin-classic\">\r\n\t\t\t\t\t\t\t\t\t<div class=\"premium-blog-thumb-effect-wrapper\">\r\n\t\t\t\t\t\t<div class=\"premium-blog-thumbnail-container premium-blog-zoomin-effect\">\r\n\t\t\t\t\t\t\t<img decoding=\"async\" width=\"500\" height=\"280\" src=\"https:\/\/i0.wp.com\/itexpert.top\/wp-content\/uploads\/2026\/04\/output1-141.jpeg?fit=500%2C280&amp;ssl=1\" class=\"attachment-full size-full wp-image-13979\" alt=\"\u041d\u0430\u0439\u043a\u0440\u0430\u0449\u0438\u0439 VPN\" \/>\t\t\t\t\t\t<\/div>\r\n\t\t\t\t\t\t\t\t\t\t\t\t\t<div class=\"premium-blog-thumbnail-overlay\">\r\n\t\t\t\t\t\t\t\t<a class=\"elementor-icon\" href=\"https:\/\/itexpert.top\/pl\/najlepszy-vpn-2026-ranking-uslug.html\" target=\"_blank\"><\/a>\r\n\t\t\t\t\t\t\t<\/div>\r\n\r\n\t\t\t\t\t\t\t\t\t\t\t\t\t\t\t\t\t\t<\/div>\r\n\t\t\t\t\t\t\t\t\t\t\t\t<div class=\"premium-blog-content-wrapper \">\r\n\r\n\t\t\t\t\t<div class=\"premium-blog-inner-container\">\r\n\r\n\t\t\t\t\t\t\t\t\t\t\t\t\t\t<h2 class=\"premium-blog-entry-title\">\r\n\t\t\t<a href=\"https:\/\/itexpert.top\/pl\/najlepszy-vpn-2026-ranking-uslug.html\" target=\"_blank\">\r\n\t\t\t\tNajlepszy VPN 2026 \u2014 ranking us\u0142ug\t\t\t<\/a>\r\n\t\t<\/h2>\r\n\t\t\t\t<div class=\"premium-blog-entry-meta\">\r\n\t\t\t\t\t\t\t<div class=\"premium-blog-post-author premium-blog-meta-data\">\r\n\t\t\t\t\t<i class=\"fa fa-user fa-fw\" aria-hidden=\"true\"><\/i>\r\n\t\t\t\t\t<a href=\"https:\/\/itexpert.top\/pl\/author\/itexpert\" title=\"Wpisy od itexpert\" rel=\"author\">itexpert<\/a>\t\t\t\t<\/div>\r\n\t\t\t\r\n\t\t\t\t\t\t\t<span class=\"premium-blog-meta-separator\">\u2022<\/span>\r\n\t\t\t\t<div class=\"premium-blog-post-time premium-blog-meta-data\">\r\n\t\t\t\t\t<i class=\"fa fa-calendar-alt\" aria-hidden=\"true\"><\/i>\r\n\t\t\t\t\t<span>2026-04-07<\/span>\r\n\t\t\t\t<\/div>\r\n\t\t\t\r\n\t\t\t\t\t\t\t<span class=\"premium-blog-meta-separator\">\u2022<\/span>\r\n\t\t\t\t<div class=\"premium-blog-post-categories premium-blog-meta-data\">\r\n\t\t\t\t\t<i class=\"fa fa-align-left fa-fw\" aria-hidden=\"true\"><\/i>\r\n\t\t\t\t\t<a href=\"https:\/\/itexpert.top\/pl\/category\/it-blog-pl\" rel=\"category tag\">IT blog<\/a>, <a href=\"https:\/\/itexpert.top\/pl\/category\/it-blog-pl\/siec-internetowa\" rel=\"category tag\">Sie\u0107 internetowa<\/a>, <a href=\"https:\/\/itexpert.top\/pl\/category\/it-blog-pl\/windows-pl\/windows-10-pl\" rel=\"category tag\">Windows 10<\/a>, <a href=\"https:\/\/itexpert.top\/pl\/category\/it-blog-pl\/windows-pl\/windows-11-pl\" rel=\"category tag\">Windows 11<\/a>, <a href=\"https:\/\/itexpert.top\/pl\/category\/it-blog-pl\/windows-pl\/windows-7-pl\" rel=\"category tag\">Windows 7<\/a>, <a href=\"https:\/\/itexpert.top\/pl\/category\/it-blog-pl\/windows-pl\/windows-8-pl\" rel=\"category tag\">Windows 8<\/a>, <a href=\"https:\/\/itexpert.top\/pl\/category\/it-blog-pl\/windows-pl\/windows-server-2016-2019-pl\" rel=\"category tag\">Windows Server 2016\/2019<\/a>\t\t\t\t<\/div>\r\n\t\t\t\r\n\t\t\t\t\t\t\t<span class=\"premium-blog-meta-separator\">\u2022<\/span>\r\n\t\t\t\t<div class=\"premium-blog-post-comments premium-blog-meta-data\">\r\n\t\t\t\t\t<i class=\"fa fa-comments-o fa-fw\" aria-hidden=\"true\"><\/i>\r\n\t\t\t\t\t<a href=\"https:\/\/itexpert.top\/pl\/najlepszy-vpn-2026-ranking-uslug.html#respond\">No Comments<\/a>\t\t\t\t<\/div>\r\n\t\t\t\t\t<\/div>\r\n\t\t\r\n\t\t\t\t\t<\/div>\r\n\r\n\t\t\t\t\t\t\t<div class=\"premium-blog-content-inner-wrapper\">\r\n\t\t<p class=\"premium-blog-post-content\">Najlepszy VPN 2026 \u2014 ranking us\u0142ug, por\u00f3wnanie i jak wybra\u0107 VPN do Windows Kr\u00f3tki opis: w tym artykule znajdziesz pe\u0142ny ranking VPN \u2026<\/p>\t\t<\/div>\r\n\t\t\t\t\t\t\t\r\n\t\t\t\t<\/div>\r\n\t\t\t<\/div>\r\n\t\t<\/div>\r\n\r\n\t\t\t\t<div class=\"premium-blog-post-outer-container\" data-total=\"5\">\r\n\t\t\t<div class=\"premium-blog-post-container premium-blog-skin-classic\">\r\n\t\t\t\t\t\t\t\t\t<div class=\"premium-blog-thumb-effect-wrapper\">\r\n\t\t\t\t\t\t<div class=\"premium-blog-thumbnail-container premium-blog-zoomin-effect\">\r\n\t\t\t\t\t\t\t<img decoding=\"async\" width=\"500\" height=\"280\" src=\"https:\/\/i0.wp.com\/itexpert.top\/wp-content\/uploads\/2026\/04\/output1-74.jpeg?fit=500%2C280&amp;ssl=1\" class=\"attachment-full size-full wp-image-13526\" alt=\"\u0411\u0435\u0437\u043a\u043e\u0448\u0442\u043e\u0432\u043d\u0438\u0439 VPN\" \/>\t\t\t\t\t\t<\/div>\r\n\t\t\t\t\t\t\t\t\t\t\t\t\t<div class=\"premium-blog-thumbnail-overlay\">\r\n\t\t\t\t\t\t\t\t<a class=\"elementor-icon\" href=\"https:\/\/itexpert.top\/pl\/darmowy-vpn.html\" target=\"_blank\"><\/a>\r\n\t\t\t\t\t\t\t<\/div>\r\n\r\n\t\t\t\t\t\t\t\t\t\t\t\t\t\t\t\t\t\t<\/div>\r\n\t\t\t\t\t\t\t\t\t\t\t\t<div class=\"premium-blog-content-wrapper \">\r\n\r\n\t\t\t\t\t<div class=\"premium-blog-inner-container\">\r\n\r\n\t\t\t\t\t\t\t\t\t\t\t\t\t\t<h2 class=\"premium-blog-entry-title\">\r\n\t\t\t<a href=\"https:\/\/itexpert.top\/pl\/darmowy-vpn.html\" target=\"_blank\">\r\n\t\t\t\tDarmowy VPN\t\t\t<\/a>\r\n\t\t<\/h2>\r\n\t\t\t\t<div class=\"premium-blog-entry-meta\">\r\n\t\t\t\t\t\t\t<div class=\"premium-blog-post-author premium-blog-meta-data\">\r\n\t\t\t\t\t<i class=\"fa fa-user fa-fw\" aria-hidden=\"true\"><\/i>\r\n\t\t\t\t\t<a href=\"https:\/\/itexpert.top\/pl\/author\/itexpert\" title=\"Wpisy od itexpert\" rel=\"author\">itexpert<\/a>\t\t\t\t<\/div>\r\n\t\t\t\r\n\t\t\t\t\t\t\t<span class=\"premium-blog-meta-separator\">\u2022<\/span>\r\n\t\t\t\t<div class=\"premium-blog-post-time premium-blog-meta-data\">\r\n\t\t\t\t\t<i class=\"fa fa-calendar-alt\" aria-hidden=\"true\"><\/i>\r\n\t\t\t\t\t<span>2026-04-03<\/span>\r\n\t\t\t\t<\/div>\r\n\t\t\t\r\n\t\t\t\t\t\t\t<span class=\"premium-blog-meta-separator\">\u2022<\/span>\r\n\t\t\t\t<div class=\"premium-blog-post-categories premium-blog-meta-data\">\r\n\t\t\t\t\t<i class=\"fa fa-align-left fa-fw\" aria-hidden=\"true\"><\/i>\r\n\t\t\t\t\t<a href=\"https:\/\/itexpert.top\/pl\/category\/it-blog-pl\" rel=\"category tag\">IT blog<\/a>, <a href=\"https:\/\/itexpert.top\/pl\/category\/it-blog-pl\/siec-internetowa\" rel=\"category tag\">Sie\u0107 internetowa<\/a>, <a href=\"https:\/\/itexpert.top\/pl\/category\/it-blog-pl\/windows-pl\/windows-10-pl\" rel=\"category tag\">Windows 10<\/a>, <a href=\"https:\/\/itexpert.top\/pl\/category\/it-blog-pl\/windows-pl\/windows-11-pl\" rel=\"category tag\">Windows 11<\/a>, <a href=\"https:\/\/itexpert.top\/pl\/category\/it-blog-pl\/windows-pl\/windows-7-pl\" rel=\"category tag\">Windows 7<\/a>, <a href=\"https:\/\/itexpert.top\/pl\/category\/it-blog-pl\/windows-pl\/windows-8-pl\" rel=\"category tag\">Windows 8<\/a>, <a href=\"https:\/\/itexpert.top\/pl\/category\/it-blog-pl\/windows-pl\/windows-server-2016-2019-pl\" rel=\"category tag\">Windows Server 2016\/2019<\/a>\t\t\t\t<\/div>\r\n\t\t\t\r\n\t\t\t\t\t\t\t<span class=\"premium-blog-meta-separator\">\u2022<\/span>\r\n\t\t\t\t<div class=\"premium-blog-post-comments premium-blog-meta-data\">\r\n\t\t\t\t\t<i class=\"fa fa-comments-o fa-fw\" aria-hidden=\"true\"><\/i>\r\n\t\t\t\t\t<a href=\"https:\/\/itexpert.top\/pl\/darmowy-vpn.html#respond\">No Comments<\/a>\t\t\t\t<\/div>\r\n\t\t\t\t\t<\/div>\r\n\t\t\r\n\t\t\t\t\t<\/div>\r\n\r\n\t\t\t\t\t\t\t<div class=\"premium-blog-content-inner-wrapper\">\r\n\t\t<p class=\"premium-blog-post-content\">Darmowy VPN \u2014 jaki vpn darmowy vpn wybra\u0107, gdzie pobra\u0107 i jak skonfigurowa\u0107 w Windows Kr\u00f3tki opis: darmowy VPN pozwala chroni\u0107 po\u0142\u0105czenie \u2026<\/p>\t\t<\/div>\r\n\t\t\t\t\t\t\t\r\n\t\t\t\t<\/div>\r\n\t\t\t<\/div>\r\n\t\t<\/div>\r\n\r\n\t\t\t\t<div class=\"premium-blog-post-outer-container\" data-total=\"5\">\r\n\t\t\t<div class=\"premium-blog-post-container premium-blog-skin-classic\">\r\n\t\t\t\t\t\t\t\t\t<div class=\"premium-blog-thumb-effect-wrapper\">\r\n\t\t\t\t\t\t<div class=\"premium-blog-thumbnail-container premium-blog-zoomin-effect\">\r\n\t\t\t\t\t\t\t<img loading=\"lazy\" decoding=\"async\" width=\"500\" height=\"280\" src=\"https:\/\/i0.wp.com\/itexpert.top\/wp-content\/uploads\/2026\/03\/output1-390.jpeg?fit=500%2C280&amp;ssl=1\" class=\"attachment-full size-full wp-image-12426\" alt=\"\u0429\u043e \u0442\u0430\u043a\u0435 VPN \u043f\u0440\u043e\u0441\u0442\u0438\u043c\u0438 \u0441\u043b\u043e\u0432\u0430\u043c\u0438\" \/>\t\t\t\t\t\t<\/div>\r\n\t\t\t\t\t\t\t\t\t\t\t\t\t<div class=\"premium-blog-thumbnail-overlay\">\r\n\t\t\t\t\t\t\t\t<a class=\"elementor-icon\" href=\"https:\/\/itexpert.top\/pl\/co-to-jest-vpn-i-jak-dziala.html\" target=\"_blank\"><\/a>\r\n\t\t\t\t\t\t\t<\/div>\r\n\r\n\t\t\t\t\t\t\t\t\t\t\t\t\t\t\t\t\t\t<\/div>\r\n\t\t\t\t\t\t\t\t\t\t\t\t<div class=\"premium-blog-content-wrapper \">\r\n\r\n\t\t\t\t\t<div class=\"premium-blog-inner-container\">\r\n\r\n\t\t\t\t\t\t\t\t\t\t\t\t\t\t<h2 class=\"premium-blog-entry-title\">\r\n\t\t\t<a href=\"https:\/\/itexpert.top\/pl\/co-to-jest-vpn-i-jak-dziala.html\" target=\"_blank\">\r\n\t\t\t\tCo to jest VPN i jak dzia\u0142a\t\t\t<\/a>\r\n\t\t<\/h2>\r\n\t\t\t\t<div class=\"premium-blog-entry-meta\">\r\n\t\t\t\t\t\t\t<div class=\"premium-blog-post-author premium-blog-meta-data\">\r\n\t\t\t\t\t<i class=\"fa fa-user fa-fw\" aria-hidden=\"true\"><\/i>\r\n\t\t\t\t\t<a href=\"https:\/\/itexpert.top\/pl\/author\/itexpert\" title=\"Wpisy od itexpert\" rel=\"author\">itexpert<\/a>\t\t\t\t<\/div>\r\n\t\t\t\r\n\t\t\t\t\t\t\t<span class=\"premium-blog-meta-separator\">\u2022<\/span>\r\n\t\t\t\t<div class=\"premium-blog-post-time premium-blog-meta-data\">\r\n\t\t\t\t\t<i class=\"fa fa-calendar-alt\" aria-hidden=\"true\"><\/i>\r\n\t\t\t\t\t<span>2026-03-31<\/span>\r\n\t\t\t\t<\/div>\r\n\t\t\t\r\n\t\t\t\t\t\t\t<span class=\"premium-blog-meta-separator\">\u2022<\/span>\r\n\t\t\t\t<div class=\"premium-blog-post-categories premium-blog-meta-data\">\r\n\t\t\t\t\t<i class=\"fa fa-align-left fa-fw\" aria-hidden=\"true\"><\/i>\r\n\t\t\t\t\t<a href=\"https:\/\/itexpert.top\/pl\/category\/it-blog-pl\" rel=\"category tag\">IT blog<\/a>, <a href=\"https:\/\/itexpert.top\/pl\/category\/it-blog-pl\/siec-internetowa\" rel=\"category tag\">Sie\u0107 internetowa<\/a>, <a href=\"https:\/\/itexpert.top\/pl\/category\/it-blog-pl\/windows-pl\/windows-10-pl\" rel=\"category tag\">Windows 10<\/a>, <a href=\"https:\/\/itexpert.top\/pl\/category\/it-blog-pl\/windows-pl\/windows-11-pl\" rel=\"category tag\">Windows 11<\/a>, <a href=\"https:\/\/itexpert.top\/pl\/category\/it-blog-pl\/windows-pl\/windows-7-pl\" rel=\"category tag\">Windows 7<\/a>, <a href=\"https:\/\/itexpert.top\/pl\/category\/it-blog-pl\/windows-pl\/windows-8-pl\" rel=\"category tag\">Windows 8<\/a>, <a href=\"https:\/\/itexpert.top\/pl\/category\/it-blog-pl\/windows-pl\/windows-server-2016-2019-pl\" rel=\"category tag\">Windows Server 2016\/2019<\/a>\t\t\t\t<\/div>\r\n\t\t\t\r\n\t\t\t\t\t\t\t<span class=\"premium-blog-meta-separator\">\u2022<\/span>\r\n\t\t\t\t<div class=\"premium-blog-post-comments premium-blog-meta-data\">\r\n\t\t\t\t\t<i class=\"fa fa-comments-o fa-fw\" aria-hidden=\"true\"><\/i>\r\n\t\t\t\t\t<a href=\"https:\/\/itexpert.top\/pl\/co-to-jest-vpn-i-jak-dziala.html#respond\">No Comments<\/a>\t\t\t\t<\/div>\r\n\t\t\t\t\t<\/div>\r\n\t\t\r\n\t\t\t\t\t<\/div>\r\n\r\n\t\t\t\t\t\t\t<div class=\"premium-blog-content-inner-wrapper\">\r\n\t\t<p class=\"premium-blog-post-content\">Co to jest VPN i jak dzia\u0142a: prosty poradnik dla pocz\u0105tkuj\u0105cych Kr\u00f3tki opis: Dowiedz si\u0119, co to jest VPN i jak dzia\u0142a. \u2026<\/p>\t\t<\/div>\r\n\t\t\t\t\t\t\t\r\n\t\t\t\t<\/div>\r\n\t\t\t<\/div>\r\n\t\t<\/div>\r\n\r\n\t\t\t\t<\/div>\r\n\r\n\t\t\t\t\t\t<\/div>\n\t\t\t\t<\/div>\n\t\t\t\t\t<\/div>\n\t\t\t\t<\/div>\n\t\t\t\t<\/div>\n\t\t","protected":false},"excerpt":{"rendered":"<p>windows 8 Kt\u00f3ra przegl\u0105darka jest najlepsza? itexpert \u2022 08.08.2024 \u2022 Windows 10, Windows 11, Windows 7, Windows 8 \u2022 No Comments Kt\u00f3ra przegl\u0105darka jest najlepsza? Wyb\u00f3r &#8220;najlepszej&#8221; przegl\u0105darki jest subiektywny i zale\u017cy od indywidualnych potrzeb i preferencji. Jednak analizuj\u0105c popularno\u015b\u0107 &hellip; <\/p>\n","protected":false},"author":1,"featured_media":0,"parent":8160,"menu_order":0,"comment_status":"closed","ping_status":"closed","template":"elementor_header_footer","meta":{"slim_seo":{"title":"Co to jest VPN i jak dzia\u0142a - ITexpert","description":"Co to jest VPN i jak dzia\u0142a: prosty poradnik dla pocz\u0105tkuj\u0105cych Kr\u00f3tki opis: Dowiedz si\u0119, co to jest VPN i jak dzia\u0142a. Proste wyja\u015bnienie dla pocz\u0105tkuj\u0105cych ora"},"footnotes":""},"class_list":["post-8194","page","type-page","status-publish","hentry"],"_links":{"self":[{"href":"https:\/\/itexpert.top\/pl\/wp-json\/wp\/v2\/pages\/8194","targetHints":{"allow":["GET"]}}],"collection":[{"href":"https:\/\/itexpert.top\/pl\/wp-json\/wp\/v2\/pages"}],"about":[{"href":"https:\/\/itexpert.top\/pl\/wp-json\/wp\/v2\/types\/page"}],"author":[{"embeddable":true,"href":"https:\/\/itexpert.top\/pl\/wp-json\/wp\/v2\/users\/1"}],"replies":[{"embeddable":true,"href":"https:\/\/itexpert.top\/pl\/wp-json\/wp\/v2\/comments?post=8194"}],"version-history":[{"count":22,"href":"https:\/\/itexpert.top\/pl\/wp-json\/wp\/v2\/pages\/8194\/revisions"}],"predecessor-version":[{"id":8219,"href":"https:\/\/itexpert.top\/pl\/wp-json\/wp\/v2\/pages\/8194\/revisions\/8219"}],"up":[{"embeddable":true,"href":"https:\/\/itexpert.top\/pl\/wp-json\/wp\/v2\/pages\/8160"}],"wp:attachment":[{"href":"https:\/\/itexpert.top\/pl\/wp-json\/wp\/v2\/media?parent=8194"}],"curies":[{"name":"wp","href":"https:\/\/api.w.org\/{rel}","templated":true}]}}