{"id":7847,"date":"2024-08-19T16:27:01","date_gmt":"2024-08-19T13:27:01","guid":{"rendered":"https:\/\/itexpert.top\/?page_id=7847"},"modified":"2024-08-19T16:39:21","modified_gmt":"2024-08-19T13:39:21","slug":"monytor","status":"publish","type":"page","link":"https:\/\/itexpert.top\/ru\/it-blog\/monytor","title":{"rendered":"\u041c\u043e\u043d\u0438\u0442\u043e\u0440"},"content":{"rendered":"\t\t<div data-elementor-type=\"wp-page\" data-elementor-id=\"7847\" class=\"elementor elementor-7847 elementor-7818\" data-elementor-post-type=\"page\">\n\t\t\t\t<div class=\"elementor-element elementor-element-405b844 e-flex e-con-boxed e-con e-parent\" data-id=\"405b844\" data-element_type=\"container\">\n\t\t\t\t\t<div class=\"e-con-inner\">\n\t\t\t\t<div class=\"elementor-element elementor-element-ee22585 elementor-widget elementor-widget-heading\" data-id=\"ee22585\" data-element_type=\"widget\" data-widget_type=\"heading.default\">\n\t\t\t\t<div class=\"elementor-widget-container\">\n\t\t\t\t\t<h4 class=\"elementor-heading-title elementor-size-default\">\u041c\u043e\u043d\u0438\u0442\u043e\u0440<\/h4>\t\t\t\t<\/div>\n\t\t\t\t<\/div>\n\t\t\t\t\t<\/div>\n\t\t\t\t<\/div>\n\t\t<div class=\"elementor-element elementor-element-39c5005 e-flex e-con-boxed e-con e-parent\" data-id=\"39c5005\" data-element_type=\"container\">\n\t\t\t\t\t<div class=\"e-con-inner\">\n\t\t\t\t<div class=\"elementor-element elementor-element-c77a440 premium-blog-align-left elementor-widget elementor-widget-premium-addon-blog\" data-id=\"c77a440\" data-element_type=\"widget\" data-settings=\"{&quot;premium_blog_grid&quot;:&quot;yes&quot;,&quot;premium_blog_layout&quot;:&quot;even&quot;,&quot;premium_blog_columns_number&quot;:&quot;50%&quot;,&quot;premium_blog_columns_number_tablet&quot;:&quot;50%&quot;,&quot;premium_blog_columns_number_mobile&quot;:&quot;100%&quot;}\" data-widget_type=\"premium-addon-blog.default\">\n\t\t\t\t<div class=\"elementor-widget-container\">\n\t\t\t\t\t\r\n\t\t\t\t<div class=\"premium-blog-wrap  premium-blog-even\" data-page=\"7847\">\r\n\t\t\t\t\t<div class=\"premium-blog-post-outer-container\" data-total=\"1\">\r\n\t\t\t<div class=\"premium-blog-post-container premium-blog-skin-classic\">\r\n\t\t\t\t\t\t\t\t\t<div class=\"premium-blog-thumb-effect-wrapper\">\r\n\t\t\t\t\t\t<div class=\"premium-blog-thumbnail-container premium-blog-zoomin-effect\">\r\n\t\t\t\t\t\t\t<img fetchpriority=\"high\" decoding=\"async\" width=\"500\" height=\"280\" src=\"https:\/\/i0.wp.com\/itexpert.top\/wp-content\/uploads\/2026\/03\/output1-14.jpeg?fit=500%2C280&amp;ssl=1\" class=\"attachment-full size-full wp-image-9482\" alt=\"\u0429\u043e \u0440\u043e\u0431\u0438\u0442\u0438 \u044f\u043a\u0449\u043e \u043c\u043e\u043d\u0456\u0442\u043e\u0440 \u043f\u043e\u043a\u0430\u0437\u0443\u0454 \u0440\u043e\u0437\u043c\u0438\u0442\u0435 \u0437\u043e\u0431\u0440\u0430\u0436\u0435\u043d\u043d\u044f\" \/>\t\t\t\t\t\t<\/div>\r\n\t\t\t\t\t\t\t\t\t\t\t\t\t<div class=\"premium-blog-thumbnail-overlay\">\r\n\t\t\t\t\t\t\t\t<a class=\"elementor-icon\" href=\"https:\/\/itexpert.top\/ru\/co-zrobic-gdy-monitor-wyswietla-rozmazany-obraz.html\" target=\"_blank\"><\/a>\r\n\t\t\t\t\t\t\t<\/div>\r\n\r\n\t\t\t\t\t\t\t\t\t\t\t\t\t\t\t\t\t\t<\/div>\r\n\t\t\t\t\t\t\t\t\t\t\t\t<div class=\"premium-blog-content-wrapper \">\r\n\r\n\t\t\t\t\t<div class=\"premium-blog-inner-container\">\r\n\r\n\t\t\t\t\t\t\t\t\t\t\t\t\t\t<h2 class=\"premium-blog-entry-title\">\r\n\t\t\t<a href=\"https:\/\/itexpert.top\/ru\/co-zrobic-gdy-monitor-wyswietla-rozmazany-obraz.html\" target=\"_blank\">\r\n\t\t\t\tCo zrobi\u0107, gdy monitor wy\u015bwietla rozmazany obraz\t\t\t<\/a>\r\n\t\t<\/h2>\r\n\t\t\t\t<div class=\"premium-blog-entry-meta\">\r\n\t\t\t\t\t\t\t<div class=\"premium-blog-post-author premium-blog-meta-data\">\r\n\t\t\t\t\t<i class=\"fa fa-user fa-fw\" aria-hidden=\"true\"><\/i>\r\n\t\t\t\t\t<a href=\"https:\/\/itexpert.top\/ru\/author\/itexpert\" title=\"\u0417\u0430\u043f\u0438\u0441\u0438 itexpert\" rel=\"author\">itexpert<\/a>\t\t\t\t<\/div>\r\n\t\t\t\r\n\t\t\t\t\t\t\t<span class=\"premium-blog-meta-separator\">\u2022<\/span>\r\n\t\t\t\t<div class=\"premium-blog-post-time premium-blog-meta-data\">\r\n\t\t\t\t\t<i class=\"fa fa-calendar-alt\" aria-hidden=\"true\"><\/i>\r\n\t\t\t\t\t<span>11.03.2026<\/span>\r\n\t\t\t\t<\/div>\r\n\t\t\t\r\n\t\t\t\t\t\t\t<span class=\"premium-blog-meta-separator\">\u2022<\/span>\r\n\t\t\t\t<div class=\"premium-blog-post-categories premium-blog-meta-data\">\r\n\t\t\t\t\t<i class=\"fa fa-align-left fa-fw\" aria-hidden=\"true\"><\/i>\r\n\t\t\t\t\t<a href=\"https:\/\/itexpert.top\/ru\/category\/it-blog-ru\/monytor\" rel=\"category tag\">\u041c\u043e\u043d\u0438\u0442\u043e\u0440<\/a>\t\t\t\t<\/div>\r\n\t\t\t\r\n\t\t\t\t\t\t\t<span class=\"premium-blog-meta-separator\">\u2022<\/span>\r\n\t\t\t\t<div class=\"premium-blog-post-comments premium-blog-meta-data\">\r\n\t\t\t\t\t<i class=\"fa fa-comments-o fa-fw\" aria-hidden=\"true\"><\/i>\r\n\t\t\t\t\t<a href=\"https:\/\/itexpert.top\/ru\/co-zrobic-gdy-monitor-wyswietla-rozmazany-obraz.html#respond\">\u041d\u0435\u0442 \u043a\u043e\u043c\u043c\u0435\u043d\u0442\u0430\u0440\u0438\u0435\u0432<\/a>\t\t\t\t<\/div>\r\n\t\t\t\t\t<\/div>\r\n\t\t\r\n\t\t\t\t\t<\/div>\r\n\r\n\t\t\t\t\t\t\t<div class=\"premium-blog-content-inner-wrapper\">\r\n\t\t<p class=\"premium-blog-post-content\">Co zrobi\u0107, gdy monitor wy\u015bwietla rozmazany obraz Kr\u00f3tki opis: Rozmazany obraz na ekranie utrudnia prac\u0119 i m\u0119czy wzrok. Sprawd\u017a g\u0142\u00f3wne przyczyny problemu \u2026<\/p>\t\t<\/div>\r\n\t\t\t\t\t\t\t\r\n\t\t\t\t<\/div>\r\n\t\t\t<\/div>\r\n\t\t<\/div>\r\n\r\n\t\t\t\t<div class=\"premium-blog-post-outer-container\" data-total=\"1\">\r\n\t\t\t<div class=\"premium-blog-post-container premium-blog-skin-classic\">\r\n\t\t\t\t\t\t\t\t\t\t\t\t<div class=\"premium-blog-content-wrapper empty-thumb\">\r\n\r\n\t\t\t\t\t<div class=\"premium-blog-inner-container\">\r\n\r\n\t\t\t\t\t\t\t\t\t\t\t\t\t\t<h2 class=\"premium-blog-entry-title\">\r\n\t\t\t<a href=\"https:\/\/itexpert.top\/ru\/nado-soedynyt-proektor-y-noutbuk-hdmi-kabelem-kakaia-dopustymaia-dlyna-budet-ly-u-menia-vse-rabotat-na-rasstoianyy-20-metrov.html\" target=\"_blank\">\r\n\t\t\t\t\u041d\u0430\u0434\u043e \u0441\u043e\u0435\u0434\u0438\u043d\u0438\u0442\u044c \u043f\u0440\u043e\u0435\u043a\u0442\u043e\u0440 \u0438 \u043d\u043e\u0443\u0442\u0431\u0443\u043a hdmi \u043a\u0430\u0431\u0435\u043b\u0435\u043c, \u043a\u0430\u043a\u0430\u044f \u0434\u043e\u043f\u0443\u0441\u0442\u0438\u043c\u0430\u044f \u0434\u043b\u0438\u043d\u0430? \u0411\u0443\u0434\u0435\u0442 \u043b\u0438 \u0443 \u043c\u0435\u043d\u044f \u0432\u0441\u0435 \u0440\u0430\u0431\u043e\u0442\u0430\u0442\u044c \u043d\u0430 \u0440\u0430\u0441\u0441\u0442\u043e\u044f\u043d\u0438\u0438 20 \u043c\u0435\u0442\u0440\u043e\u0432?\t\t\t<\/a>\r\n\t\t<\/h2>\r\n\t\t\t\t<div class=\"premium-blog-entry-meta\">\r\n\t\t\t\t\t\t\t<div class=\"premium-blog-post-author premium-blog-meta-data\">\r\n\t\t\t\t\t<i class=\"fa fa-user fa-fw\" aria-hidden=\"true\"><\/i>\r\n\t\t\t\t\t<a href=\"https:\/\/itexpert.top\/ru\/author\/itexpert\" title=\"\u0417\u0430\u043f\u0438\u0441\u0438 itexpert\" rel=\"author\">itexpert<\/a>\t\t\t\t<\/div>\r\n\t\t\t\r\n\t\t\t\t\t\t\t<span class=\"premium-blog-meta-separator\">\u2022<\/span>\r\n\t\t\t\t<div class=\"premium-blog-post-time premium-blog-meta-data\">\r\n\t\t\t\t\t<i class=\"fa fa-calendar-alt\" aria-hidden=\"true\"><\/i>\r\n\t\t\t\t\t<span>14.08.2024<\/span>\r\n\t\t\t\t<\/div>\r\n\t\t\t\r\n\t\t\t\t\t\t\t<span class=\"premium-blog-meta-separator\">\u2022<\/span>\r\n\t\t\t\t<div class=\"premium-blog-post-categories premium-blog-meta-data\">\r\n\t\t\t\t\t<i class=\"fa fa-align-left fa-fw\" aria-hidden=\"true\"><\/i>\r\n\t\t\t\t\t<a href=\"https:\/\/itexpert.top\/ru\/category\/it-blog-ru\/monytor\" rel=\"category tag\">\u041c\u043e\u043d\u0438\u0442\u043e\u0440<\/a>, <a href=\"https:\/\/itexpert.top\/ru\/category\/it-blog-ru\/noutbuk-ru\" rel=\"category tag\">\u041d\u043e\u0443\u0442\u0431\u0443\u043a<\/a>\t\t\t\t<\/div>\r\n\t\t\t\r\n\t\t\t\t\t\t\t<span class=\"premium-blog-meta-separator\">\u2022<\/span>\r\n\t\t\t\t<div class=\"premium-blog-post-comments premium-blog-meta-data\">\r\n\t\t\t\t\t<i class=\"fa fa-comments-o fa-fw\" aria-hidden=\"true\"><\/i>\r\n\t\t\t\t\t<a href=\"https:\/\/itexpert.top\/ru\/nado-soedynyt-proektor-y-noutbuk-hdmi-kabelem-kakaia-dopustymaia-dlyna-budet-ly-u-menia-vse-rabotat-na-rasstoianyy-20-metrov.html#respond\">\u041d\u0435\u0442 \u043a\u043e\u043c\u043c\u0435\u043d\u0442\u0430\u0440\u0438\u0435\u0432<\/a>\t\t\t\t<\/div>\r\n\t\t\t\t\t<\/div>\r\n\t\t\r\n\t\t\t\t\t<\/div>\r\n\r\n\t\t\t\t\t\t\t<div class=\"premium-blog-content-inner-wrapper\">\r\n\t\t<p class=\"premium-blog-post-content\">\u041d\u0430\u0434\u043e \u0441\u043e\u0435\u0434\u0438\u043d\u0438\u0442\u044c \u043f\u0440\u043e\u0435\u043a\u0442\u043e\u0440 \u0438 \u043d\u043e\u0443\u0442\u0431\u0443\u043a hdmi \u043a\u0430\u0431\u0435\u043b\u0435\u043c, \u043a\u0430\u043a\u0430\u044f \u0434\u043e\u043f\u0443\u0441\u0442\u0438\u043c\u0430\u044f \u0434\u043b\u0438\u043d\u0430? \u0411\u0443\u0434\u0435\u0442 \u043b\u0438 \u0443 \u043c\u0435\u043d\u044f \u0432\u0441\u0435 \u0440\u0430\u0431\u043e\u0442\u0430\u0442\u044c \u043d\u0430 \u0440\u0430\u0441\u0441\u0442\u043e\u044f\u043d\u0438\u0438 20 \u043c\u0435\u0442\u0440\u043e\u0432? \u041f\u043e\u0434\u043a\u043b\u044e\u0447\u0435\u043d\u0438\u0435 \u043f\u0440\u043e\u0435\u043a\u0442\u043e\u0440\u0430 \u2026<\/p>\t\t<\/div>\r\n\t\t\t\t\t\t\t\r\n\t\t\t\t<\/div>\r\n\t\t\t<\/div>\r\n\t\t<\/div>\r\n\r\n\t\t\t\t<div class=\"premium-blog-post-outer-container\" data-total=\"1\">\r\n\t\t\t<div class=\"premium-blog-post-container premium-blog-skin-classic\">\r\n\t\t\t\t\t\t\t\t\t<div class=\"premium-blog-thumb-effect-wrapper\">\r\n\t\t\t\t\t\t<div class=\"premium-blog-thumbnail-container premium-blog-zoomin-effect\">\r\n\t\t\t\t\t\t\t<img decoding=\"async\" width=\"500\" height=\"280\" src=\"https:\/\/i0.wp.com\/itexpert.top\/wp-content\/uploads\/2023\/09\/YAk-pidkliuchyty-dva-monitory-do-noutbuka.png?fit=500%2C280&amp;ssl=1\" class=\"attachment-full size-full wp-image-15400\" alt=\"\u042f\u043a \u043f\u0456\u0434\u043a\u043b\u044e\u0447\u0438\u0442\u0438 \u0434\u0432\u0430 \u043c\u043e\u043d\u0456\u0442\u043e\u0440\u0438 \u0434\u043e \u043d\u043e\u0443\u0442\u0431\u0443\u043a\u0430\" \/>\t\t\t\t\t\t<\/div>\r\n\t\t\t\t\t\t\t\t\t\t\t\t\t<div class=\"premium-blog-thumbnail-overlay\">\r\n\t\t\t\t\t\t\t\t<a class=\"elementor-icon\" href=\"https:\/\/itexpert.top\/ru\/kak-podkliuchyt-dva-monytora-k-noutbuku-v-windows-11.html\" target=\"_blank\"><\/a>\r\n\t\t\t\t\t\t\t<\/div>\r\n\r\n\t\t\t\t\t\t\t\t\t\t\t\t\t\t\t\t\t\t<\/div>\r\n\t\t\t\t\t\t\t\t\t\t\t\t<div class=\"premium-blog-content-wrapper \">\r\n\r\n\t\t\t\t\t<div class=\"premium-blog-inner-container\">\r\n\r\n\t\t\t\t\t\t\t\t\t\t\t\t\t\t<h2 class=\"premium-blog-entry-title\">\r\n\t\t\t<a href=\"https:\/\/itexpert.top\/ru\/kak-podkliuchyt-dva-monytora-k-noutbuku-v-windows-11.html\" target=\"_blank\">\r\n\t\t\t\t\u041a\u0430\u043a \u043f\u043e\u0434\u043a\u043b\u044e\u0447\u0438\u0442\u044c \u0434\u0432\u0430 \u043c\u043e\u043d\u0438\u0442\u043e\u0440\u0430 \u043a \u043d\u043e\u0443\u0442\u0431\u0443\u043a\u0443 \u0432 Windows 11\t\t\t<\/a>\r\n\t\t<\/h2>\r\n\t\t\t\t<div class=\"premium-blog-entry-meta\">\r\n\t\t\t\t\t\t\t<div class=\"premium-blog-post-author premium-blog-meta-data\">\r\n\t\t\t\t\t<i class=\"fa fa-user fa-fw\" aria-hidden=\"true\"><\/i>\r\n\t\t\t\t\t<a href=\"https:\/\/itexpert.top\/ru\/author\/itexpert\" title=\"\u0417\u0430\u043f\u0438\u0441\u0438 itexpert\" rel=\"author\">itexpert<\/a>\t\t\t\t<\/div>\r\n\t\t\t\r\n\t\t\t\t\t\t\t<span class=\"premium-blog-meta-separator\">\u2022<\/span>\r\n\t\t\t\t<div class=\"premium-blog-post-time premium-blog-meta-data\">\r\n\t\t\t\t\t<i class=\"fa fa-calendar-alt\" aria-hidden=\"true\"><\/i>\r\n\t\t\t\t\t<span>07.09.2023<\/span>\r\n\t\t\t\t<\/div>\r\n\t\t\t\r\n\t\t\t\t\t\t\t<span class=\"premium-blog-meta-separator\">\u2022<\/span>\r\n\t\t\t\t<div class=\"premium-blog-post-categories premium-blog-meta-data\">\r\n\t\t\t\t\t<i class=\"fa fa-align-left fa-fw\" aria-hidden=\"true\"><\/i>\r\n\t\t\t\t\t<a href=\"https:\/\/itexpert.top\/ru\/category\/it-blog-ru\/monytor\" rel=\"category tag\">\u041c\u043e\u043d\u0438\u0442\u043e\u0440<\/a>\t\t\t\t<\/div>\r\n\t\t\t\r\n\t\t\t\t\t\t\t<span class=\"premium-blog-meta-separator\">\u2022<\/span>\r\n\t\t\t\t<div class=\"premium-blog-post-comments premium-blog-meta-data\">\r\n\t\t\t\t\t<i class=\"fa fa-comments-o fa-fw\" aria-hidden=\"true\"><\/i>\r\n\t\t\t\t\t<a href=\"https:\/\/itexpert.top\/ru\/kak-podkliuchyt-dva-monytora-k-noutbuku-v-windows-11.html#respond\">\u041d\u0435\u0442 \u043a\u043e\u043c\u043c\u0435\u043d\u0442\u0430\u0440\u0438\u0435\u0432<\/a>\t\t\t\t<\/div>\r\n\t\t\t\t\t<\/div>\r\n\t\t\r\n\t\t\t\t\t<\/div>\r\n\r\n\t\t\t\t\t\t\t<div class=\"premium-blog-content-inner-wrapper\">\r\n\t\t<p class=\"premium-blog-post-content\">\u041a\u0430\u043a \u043f\u043e\u0434\u043a\u043b\u044e\u0447\u0438\u0442\u044c \u0434\u0432\u0430 \u043c\u043e\u043d\u0438\u0442\u043e\u0440\u0430 \u043a \u043d\u043e\u0443\u0442\u0431\u0443\u043a\u0443 \u0432 Windows 11 \u0438 \u0447\u0442\u043e \u0434\u043b\u044f \u044d\u0442\u043e\u0433\u043e \u043d\u0443\u0436\u043d\u043e? \u041a\u0440\u0430\u0442\u043a\u043e\u0435 \u043e\u043f\u0438\u0441\u0430\u043d\u0438\u0435: \u0423\u0437\u043d\u0430\u0439\u0442\u0435, \u043a\u0430\u043a \u043f\u043e\u0434\u043a\u043b\u044e\u0447\u0438\u0442\u044c \u0434\u0432\u0430 \u043c\u043e\u043d\u0438\u0442\u043e\u0440\u0430 \u043a \u2026<\/p>\t\t<\/div>\r\n\t\t\t\t\t\t\t\r\n\t\t\t\t<\/div>\r\n\t\t\t<\/div>\r\n\t\t<\/div>\r\n\r\n\t\t\t\t<div class=\"premium-blog-post-outer-container\" data-total=\"1\">\r\n\t\t\t<div class=\"premium-blog-post-container premium-blog-skin-classic\">\r\n\t\t\t\t\t\t\t\t\t<div class=\"premium-blog-thumb-effect-wrapper\">\r\n\t\t\t\t\t\t<div class=\"premium-blog-thumbnail-container premium-blog-zoomin-effect\">\r\n\t\t\t\t\t\t\t<img decoding=\"async\" width=\"500\" height=\"280\" src=\"https:\/\/i0.wp.com\/itexpert.top\/wp-content\/uploads\/2023\/06\/YAk-obraty-videokartu-v-kompiuter.png?fit=500%2C280&amp;ssl=1\" class=\"attachment-full size-full wp-image-15378\" alt=\"\u042f\u043a \u043e\u0431\u0440\u0430\u0442\u0438 \u0432\u0456\u0434\u0435\u043e\u043a\u0430\u0440\u0442\u0443 \u0432 \u043a\u043e\u043c\u043f\u044e\u0442\u0435\u0440.\" \/>\t\t\t\t\t\t<\/div>\r\n\t\t\t\t\t\t\t\t\t\t\t\t\t<div class=\"premium-blog-thumbnail-overlay\">\r\n\t\t\t\t\t\t\t\t<a class=\"elementor-icon\" href=\"https:\/\/itexpert.top\/ru\/kak-v-brat-vydeokartu-v-kompiuter.html\" target=\"_blank\"><\/a>\r\n\t\t\t\t\t\t\t<\/div>\r\n\r\n\t\t\t\t\t\t\t\t\t\t\t\t\t\t\t\t\t\t<\/div>\r\n\t\t\t\t\t\t\t\t\t\t\t\t<div class=\"premium-blog-content-wrapper \">\r\n\r\n\t\t\t\t\t<div class=\"premium-blog-inner-container\">\r\n\r\n\t\t\t\t\t\t\t\t\t\t\t\t\t\t<h2 class=\"premium-blog-entry-title\">\r\n\t\t\t<a href=\"https:\/\/itexpert.top\/ru\/kak-v-brat-vydeokartu-v-kompiuter.html\" target=\"_blank\">\r\n\t\t\t\t\u041a\u0430\u043a \u0432\u044b\u0431\u0440\u0430\u0442\u044c \u0432\u0438\u0434\u0435\u043e\u043a\u0430\u0440\u0442\u0443 \u0432 \u043a\u043e\u043c\u043f\u044c\u044e\u0442\u0435\u0440?\t\t\t<\/a>\r\n\t\t<\/h2>\r\n\t\t\t\t<div class=\"premium-blog-entry-meta\">\r\n\t\t\t\t\t\t\t<div class=\"premium-blog-post-author premium-blog-meta-data\">\r\n\t\t\t\t\t<i class=\"fa fa-user fa-fw\" aria-hidden=\"true\"><\/i>\r\n\t\t\t\t\t<a href=\"https:\/\/itexpert.top\/ru\/author\/itexpert\" title=\"\u0417\u0430\u043f\u0438\u0441\u0438 itexpert\" rel=\"author\">itexpert<\/a>\t\t\t\t<\/div>\r\n\t\t\t\r\n\t\t\t\t\t\t\t<span class=\"premium-blog-meta-separator\">\u2022<\/span>\r\n\t\t\t\t<div class=\"premium-blog-post-time premium-blog-meta-data\">\r\n\t\t\t\t\t<i class=\"fa fa-calendar-alt\" aria-hidden=\"true\"><\/i>\r\n\t\t\t\t\t<span>26.06.2023<\/span>\r\n\t\t\t\t<\/div>\r\n\t\t\t\r\n\t\t\t\t\t\t\t<span class=\"premium-blog-meta-separator\">\u2022<\/span>\r\n\t\t\t\t<div class=\"premium-blog-post-categories premium-blog-meta-data\">\r\n\t\t\t\t\t<i class=\"fa fa-align-left fa-fw\" aria-hidden=\"true\"><\/i>\r\n\t\t\t\t\t<a href=\"https:\/\/itexpert.top\/ru\/category\/it-blog-ru\/vydeokarta\" rel=\"category tag\">\u0412\u0438\u0434\u0435\u043e\u043a\u0430\u0440\u0442\u0430<\/a>, <a href=\"https:\/\/itexpert.top\/ru\/category\/it-blog-ru\/modernyzatsyia\" rel=\"category tag\">\u041c\u043e\u0434\u0435\u0440\u043d\u0438\u0437\u0430\u0446\u0438\u044f<\/a>, <a href=\"https:\/\/itexpert.top\/ru\/category\/it-blog-ru\/monytor\" rel=\"category tag\">\u041c\u043e\u043d\u0438\u0442\u043e\u0440<\/a>\t\t\t\t<\/div>\r\n\t\t\t\r\n\t\t\t\t\t\t\t<span class=\"premium-blog-meta-separator\">\u2022<\/span>\r\n\t\t\t\t<div class=\"premium-blog-post-comments premium-blog-meta-data\">\r\n\t\t\t\t\t<i class=\"fa fa-comments-o fa-fw\" aria-hidden=\"true\"><\/i>\r\n\t\t\t\t\t<a href=\"https:\/\/itexpert.top\/ru\/kak-v-brat-vydeokartu-v-kompiuter.html#respond\">\u041d\u0435\u0442 \u043a\u043e\u043c\u043c\u0435\u043d\u0442\u0430\u0440\u0438\u0435\u0432<\/a>\t\t\t\t<\/div>\r\n\t\t\t\t\t<\/div>\r\n\t\t\r\n\t\t\t\t\t<\/div>\r\n\r\n\t\t\t\t\t\t\t<div class=\"premium-blog-content-inner-wrapper\">\r\n\t\t<p class=\"premium-blog-post-content\">\u041a\u0430\u043a \u0432\u044b\u0431\u0440\u0430\u0442\u044c \u0432\u0438\u0434\u0435\u043e\u043a\u0430\u0440\u0442\u0443 \u0434\u043b\u044f \u043a\u043e\u043c\u043f\u044c\u044e\u0442\u0435\u0440\u0430? \u041a\u0440\u0430\u0442\u043a\u043e\u0435 \u043e\u043f\u0438\u0441\u0430\u043d\u0438\u0435: \u0423\u0437\u043d\u0430\u0439\u0442\u0435, \u043a\u0430\u043a \u043f\u0440\u0430\u0432\u0438\u043b\u044c\u043d\u043e \u0432\u044b\u0431\u0440\u0430\u0442\u044c \u0432\u0438\u0434\u0435\u043e\u043a\u0430\u0440\u0442\u0443 \u0434\u043b\u044f \u041f\u041a. \u0423\u0447\u0438\u0442\u044b\u0432\u0430\u0439\u0442\u0435 \u043f\u0440\u043e\u0438\u0437\u0432\u043e\u0434\u0438\u0442\u0435\u043b\u044c\u043d\u043e\u0441\u0442\u044c, \u043e\u0431\u044a\u0435\u043c VRAM, \u0441\u043e\u0432\u043c\u0435\u0441\u0442\u0438\u043c\u043e\u0441\u0442\u044c \u0438 \u0441\u0438\u0441\u0442\u0435\u043c\u0443 \u043e\u0445\u043b\u0430\u0436\u0434\u0435\u043d\u0438\u044f \u2026<\/p>\t\t<\/div>\r\n\t\t\t\t\t\t\t\r\n\t\t\t\t<\/div>\r\n\t\t\t<\/div>\r\n\t\t<\/div>\r\n\r\n\t\t\t\t<\/div>\r\n\r\n\t\t\t\t\t\t<\/div>\n\t\t\t\t<\/div>\n\t\t\t\t\t<\/div>\n\t\t\t\t<\/div>\n\t\t\t\t<\/div>\n\t\t","protected":false},"excerpt":{"rendered":"<p>\u041c\u043e\u043d\u0438\u0442\u043e\u0440 \u041d\u0430\u0434\u043e \u0441\u043e\u0435\u0434\u0438\u043d\u0438\u0442\u044c \u043f\u0440\u043e\u0435\u043a\u0442\u043e\u0440 \u0438 \u043d\u043e\u0443\u0442\u0431\u0443\u043a hdmi \u043a\u0430\u0431\u0435\u043b\u0435\u043c, \u043a\u0430\u043a\u0430\u044f \u0434\u043e\u043f\u0443\u0441\u0442\u0438\u043c\u0430\u044f \u0434\u043b\u0438\u043d\u0430? \u0411\u0443\u0434\u0435\u0442 \u043b\u0438 \u0443 \u043c\u0435\u043d\u044f \u0432\u0441\u0435 \u0440\u0430\u0431\u043e\u0442\u0430\u0442\u044c \u043d\u0430 \u0440\u0430\u0441\u0441\u0442\u043e\u044f\u043d\u0438\u0438 20 \u043c\u0435\u0442\u0440\u043e\u0432? itexpert \u2022 14.08.2024 \u2022 \u041c\u043e\u043d\u0438\u0442\u043e\u0440, \u041d\u043e\u0443\u0442\u0431\u0443\u043a \u2022 \u0411\u0435\u0437 \u043a\u043e\u043c\u043c\u0435\u043d\u0442\u0430\u0440\u0438\u0435\u0432 \u041d\u0430\u0434\u043e \u0441\u043e\u0435\u0434\u0438\u043d\u0438\u0442\u044c \u043f\u0440\u043e\u0435\u043a\u0442\u043e\u0440 \u0438 \u043d\u043e\u0443\u0442\u0431\u0443\u043a hdmi \u043a\u0430\u0431\u0435\u043b\u0435\u043c, \u043a\u0430\u043a\u0430\u044f \u0434\u043e\u043f\u0443\u0441\u0442\u0438\u043c\u0430\u044f \u0434\u043b\u0438\u043d\u0430? &hellip; <\/p>\n","protected":false},"author":1,"featured_media":0,"parent":2039,"menu_order":0,"comment_status":"closed","ping_status":"closed","template":"elementor_header_footer","meta":{"slim_seo":{"title":"\u041a\u0430\u043a \u0432\u044b\u0431\u0440\u0430\u0442\u044c \u0432\u0438\u0434\u0435\u043e\u043a\u0430\u0440\u0442\u0443 \u0432 \u043a\u043e\u043c\u043f\u044c\u044e\u0442\u0435\u0440? - ITexpert","description":"\u041a\u0430\u043a \u0432\u044b\u0431\u0440\u0430\u0442\u044c \u0432\u0438\u0434\u0435\u043e\u043a\u0430\u0440\u0442\u0443 \u0434\u043b\u044f \u043a\u043e\u043c\u043f\u044c\u044e\u0442\u0435\u0440\u0430? \u041a\u0440\u0430\u0442\u043a\u043e\u0435 \u043e\u043f\u0438\u0441\u0430\u043d\u0438\u0435: \u0423\u0437\u043d\u0430\u0439\u0442\u0435, \u043a\u0430\u043a \u043f\u0440\u0430\u0432\u0438\u043b\u044c\u043d\u043e \u0432\u044b\u0431\u0440\u0430\u0442\u044c \u0432\u0438\u0434\u0435\u043e\u043a\u0430\u0440\u0442\u0443 \u0434\u043b\u044f \u041f\u041a. \u0423\u0447\u0438\u0442\u044b\u0432\u0430\u0439\u0442\u0435 \u043f\u0440\u043e\u0438\u0437\u0432\u043e\u0434\u0438\u0442\u0435\u043b\u044c\u043d\u043e\u0441\u0442\u044c, \u043e\u0431\u044a\u0435\u043c VRAM, \u0441\u043e\u0432\u043c\u0435\u0441\u0442\u0438\u043c\u043e"},"footnotes":""},"class_list":["post-7847","page","type-page","status-publish","hentry"],"_links":{"self":[{"href":"https:\/\/itexpert.top\/ru\/wp-json\/wp\/v2\/pages\/7847","targetHints":{"allow":["GET"]}}],"collection":[{"href":"https:\/\/itexpert.top\/ru\/wp-json\/wp\/v2\/pages"}],"about":[{"href":"https:\/\/itexpert.top\/ru\/wp-json\/wp\/v2\/types\/page"}],"author":[{"embeddable":true,"href":"https:\/\/itexpert.top\/ru\/wp-json\/wp\/v2\/users\/1"}],"replies":[{"embeddable":true,"href":"https:\/\/itexpert.top\/ru\/wp-json\/wp\/v2\/comments?post=7847"}],"version-history":[{"count":4,"href":"https:\/\/itexpert.top\/ru\/wp-json\/wp\/v2\/pages\/7847\/revisions"}],"predecessor-version":[{"id":7851,"href":"https:\/\/itexpert.top\/ru\/wp-json\/wp\/v2\/pages\/7847\/revisions\/7851"}],"up":[{"embeddable":true,"href":"https:\/\/itexpert.top\/ru\/wp-json\/wp\/v2\/pages\/2039"}],"wp:attachment":[{"href":"https:\/\/itexpert.top\/ru\/wp-json\/wp\/v2\/media?parent=7847"}],"curies":[{"name":"wp","href":"https:\/\/api.w.org\/{rel}","templated":true}]}}